{"id":2075,"date":"2020-10-26T09:30:43","date_gmt":"2020-10-26T09:30:43","guid":{"rendered":"http:\/\/basurde.es\/?page_id=2075"},"modified":"2025-12-02T09:08:35","modified_gmt":"2025-12-02T09:08:35","slug":"politiques-de-protection-de-la-vie-privee","status":"publish","type":"page","link":"https:\/\/basurde.es\/fr\/politiques-de-protection-de-la-vie-privee\/","title":{"rendered":"POLITIQUES DE PROTECTION DE LA VIE PRIV\u00c9E"},"content":{"rendered":"\t\t<div data-elementor-type=\"wp-page\" data-elementor-id=\"2075\" class=\"elementor elementor-2075 elementor-2073\" data-elementor-post-type=\"page\">\n\t\t\t\t<div class=\"elementor-element elementor-element-e5461e0 e-flex e-con-boxed e-con e-parent\" data-id=\"e5461e0\" data-element_type=\"container\" data-settings=\"{&quot;background_background&quot;:&quot;classic&quot;}\">\n\t\t\t\t\t<div class=\"e-con-inner\">\n\t\t\t\t<div class=\"elementor-element elementor-element-10f32ab elementor-widget elementor-widget-heading\" data-id=\"10f32ab\" data-element_type=\"widget\" data-widget_type=\"heading.default\">\n\t\t\t\t\t<h1 class=\"elementor-heading-title elementor-size-default\">Cookies Politique<\/h1>\t\t\t\t<\/div>\n\t\t\t\t<div class=\"elementor-element elementor-element-ac58ecb elementor-widget elementor-widget-text-editor\" data-id=\"ac58ecb\" data-element_type=\"widget\" data-widget_type=\"text-editor.default\">\n\t\t\t\t\t\t\t\t\t<p>INFORMATIONS SUR L\u2019UTILISATEUR<br \/>Qui est responsable du traitement de vos donn\u00e9es personnelles?<\/p><p>GROUPE INTERHAM , S.L. est le RESPONSABLE du traitement des donn\u00e9es personnelles de l\u2019UTILISATEUR et vous informe que ces donn\u00e9es seront trait\u00e9es conform\u00e9ment aux dispositions du R\u00e8glement (UE) 2016\/679 du 27 avril (GDPR) et de la loi organique 3\/2018 du 5 d\u00e9cembre (LOPDGDD).<\/p><p>\u00c0 quoi servent vos donn\u00e9es personnelles?<\/p><p>Entretenir une relation d\u2019affaires avec l\u2019utilisateur. Les op\u00e9rations pr\u00e9vues pour effectuer le traitement sont les suivantes:<\/p><p>Transmission de communications commerciales publicitaires par courrier \u00e9lectronique, fax, SMS, MMS, r\u00e9seaux sociaux ou tout autre moyen \u00e9lectronique ou physique, pr\u00e9sent ou futur, qui permet de r\u00e9aliser des communications commerciales. Ces communications seront effectu\u00e9es par le RESPONSABLE et seront li\u00e9es \u00e0 ses produits et services, ou \u00e0 ceux de ses collaborateurs ou fournisseurs, avec lesquels il a conclu un accord de promotion. Dans ce cas, les tiers n\u2019auront jamais acc\u00e8s aux donn\u00e9es personnelles.<\/p><p>R\u00e9aliser des \u00e9tudes de march\u00e9 et des analyses statistiques.<\/p><p>Pour traiter les commandes, les demandes, r\u00e9pondre aux questions ou tout type de demande qui est faite par l\u2019UTILISATEUR \u00e0 travers l\u2019un des formulaires de contact qui sont mis \u00e0 disposition sur le site web du RESPONSABLE.<\/p><p>Pour envoyer le bulletin d\u2019information en ligne, sur les nouvelles, les offres et les promotions dans notre activit\u00e9.<\/p><p>Pourquoi pouvons-nous traiter vos donn\u00e9es personnelles?<\/p><p>Car le traitement est l\u00e9gitim\u00e9 par l\u2019article 6 du GDPR comme suit :<\/p><p>Avec l\u2019accord de l\u2019UTILISATEUR : remise des communications commerciales et de la lettre d\u2019information.<\/p><p>Pour l\u2019int\u00e9r\u00eat l\u00e9gitime du RESPONSABLE: pour effectuer des \u00e9tudes de march\u00e9, des analyses statistiques, etc. et pour traiter des commandes, des demandes, etc. \u00e0 la demande de l\u2019UTILISATEUR.<\/p><p>Combien de temps conserverons-nous vos donn\u00e9es personnelles ?<\/p><p>Elles seront conserv\u00e9es pendant une dur\u00e9e n\u2019exc\u00e9dant pas celle n\u00e9cessaire \u00e0 la r\u00e9alisation de la finalit\u00e9 du traitement ou bien des prescriptions l\u00e9gales en dictent la garde et lorsqu\u2019il n\u2019est plus n\u00e9cessaire de le faire, elles seront effac\u00e9es avec des mesures de s\u00e9curit\u00e9 appropri\u00e9es pour assurer l\u2019anonymat des donn\u00e9es ou leur destruction totale.<\/p><p>\u00c0 qui communiquons-nous vos donn\u00e9es personnelles ?<\/p><p>Aucune communication de donn\u00e9es personnelles \u00e0 des tiers n\u2019est pr\u00e9vue sauf, si cela s\u2019av\u00e8re n\u00e9cessaire pour le d\u00e9veloppement et l\u2019ex\u00e9cution des finalit\u00e9s du traitement, \u00e0 nos fournisseurs de services li\u00e9s aux communications, avec lesquels la RESPONSABILIT\u00c9 a sign\u00e9 les contrats de confidentialit\u00e9 et de traitement des donn\u00e9es exig\u00e9s par la r\u00e9glementation en vigueur en mati\u00e8re de protection de la vie priv\u00e9e.<\/p><p>Quels sont vos droits ?<\/p><p>Les droits qui aident l\u2019UTILISATEUR sont :<\/p><p>Le droit de retirer son consentement \u00e0 tout moment.<\/p><p>Droit d\u2019acc\u00e8s, de rectification, de portabilit\u00e9 et de suppression de vos donn\u00e9es, et de limiter ou de s\u2019opposer \u00e0 leur traitement.<\/p><p>Le droit de d\u00e9poser une plainte aupr\u00e8s de l\u2019autorit\u00e9 de contr\u00f4le (www.aepd.es) si vous estimez que le traitement n\u2019est pas conforme \u00e0 la r\u00e9glementation en vigueur.<\/p><p>Coordonn\u00e9es pour exercer vos droits:<\/p><p>GROUPE INTERHAM , S.L. C\/ Paduleta, 19 \u2013 01015 Vitoria-Gasteiz (\u00c1lava).<\/p><p>Courrier \u00e9lectronique: <a href=\"mailto:administracion@interham.es\">administracion@interham.es<\/a><\/p><p>LE CARACT\u00c8RE OBLIGATOIRE OU FACULTATIF DES INFORMATIONS FOURNIES PAR L\u2019UTILISATEUR<br \/>Les UTILISATEURS, en cochant les cases correspondantes et en saisissant les donn\u00e9es dans les champs, marqu\u00e9s d\u2019un ast\u00e9risque (*) dans le formulaire de contact ou pr\u00e9sent\u00e9s dans les formulaires de t\u00e9l\u00e9chargement, acceptent express\u00e9ment et librement et sans \u00e9quivoque, que leurs donn\u00e9es sont n\u00e9cessaires pour r\u00e9pondre \u00e0 leur demande, par le fournisseur, \u00e9tant volontaire l\u2019inclusion des donn\u00e9es dans les champs restants. L\u2019UTILISATEUR garantit que les donn\u00e9es personnelles fournies au RESPONSABLE sont exactes et est responsable de la communication de toute modification de celles-ci.<\/p><p>Le GESTIONNAIRE DE LA RESPONSABILIT\u00c9 informe que toutes les donn\u00e9es demand\u00e9es par le biais du site web sont obligatoires, car elles sont n\u00e9cessaires pour fournir un service optimal \u00e0 l\u2019UTILISATEUR. Si toutes les donn\u00e9es ne sont pas fournies, il n\u2019est pas garanti que les informations et les services fournis seront enti\u00e8rement adapt\u00e9s \u00e0 vos besoins.<\/p><p>LES MESURES DE S\u00c9CURIT\u00c9<br \/>Que, conform\u00e9ment aux dispositions de la r\u00e9glementation en vigueur sur la protection des donn\u00e9es personnelles, la PERSONNE EN CHARGE respecte toutes les dispositions des r\u00e8glements de la GDPR et de la LOPDGDD pour le traitement des donn\u00e9es personnelles dont elle est responsable, et clairement les principes d\u00e9crits \u00e0 l\u2019article 5 de la GDPR, selon lesquels elles sont trait\u00e9es de mani\u00e8re licite, loyale et transparente \u00e0 l\u2019\u00e9gard de la personne concern\u00e9e et de mani\u00e8re appropri\u00e9e, pertinente et limit\u00e9e \u00e0 ce qui est n\u00e9cessaire par rapport aux finalit\u00e9s pour lesquelles elles sont trait\u00e9es.<\/p><p>La personne RESPONSABLE garantit qu\u2019elle a mis en \u0153uvre les politiques techniques et organisationnelles appropri\u00e9es pour appliquer les mesures de s\u00e9curit\u00e9 \u00e9tablies par la GDPR et la LOPDGDD afin de prot\u00e9ger les droits et libert\u00e9s des UTILISATEURS et qu\u2019elle leur a communiqu\u00e9 les informations appropri\u00e9es pour qu\u2019ils puissent les exercer.<\/p><p>Pour plus d\u2019informations sur les garanties de confidentialit\u00e9, vous pouvez contacter la partie RESPONSABLE GROUPE INTERHAM , S.L.. C\/ Paduleta, 19 \u2013 01015 Vitoria-Gasteiz (\u00c1lava).<\/p><p>Courrier \u00e9lectronique: <a href=\"mailto:administracion@interham.es\">administracion@interham.es<\/a><\/p>\t\t\t\t\t\t\t\t<\/div>\n\t\t\t\t\t<\/div>\n\t\t\t\t<\/div>\n\t\t\t\t<\/div>\n\t\t","protected":false},"excerpt":{"rendered":"<p>Cookies Politique INFORMATIONS SUR L\u2019UTILISATEURQui est responsable du traitement de vos donn\u00e9es personnelles? GROUPE INTERHAM , S.L. est le RESPONSABLE du traitement des donn\u00e9es personnelles de l\u2019UTILISATEUR et vous informe que ces donn\u00e9es seront trait\u00e9es conform\u00e9ment aux dispositions du R\u00e8glement (UE) 2016\/679 du 27 avril (GDPR) et de la loi organique 3\/2018 du 5 d\u00e9cembre [&hellip;]<\/p>\n","protected":false},"author":1,"featured_media":0,"parent":0,"menu_order":0,"comment_status":"closed","ping_status":"closed","template":"","meta":{"footnotes":""},"class_list":["post-2075","page","type-page","status-publish","hentry"],"_links":{"self":[{"href":"https:\/\/basurde.es\/fr\/wp-json\/wp\/v2\/pages\/2075","targetHints":{"allow":["GET"]}}],"collection":[{"href":"https:\/\/basurde.es\/fr\/wp-json\/wp\/v2\/pages"}],"about":[{"href":"https:\/\/basurde.es\/fr\/wp-json\/wp\/v2\/types\/page"}],"author":[{"embeddable":true,"href":"https:\/\/basurde.es\/fr\/wp-json\/wp\/v2\/users\/1"}],"replies":[{"embeddable":true,"href":"https:\/\/basurde.es\/fr\/wp-json\/wp\/v2\/comments?post=2075"}],"version-history":[{"count":12,"href":"https:\/\/basurde.es\/fr\/wp-json\/wp\/v2\/pages\/2075\/revisions"}],"predecessor-version":[{"id":41570,"href":"https:\/\/basurde.es\/fr\/wp-json\/wp\/v2\/pages\/2075\/revisions\/41570"}],"wp:attachment":[{"href":"https:\/\/basurde.es\/fr\/wp-json\/wp\/v2\/media?parent=2075"}],"curies":[{"name":"wp","href":"https:\/\/api.w.org\/{rel}","templated":true}]}}