{"id":1587,"date":"2017-03-16T09:07:12","date_gmt":"2017-03-16T09:07:12","guid":{"rendered":"http:\/\/basurde.es\/politica-de-cookies\/"},"modified":"2017-04-08T17:41:00","modified_gmt":"2017-04-08T17:41:00","slug":"cookies-politique","status":"publish","type":"page","link":"https:\/\/basurde.es\/fr\/cookies-politique\/","title":{"rendered":"Cookies Politique"},"content":{"rendered":"<p>[vc_row css=\u00a0\u00bb.vc_custom_1489489027956{padding-top: 100px !important;padding-right: 0px !important;padding-bottom: 0px !important;padding-left: 0px !important;}\u00a0\u00bb][vc_column][mk_fancy_title size=\u00a0\u00bb45&Prime; line_height=\u00a0\u00bb58&Prime; color=\u00a0\u00bb#bb964a\u00a0\u00bb font_family=\u00a0\u00bbnone\u00a0\u00bb responsive_align=\u00a0\u00bbleft\u00a0\u00bb]Cookies Politique[\/mk_fancy_title][\/vc_column][\/vc_row][vc_row css=\u00a0\u00bb.vc_custom_1489489012610{padding-top: 100px !important;padding-right: 0px !important;padding-bottom: 150px !important;padding-left: 0px !important;}\u00a0\u00bb][vc_column][vc_column_text responsive_align=\u00a0\u00bbleft\u00a0\u00bb]Le cookie est un fichier qui est t\u00e9l\u00e9charg\u00e9 sur votre ordinateur pour acc\u00e9der \u00e0 certaines pages Web. Les cookies permettent un site Web, entre autres, de stocker et de r\u00e9cup\u00e9rer des informations sur les habitudes de navigation d&rsquo;un utilisateur ou votre ordinateur, en fonction des informations qu&rsquo;ils contiennent et la fa\u00e7on dont vous utilisez votre ordinateur, peut \u00eatre utilis\u00e9 pour reconna\u00eetre l&rsquo;utilisateur .. le navigateur de l&rsquo;utilisateur stocke les cookies sur le disque dur que pendant la session en cours occupant un minimum d&rsquo;espace m\u00e9moire et ne pas nuire \u00e0 l&rsquo;ordinateur. Les cookies ne contiennent pas de renseignements personnels, et la plupart d&rsquo;entre eux sont supprim\u00e9s du disque dur \u00e0 la fin de la session du navigateur.<\/p>\n<p>La plupart des navigateurs acceptent les cookies en standard et, ind\u00e9pendamment de celle-ci, permettre ou emp\u00eacher les param\u00e8tres de s\u00e9curit\u00e9 dans les cookies temporaires ou stock\u00e9s.<\/p>\n<p>Sans votre consentement expr\u00e8s par l&rsquo;activation des cookies dans votre navigateur www.basurde.es pas de lien dans les cookies stock\u00e9s des donn\u00e9es avec des donn\u00e9es personnelles fournies au moment de l&rsquo;inscription ou l&rsquo;achat.<\/p>\n<p>Quels types de cookies utilis\u00e9s sur ce site?<\/p>\n<p>&#8211; Cookies techniques: sont ceux qui permettent \u00e0 l&rsquo;utilisateur de naviguer sur un site Web, la plate-forme ou de l&rsquo;application et l&rsquo;utilisation des diff\u00e9rentes options ou services qu&rsquo;il existe, par exemple, le trafic de contr\u00f4le et de communication de donn\u00e9es, identifier la session, les parties d&rsquo;acc\u00e8s d&rsquo;acc\u00e8s restreint, rappelez-vous les \u00e9l\u00e9ments d&rsquo;un ordre, rendre le processus d&rsquo;achat un ordre, faire la demande d&rsquo;inscription ou de participation \u00e0 un \u00e9v\u00e9nement, utilisez les fonctions de s\u00e9curit\u00e9 lors de la navigation de contenu magasin pour diffuser de la vid\u00e9o ou du son ou partager du contenu via les r\u00e9seaux sociaux.<\/p>\n<p>&#8211; Cookies Personnalisation: ceux qui permettent \u00e0 l&rsquo;utilisateur d&rsquo;acc\u00e9der au service avec certaines caract\u00e9ristiques d&rsquo;ordre g\u00e9n\u00e9ral pr\u00e9d\u00e9fini en fonction d&rsquo;un certain nombre de crit\u00e8res dans le terminal utilisateur comme ce serait la langue, le type de navigateur par lequel l&rsquo;acc\u00e8s \u00e0 service, le lieu \u00e0 partir duquel vous acc\u00e9dez au service, etc.<\/p>\n<p>&#8211; analyse Cookies: ceux qui bien trait\u00e9s par nous ou par des tiers, permettent de quantifier le nombre d&rsquo;utilisateurs et de r\u00e9aliser la mesure et l&rsquo;analyse statistique de l&rsquo;utilisation faite par les utilisateurs du service offert. Pour faire votre navigation discut\u00e9 dans notre site Web afin d&rsquo;am\u00e9liorer l&rsquo;offre de produits ou de services que nous offrons.<\/p>\n<p>&#8211; Publicit\u00e9 Cookies: Ce sont bien trait\u00e9s par nous ou par des tiers, nous permettent de g\u00e9rer le plus efficacement possible la fourniture d&rsquo;espaces publicitaires dans le site, adapter le contenu publicitaire au contenu du service demand\u00e9 ou fait usage de notre site Web. Pour cela, nous analysons leurs habitudes de navigation sur Internet et nous pouvons montrer li\u00e9s \u00e0 la publicit\u00e9 de votre navigation sur le profil.<\/p>\n<p>&#8211; Les cookies de publicit\u00e9 comportementale: ceux qui permettent la gestion, la fa\u00e7on la plus efficace des espaces publicitaires, le cas \u00e9ch\u00e9ant, l&rsquo;\u00e9diteur a inclus sur un site Web, l&rsquo;application ou la plate-forme de fournir le service demand\u00e9. Ces cookies comportement des utilisateurs de stocker des informations obtenues gr\u00e2ce \u00e0 la poursuite en observant leurs habitudes de navigation, ce qui permet de d\u00e9velopper un profil sp\u00e9cifique pour afficher des annonces bas\u00e9es sur les m\u00eames.<\/p>\n<p>Cookies tiers: Le Web www.basurde.es peut utiliser des services tiers au nom de Interham SL, compiler des informations \u00e0 des fins statistiques, utilisez le site par l&rsquo;utilisateur et pour fournir d&rsquo;autres activit\u00e9s de services connexes site Web et d&rsquo;autres services Internet.<\/p>\n<p>En particulier, ce site utilise Google Analytics, un service d&rsquo;analyse de site internet fourni par Google, Inc. domicili\u00e9s aux \u00c9tats-Unis dont le si\u00e8ge est au 1600 Amphitheatre Parkway, Mountain View, Californie 94043. Pour fournir ces services, ils utilisent les cookies qui recueillent des informations, y compris l&rsquo;adresse IP de l&rsquo;utilisateur, qui sera transmis, trait\u00e9es et stock\u00e9es par Google sur les termes d\u00e9finis dans le web Google.com. Y compris la transmission \u00e9ventuelle de ces informations \u00e0 des tiers pour des raisons de prescription l\u00e9gale ou lorsque ces tiers traitent les informations au nom de Google.<\/p>\n<p>Vous acceptez express\u00e9ment, en utilisant ce site, le traitement des informations obtenues de la mani\u00e8re et aux fins ci-dessus. Et il reconna\u00eet son potentiel de refuser un traitement de ces donn\u00e9es ou informations rejetant l&rsquo;utilisation de cookies en s\u00e9lectionnant les param\u00e8tres appropri\u00e9s \u00e0 cet effet dans le navigateur. Bien que cette option de bloquer les cookies sur votre navigateur ne peut pas permettre d&rsquo;exploiter pleinement toutes les fonctionnalit\u00e9s du site Web.<\/p>\n<p>Pouvez-vous autoriser, bloquer ou supprimer les cookies install\u00e9s sur votre ordinateur en configurant options de votre navigateur install\u00e9 sur votre ordinateur:<\/p>\n<ul>\n<li><a href=\"http:\/\/support.google.com\/chrome\/bin\/answer.py?hl=es&amp;answer=95647\" target=\"_blank\">Chrome<\/a><\/li>\n<li><a href=\"http:\/\/windows.microsoft.com\/es-es\/windows7\/how-to-manage-cookies-in-internet-explorer-9\" target=\"_blank\">Explorer<\/a><\/li>\n<li><a href=\"http:\/\/support.mozilla.org\/es\/kb\/habilitar-y-deshabilitar-cookies-que-los-sitios-we\" target=\"_blank\">Firefox<\/a><\/li>\n<li><a href=\"http:\/\/support.apple.com\/kb\/ph5042\" target=\"_blank\">Safari<\/a><\/li>\n<\/ul>\n<p>Si vous avez des questions au sujet de cette politique de cookies, vous pouvez nous contacter \u00e0 <a href=\"mailto:interham@interham.es\">interham@interham.es<\/a>[\/vc_column_text][\/vc_column][\/vc_row]<\/p>\n","protected":false},"excerpt":{"rendered":"<p>[vc_row css=\u00a0\u00bb.vc_custom_1489489027956{padding-top: 100px !important;padding-right: 0px !important;padding-bottom: 0px !important;padding-left: 0px !important;}\u00a0\u00bb][vc_column][mk_fancy_title size=\u00a0\u00bb45&Prime; line_height=\u00a0\u00bb58&Prime; color=\u00a0\u00bb#bb964a\u00a0\u00bb font_family=\u00a0\u00bbnone\u00a0\u00bb responsive_align=\u00a0\u00bbleft\u00a0\u00bb]Cookies Politique[\/mk_fancy_title][\/vc_column][\/vc_row][vc_row css=\u00a0\u00bb.vc_custom_1489489012610{padding-top: 100px !important;padding-right: 0px !important;padding-bottom: 150px !important;padding-left: 0px !important;}\u00a0\u00bb][vc_column][vc_column_text responsive_align=\u00a0\u00bbleft\u00a0\u00bb]Le cookie est un fichier qui est t\u00e9l\u00e9charg\u00e9 sur votre ordinateur pour acc\u00e9der \u00e0 certaines pages Web. Les cookies permettent un site Web, entre autres, de stocker et de r\u00e9cup\u00e9rer [&hellip;]<\/p>\n","protected":false},"author":1,"featured_media":0,"parent":0,"menu_order":0,"comment_status":"closed","ping_status":"closed","template":"","meta":{"footnotes":""},"class_list":["post-1587","page","type-page","status-publish","hentry"],"_links":{"self":[{"href":"https:\/\/basurde.es\/fr\/wp-json\/wp\/v2\/pages\/1587","targetHints":{"allow":["GET"]}}],"collection":[{"href":"https:\/\/basurde.es\/fr\/wp-json\/wp\/v2\/pages"}],"about":[{"href":"https:\/\/basurde.es\/fr\/wp-json\/wp\/v2\/types\/page"}],"author":[{"embeddable":true,"href":"https:\/\/basurde.es\/fr\/wp-json\/wp\/v2\/users\/1"}],"replies":[{"embeddable":true,"href":"https:\/\/basurde.es\/fr\/wp-json\/wp\/v2\/comments?post=1587"}],"version-history":[{"count":2,"href":"https:\/\/basurde.es\/fr\/wp-json\/wp\/v2\/pages\/1587\/revisions"}],"predecessor-version":[{"id":1591,"href":"https:\/\/basurde.es\/fr\/wp-json\/wp\/v2\/pages\/1587\/revisions\/1591"}],"wp:attachment":[{"href":"https:\/\/basurde.es\/fr\/wp-json\/wp\/v2\/media?parent=1587"}],"curies":[{"name":"wp","href":"https:\/\/api.w.org\/{rel}","templated":true}]}}