{"id":1574,"date":"2017-03-09T15:43:23","date_gmt":"2017-03-09T15:43:23","guid":{"rendered":"http:\/\/basurde.es\/epaule\/paleta-duroc-con-pata\/"},"modified":"2025-11-19T09:58:35","modified_gmt":"2025-11-19T09:58:35","slug":"epaule-duroc","status":"publish","type":"page","link":"https:\/\/basurde.es\/fr\/epaule\/epaule-duroc\/","title":{"rendered":"\u00c9paule Duroc avec Patte"},"content":{"rendered":"\t\t<div data-elementor-type=\"wp-page\" data-elementor-id=\"1574\" class=\"elementor elementor-1574 elementor-891\" data-elementor-post-type=\"page\">\n\t\t\t\t<div class=\"elementor-element elementor-element-21df723 e-grid e-con-boxed e-con e-parent\" data-id=\"21df723\" data-element_type=\"container\" data-settings=\"{&quot;background_background&quot;:&quot;classic&quot;}\">\n\t\t\t\t\t<div class=\"e-con-inner\">\n\t\t\t\t<div class=\"elementor-element elementor-element-dbebbf0 elementor-widget elementor-widget-image\" data-id=\"dbebbf0\" data-element_type=\"widget\" data-widget_type=\"image.default\">\n\t\t\t\t\t\t\t\t\t\t\t\t\t\t\t<img decoding=\"async\" src=\"https:\/\/basurde.es\/wp-content\/uploads\/2017\/03\/paleta-duroc-1.png\" title=\"Paleta Duroc con Pata\" alt=\"Paleta Duroc con Pata\" loading=\"lazy\" \/>\t\t\t\t\t\t\t\t\t\t\t\t\t\t\t<\/div>\n\t\t<div class=\"elementor-element elementor-element-fbc40e0 e-con-full e-flex e-con e-child\" data-id=\"fbc40e0\" data-element_type=\"container\">\n\t\t\t\t<div class=\"elementor-element elementor-element-fabe11b elementor-widget elementor-widget-heading\" data-id=\"fabe11b\" data-element_type=\"widget\" data-widget_type=\"heading.default\">\n\t\t\t\t\t<h1 class=\"elementor-heading-title elementor-size-default\">\u00c9paule Duroc avec Patte<\/h1>\t\t\t\t<\/div>\n\t\t\t\t<div class=\"elementor-element elementor-element-68749ed elementor-widget elementor-widget-text-editor\" data-id=\"68749ed\" data-element_type=\"widget\" data-widget_type=\"text-editor.default\">\n\t\t\t\t\t\t\t\t\t<p class=\"p1\"><span class=\"s1\">\u00c9paule s\u00e9ch\u00e9e avec patte, 50% race Duroc garantie.<\/span><\/p><p class=\"p1\"><span class=\"s1\">Produit obtenu de la salaison, du s\u00e9chage et de la maturation des membres ant\u00e9rieurs du porc.<\/span><\/p><p class=\"p1\"><span class=\"s1\">12 mois de s\u00e9chage minimums.<\/span><\/p><p class=\"p1\"><span class=\"s1\">Ce produit, sans patte, est \u00e9galement disponible dans diff\u00e9rents types de d\u00e9sossage suivant les pr\u00e9f\u00e9rences du client\u00a0:<\/span><\/p>\t\t\t\t\t\t\t\t<\/div>\n\t\t\t\t<div class=\"elementor-element elementor-element-c009a2a elementor-widget elementor-widget-n-accordion\" data-id=\"c009a2a\" data-element_type=\"widget\" data-settings=\"{&quot;default_state&quot;:&quot;expanded&quot;,&quot;max_items_expended&quot;:&quot;one&quot;,&quot;n_accordion_animation_duration&quot;:{&quot;unit&quot;:&quot;ms&quot;,&quot;size&quot;:400,&quot;sizes&quot;:[]}}\" data-widget_type=\"nested-accordion.default\">\n\t\t\t\t\t\t\t<div class=\"e-n-accordion\" aria-label=\"Accordion. Open links with Enter or Space, close with Escape, and navigate with Arrow Keys\">\n\t\t\t\t\t\t<details id=\"e-n-accordion-item-2010\" class=\"e-n-accordion-item\" open>\n\t\t\t\t<summary class=\"e-n-accordion-item-title\" data-accordion-index=\"1\" tabindex=\"0\" aria-expanded=\"true\" aria-controls=\"e-n-accordion-item-2010\" >\n\t\t\t\t\t<span class='e-n-accordion-item-title-header'><h2 class=\"e-n-accordion-item-title-text\"> \u00c9PAULE DUROC D\u00c9SOSS\u00c9E ET COUP\u00c9E EN V <\/h2><\/span>\n\t\t\t\t\t\t\t<span class='e-n-accordion-item-title-icon'>\n\t\t\t<span class='e-opened' ><i aria-hidden=\"true\" class=\"icon icon-chevron-up\"><\/i><\/span>\n\t\t\t<span class='e-closed'><i aria-hidden=\"true\" class=\"icon icon-chevron-down\"><\/i><\/span>\n\t\t<\/span>\n\n\t\t\t\t\t\t<\/summary>\n\t\t\t\t<div role=\"region\" aria-labelledby=\"e-n-accordion-item-2010\" class=\"elementor-element elementor-element-365ce73 e-con-full e-flex e-con e-child\" data-id=\"365ce73\" data-element_type=\"container\">\n\t\t\t\t<div class=\"elementor-element elementor-element-ff15e61 elementor-position-left elementor-vertical-align-middle elementor-widget elementor-widget-image-box\" data-id=\"ff15e61\" data-element_type=\"widget\" data-widget_type=\"image-box.default\">\n\t\t\t\t\t<div class=\"elementor-image-box-wrapper\"><figure class=\"elementor-image-box-img\"><img fetchpriority=\"high\" decoding=\"async\" width=\"1000\" height=\"1150\" src=\"https:\/\/basurde.es\/wp-content\/uploads\/2017\/03\/paleta-duroc-biselada.png\" class=\"attachment-full size-full wp-image-1828\" alt=\"Paleta de Cerdo DUROC\" srcset=\"https:\/\/basurde.es\/wp-content\/uploads\/2017\/03\/paleta-duroc-biselada.png 1000w, https:\/\/basurde.es\/wp-content\/uploads\/2017\/03\/paleta-duroc-biselada-261x300.png 261w, https:\/\/basurde.es\/wp-content\/uploads\/2017\/03\/paleta-duroc-biselada-768x883.png 768w, https:\/\/basurde.es\/wp-content\/uploads\/2017\/03\/paleta-duroc-biselada-890x1024.png 890w\" sizes=\"(max-width: 1000px) 100vw, 1000px\" \/><\/figure><div class=\"elementor-image-box-content\"><p class=\"elementor-image-box-description\">\u00c9paule Duroc d\u00e9soss\u00e9e, avec une incision en V sur la partie de la peau.<\/p><\/div><\/div>\t\t\t\t<\/div>\n\t\t\t\t<\/div>\n\t\t\t\t\t<\/details>\n\t\t\t\t\t\t<details id=\"e-n-accordion-item-2011\" class=\"e-n-accordion-item\" >\n\t\t\t\t<summary class=\"e-n-accordion-item-title\" data-accordion-index=\"2\" tabindex=\"-1\" aria-expanded=\"false\" aria-controls=\"e-n-accordion-item-2011\" >\n\t\t\t\t\t<span class='e-n-accordion-item-title-header'><h2 class=\"e-n-accordion-item-title-text\"> \u00c9PAULE DUROC D\u00c9SOSS\u00c9E, ENTI\u00c8REMENT D\u00c9COUENN\u00c9E ET POLIE <\/h2><\/span>\n\t\t\t\t\t\t\t<span class='e-n-accordion-item-title-icon'>\n\t\t\t<span class='e-opened' ><i aria-hidden=\"true\" class=\"icon icon-chevron-up\"><\/i><\/span>\n\t\t\t<span class='e-closed'><i aria-hidden=\"true\" class=\"icon icon-chevron-down\"><\/i><\/span>\n\t\t<\/span>\n\n\t\t\t\t\t\t<\/summary>\n\t\t\t\t<div role=\"region\" aria-labelledby=\"e-n-accordion-item-2011\" class=\"elementor-element elementor-element-308b23f e-con-full e-flex e-con e-child\" data-id=\"308b23f\" data-element_type=\"container\">\n\t\t\t\t<div class=\"elementor-element elementor-element-da7fd02 elementor-position-left elementor-vertical-align-middle elementor-widget elementor-widget-image-box\" data-id=\"da7fd02\" data-element_type=\"widget\" data-widget_type=\"image-box.default\">\n\t\t\t\t\t<div class=\"elementor-image-box-wrapper\"><figure class=\"elementor-image-box-img\"><img decoding=\"async\" width=\"1000\" height=\"1150\" src=\"https:\/\/basurde.es\/wp-content\/uploads\/2017\/03\/paleta-duroc-puntomaquina.png\" class=\"attachment-full size-full wp-image-1830\" alt=\"Paleta de Cerdo DUROC\" srcset=\"https:\/\/basurde.es\/wp-content\/uploads\/2017\/03\/paleta-duroc-puntomaquina.png 1000w, https:\/\/basurde.es\/wp-content\/uploads\/2017\/03\/paleta-duroc-puntomaquina-261x300.png 261w, https:\/\/basurde.es\/wp-content\/uploads\/2017\/03\/paleta-duroc-puntomaquina-768x883.png 768w, https:\/\/basurde.es\/wp-content\/uploads\/2017\/03\/paleta-duroc-puntomaquina-890x1024.png 890w\" sizes=\"(max-width: 1000px) 100vw, 1000px\" \/><\/figure><div class=\"elementor-image-box-content\"><p class=\"elementor-image-box-description\">\u00c9paule Duroc d\u00e9soss\u00e9e, d\u00e9couenn\u00e9e des deux c\u00f4t\u00e9s.<\/p><\/div><\/div>\t\t\t\t<\/div>\n\t\t\t\t<\/div>\n\t\t\t\t\t<\/details>\n\t\t\t\t\t<\/div>\n\t\t\t\t\t\t<\/div>\n\t\t\t\t<\/div>\n\t\t\t\t\t<\/div>\n\t\t\t\t<\/div>\n\t\t\t\t<\/div>\n\t\t","protected":false},"excerpt":{"rendered":"<p>\u00c9paule Duroc avec Patte \u00c9paule s\u00e9ch\u00e9e avec patte, 50% race Duroc garantie. Produit obtenu de la salaison, du s\u00e9chage et de la maturation des membres ant\u00e9rieurs du porc. 12 mois de s\u00e9chage minimums. Ce produit, sans patte, est \u00e9galement disponible dans diff\u00e9rents types de d\u00e9sossage suivant les pr\u00e9f\u00e9rences du client\u00a0: \u00c9PAULE DUROC D\u00c9SOSS\u00c9E ET COUP\u00c9E [&hellip;]<\/p>\n","protected":false},"author":1,"featured_media":0,"parent":1528,"menu_order":0,"comment_status":"closed","ping_status":"closed","template":"","meta":{"footnotes":""},"class_list":["post-1574","page","type-page","status-publish","hentry"],"_links":{"self":[{"href":"https:\/\/basurde.es\/fr\/wp-json\/wp\/v2\/pages\/1574","targetHints":{"allow":["GET"]}}],"collection":[{"href":"https:\/\/basurde.es\/fr\/wp-json\/wp\/v2\/pages"}],"about":[{"href":"https:\/\/basurde.es\/fr\/wp-json\/wp\/v2\/types\/page"}],"author":[{"embeddable":true,"href":"https:\/\/basurde.es\/fr\/wp-json\/wp\/v2\/users\/1"}],"replies":[{"embeddable":true,"href":"https:\/\/basurde.es\/fr\/wp-json\/wp\/v2\/comments?post=1574"}],"version-history":[{"count":4,"href":"https:\/\/basurde.es\/fr\/wp-json\/wp\/v2\/pages\/1574\/revisions"}],"predecessor-version":[{"id":41192,"href":"https:\/\/basurde.es\/fr\/wp-json\/wp\/v2\/pages\/1574\/revisions\/41192"}],"up":[{"embeddable":true,"href":"https:\/\/basurde.es\/fr\/wp-json\/wp\/v2\/pages\/1528"}],"wp:attachment":[{"href":"https:\/\/basurde.es\/fr\/wp-json\/wp\/v2\/media?parent=1574"}],"curies":[{"name":"wp","href":"https:\/\/api.w.org\/{rel}","templated":true}]}}