{"id":1562,"date":"2017-03-09T16:01:54","date_gmt":"2017-03-09T16:01:54","guid":{"rendered":"http:\/\/basurde.es\/epaule\/paleta-de-bellota-iberica-50-raza-iberica\/"},"modified":"2025-11-19T10:59:45","modified_gmt":"2025-11-19T10:59:45","slug":"epaule-iberique-bellota","status":"publish","type":"page","link":"https:\/\/basurde.es\/fr\/epaule\/epaule-iberique-bellota\/","title":{"rendered":"\u00c9paule Ib\u00e9rique Bellota"},"content":{"rendered":"\t\t<div data-elementor-type=\"wp-page\" data-elementor-id=\"1562\" class=\"elementor elementor-1562 elementor-901\" data-elementor-post-type=\"page\">\n\t\t\t\t<div class=\"elementor-element elementor-element-6486b95 e-grid e-con-boxed e-con e-parent\" data-id=\"6486b95\" data-element_type=\"container\" data-settings=\"{&quot;background_background&quot;:&quot;classic&quot;}\">\n\t\t\t\t\t<div class=\"e-con-inner\">\n\t\t\t\t<div class=\"elementor-element elementor-element-b929eb9 elementor-widget elementor-widget-image\" data-id=\"b929eb9\" data-element_type=\"widget\" data-widget_type=\"image.default\">\n\t\t\t\t\t\t\t\t\t\t\t\t\t\t\t<img decoding=\"async\" src=\"https:\/\/basurde.es\/wp-content\/uploads\/2017\/03\/paleta-cebo-campo-iberica-1.png\" title=\"Paleta de cebo Ib\u00e9rica\" alt=\"Paleta de cebo Ib\u00e9rica\" loading=\"lazy\" \/>\t\t\t\t\t\t\t\t\t\t\t\t\t\t\t<\/div>\n\t\t<div class=\"elementor-element elementor-element-c381363 e-con-full e-flex e-con e-child\" data-id=\"c381363\" data-element_type=\"container\">\n\t\t\t\t<div class=\"elementor-element elementor-element-e671413 elementor-widget elementor-widget-heading\" data-id=\"e671413\" data-element_type=\"widget\" data-widget_type=\"heading.default\">\n\t\t\t\t\t<h1 class=\"elementor-heading-title elementor-size-default\">\u00c9paule Ib\u00e9rique Bellota (porc nourri au gland) \u2013 50% Race Ib\u00e9rique<\/h1>\t\t\t\t<\/div>\n\t\t\t\t<div class=\"elementor-element elementor-element-a6cd170 elementor-widget elementor-widget-text-editor\" data-id=\"a6cd170\" data-element_type=\"widget\" data-widget_type=\"text-editor.default\">\n\t\t\t\t\t\t\t\t\t<p>\u00c9paule ib\u00e9rique \u00ab Bellota \u00bb avec patte et coupe en V sur la peau, 50% race ib\u00e9rique.<\/p><p>Produit certifi\u00e9 par la norme relative aux produits ib\u00e9riques, suivant <a href=\"https:\/\/dev.basurde.es\/fr\/certifications\/\">D\u00e9cret Royal 04\/2014<\/a> du 10 janvier, qui approuve la norme de qualit\u00e9 pour la viande, le jambon, l\u2019\u00e9paule et l\u2019\u00e9chine de porc ib\u00e9rique.<\/p><p>L\u2019\u00e9paule de porc ib\u00e9rique nourri au gland, dit \u00ab Bellota \u00bb, est un produit \u00e9labor\u00e9 avec les membres ant\u00e9rieurs du porc ib\u00e9rique, soumis \u00e0 l\u2019action du sel puis \u00e0 un processus de s\u00e9chage et de maturation qui leur conf\u00e8re des propri\u00e9t\u00e9s organoleptiques sp\u00e9ciales.<\/p><p>12 mois de s\u00e9chage minimum garantis.<\/p><p>Poids minimum 4 kilos garanti.<\/p><p>Ce produit avec patte est aussi disponible:<\/p>\t\t\t\t\t\t\t\t<\/div>\n\t\t\t\t<div class=\"elementor-element elementor-element-86ff158 elementor-widget elementor-widget-n-accordion\" data-id=\"86ff158\" data-element_type=\"widget\" data-settings=\"{&quot;default_state&quot;:&quot;expanded&quot;,&quot;max_items_expended&quot;:&quot;one&quot;,&quot;n_accordion_animation_duration&quot;:{&quot;unit&quot;:&quot;ms&quot;,&quot;size&quot;:400,&quot;sizes&quot;:[]}}\" data-widget_type=\"nested-accordion.default\">\n\t\t\t\t\t\t\t<div class=\"e-n-accordion\" aria-label=\"Accordion. Open links with Enter or Space, close with Escape, and navigate with Arrow Keys\">\n\t\t\t\t\t\t<details id=\"e-n-accordion-item-1410\" class=\"e-n-accordion-item\" open>\n\t\t\t\t<summary class=\"e-n-accordion-item-title\" data-accordion-index=\"1\" tabindex=\"0\" aria-expanded=\"true\" aria-controls=\"e-n-accordion-item-1410\" >\n\t\t\t\t\t<span class='e-n-accordion-item-title-header'><h2 class=\"e-n-accordion-item-title-text\"> \u00c9PAULE IB\u00c9RIQUE \u00ab BELLOTA \u00bb (porc nourri au gland) - 50% RACE IB\u00c9RIQUE D\u00c9SOSS\u00c9E, ENTI\u00c8REMENT D\u00c9COUENN\u00c9E ET POLIE <\/h2><\/span>\n\t\t\t\t\t\t\t<span class='e-n-accordion-item-title-icon'>\n\t\t\t<span class='e-opened' ><i aria-hidden=\"true\" class=\"icon icon-chevron-up\"><\/i><\/span>\n\t\t\t<span class='e-closed'><i aria-hidden=\"true\" class=\"icon icon-chevron-down\"><\/i><\/span>\n\t\t<\/span>\n\n\t\t\t\t\t\t<\/summary>\n\t\t\t\t<div role=\"region\" aria-labelledby=\"e-n-accordion-item-1410\" class=\"elementor-element elementor-element-ebf6cd9 e-con-full e-flex e-con e-child\" data-id=\"ebf6cd9\" data-element_type=\"container\">\n\t\t\t\t<div class=\"elementor-element elementor-element-36c2a2b elementor-position-left elementor-vertical-align-middle elementor-widget elementor-widget-image-box\" data-id=\"36c2a2b\" data-element_type=\"widget\" data-widget_type=\"image-box.default\">\n\t\t\t\t\t<div class=\"elementor-image-box-wrapper\"><figure class=\"elementor-image-box-img\"><img fetchpriority=\"high\" decoding=\"async\" width=\"1000\" height=\"1150\" src=\"https:\/\/basurde.es\/wp-content\/uploads\/2017\/03\/paleta-cebo-puntomaquina.png\" class=\"attachment-full size-full wp-image-1832\" alt=\"Paleta de Cebo Ib\u00e9rica\" srcset=\"https:\/\/basurde.es\/wp-content\/uploads\/2017\/03\/paleta-cebo-puntomaquina.png 1000w, https:\/\/basurde.es\/wp-content\/uploads\/2017\/03\/paleta-cebo-puntomaquina-261x300.png 261w, https:\/\/basurde.es\/wp-content\/uploads\/2017\/03\/paleta-cebo-puntomaquina-768x883.png 768w, https:\/\/basurde.es\/wp-content\/uploads\/2017\/03\/paleta-cebo-puntomaquina-890x1024.png 890w\" sizes=\"(max-width: 1000px) 100vw, 1000px\" \/><\/figure><div class=\"elementor-image-box-content\"><p class=\"elementor-image-box-description\">\u00c9paule ib\u00e9rique \u00ab Bellota \u00bb d\u00e9soss\u00e9e, d\u00e9couenn\u00e9e des deux c\u00f4t\u00e9s.<\/p><\/div><\/div>\t\t\t\t<\/div>\n\t\t\t\t<\/div>\n\t\t\t\t\t<\/details>\n\t\t\t\t\t<\/div>\n\t\t\t\t\t\t<\/div>\n\t\t\t\t<div class=\"elementor-element elementor-element-43d86b3 elementor-widget elementor-widget-heading\" data-id=\"43d86b3\" data-element_type=\"widget\" data-widget_type=\"heading.default\">\n\t\t\t\t\t<span class=\"elementor-heading-title elementor-size-default\">Certifications:<\/span>\t\t\t\t<\/div>\n\t\t\t\t<div class=\"elementor-element elementor-element-f96e5d1 elementor-widget elementor-widget-image\" data-id=\"f96e5d1\" data-element_type=\"widget\" data-widget_type=\"image.default\">\n\t\t\t\t\t\t\t\t\t\t\t\t\t\t\t<img decoding=\"async\" width=\"234\" height=\"190\" src=\"https:\/\/basurde.es\/wp-content\/uploads\/2017\/03\/Certifood-b_n.jpg\" class=\"attachment-full size-full wp-image-1970\" alt=\"Certifood - Certificaci\u00f3n de producto agroalimentario\" \/>\t\t\t\t\t\t\t\t\t\t\t\t\t\t\t<\/div>\n\t\t\t\t<\/div>\n\t\t\t\t\t<\/div>\n\t\t\t\t<\/div>\n\t\t\t\t<\/div>\n\t\t","protected":false},"excerpt":{"rendered":"<p>\u00c9paule Ib\u00e9rique Bellota (porc nourri au gland) \u2013 50% Race Ib\u00e9rique \u00c9paule ib\u00e9rique \u00ab Bellota \u00bb avec patte et coupe en V sur la peau, 50% race ib\u00e9rique. Produit certifi\u00e9 par la norme relative aux produits ib\u00e9riques, suivant D\u00e9cret Royal 04\/2014 du 10 janvier, qui approuve la norme de qualit\u00e9 pour la viande, le jambon, [&hellip;]<\/p>\n","protected":false},"author":1,"featured_media":0,"parent":1528,"menu_order":0,"comment_status":"closed","ping_status":"closed","template":"","meta":{"footnotes":""},"class_list":["post-1562","page","type-page","status-publish","hentry"],"_links":{"self":[{"href":"https:\/\/basurde.es\/fr\/wp-json\/wp\/v2\/pages\/1562","targetHints":{"allow":["GET"]}}],"collection":[{"href":"https:\/\/basurde.es\/fr\/wp-json\/wp\/v2\/pages"}],"about":[{"href":"https:\/\/basurde.es\/fr\/wp-json\/wp\/v2\/types\/page"}],"author":[{"embeddable":true,"href":"https:\/\/basurde.es\/fr\/wp-json\/wp\/v2\/users\/1"}],"replies":[{"embeddable":true,"href":"https:\/\/basurde.es\/fr\/wp-json\/wp\/v2\/comments?post=1562"}],"version-history":[{"count":14,"href":"https:\/\/basurde.es\/fr\/wp-json\/wp\/v2\/pages\/1562\/revisions"}],"predecessor-version":[{"id":41248,"href":"https:\/\/basurde.es\/fr\/wp-json\/wp\/v2\/pages\/1562\/revisions\/41248"}],"up":[{"embeddable":true,"href":"https:\/\/basurde.es\/fr\/wp-json\/wp\/v2\/pages\/1528"}],"wp:attachment":[{"href":"https:\/\/basurde.es\/fr\/wp-json\/wp\/v2\/media?parent=1562"}],"curies":[{"name":"wp","href":"https:\/\/api.w.org\/{rel}","templated":true}]}}