{"id":1556,"date":"2017-03-09T15:39:28","date_gmt":"2017-03-09T15:39:28","guid":{"rendered":"http:\/\/basurde.es\/epaule\/paleta-curada-sin-pata\/"},"modified":"2025-11-19T09:53:13","modified_gmt":"2025-11-19T09:53:13","slug":"epaule-sechee-sans-patte","status":"publish","type":"page","link":"https:\/\/basurde.es\/fr\/epaule\/epaule-sechee-sans-patte\/","title":{"rendered":"\u00c9paule S\u00e9ch\u00e9e Sans Patte"},"content":{"rendered":"\t\t<div data-elementor-type=\"wp-page\" data-elementor-id=\"1556\" class=\"elementor elementor-1556 elementor-889\" data-elementor-post-type=\"page\">\n\t\t\t\t<div class=\"elementor-element elementor-element-206bfd4 e-grid e-con-boxed e-con e-parent\" data-id=\"206bfd4\" data-element_type=\"container\" data-settings=\"{&quot;background_background&quot;:&quot;classic&quot;}\">\n\t\t\t\t\t<div class=\"e-con-inner\">\n\t\t\t\t<div class=\"elementor-element elementor-element-175e5fd elementor-widget elementor-widget-image\" data-id=\"175e5fd\" data-element_type=\"widget\" data-widget_type=\"image.default\">\n\t\t\t\t\t\t\t\t\t\t\t\t\t\t\t<img decoding=\"async\" src=\"https:\/\/basurde.es\/wp-content\/uploads\/2017\/03\/paleta-curada-1.png\" title=\"Paleta de cerdo sin Pata\" alt=\"Paleta de cerdo sin Pata\" loading=\"lazy\" \/>\t\t\t\t\t\t\t\t\t\t\t\t\t\t\t<\/div>\n\t\t<div class=\"elementor-element elementor-element-d6dc2fc e-con-full e-flex e-con e-child\" data-id=\"d6dc2fc\" data-element_type=\"container\">\n\t\t\t\t<div class=\"elementor-element elementor-element-eb89945 elementor-widget elementor-widget-heading\" data-id=\"eb89945\" data-element_type=\"widget\" data-widget_type=\"heading.default\">\n\t\t\t\t\t<h1 class=\"elementor-heading-title elementor-size-default\">\u00c9paule S\u00e9ch\u00e9e Sans Patte<\/h1>\t\t\t\t<\/div>\n\t\t\t\t<div class=\"elementor-element elementor-element-3abf840 elementor-widget elementor-widget-text-editor\" data-id=\"3abf840\" data-element_type=\"widget\" data-widget_type=\"text-editor.default\">\n\t\t\t\t\t\t\t\t\t<p>Produit obtenu de la salaison, du s\u00e9chage et de la maturation des membres ant\u00e9rieurs du porc.<\/p><p>12 mois de s\u00e9chage minimums.<\/p><p>Ce produit, sans patte, est \u00e9galement disponible dans diff\u00e9rents types de d\u00e9sossage suivant les pr\u00e9f\u00e9rences du client :<\/p>\t\t\t\t\t\t\t\t<\/div>\n\t\t\t\t<div class=\"elementor-element elementor-element-e429de6 elementor-widget elementor-widget-n-accordion\" data-id=\"e429de6\" data-element_type=\"widget\" data-settings=\"{&quot;default_state&quot;:&quot;expanded&quot;,&quot;max_items_expended&quot;:&quot;one&quot;,&quot;n_accordion_animation_duration&quot;:{&quot;unit&quot;:&quot;ms&quot;,&quot;size&quot;:400,&quot;sizes&quot;:[]}}\" data-widget_type=\"nested-accordion.default\">\n\t\t\t\t\t\t\t<div class=\"e-n-accordion\" aria-label=\"Accordion. Open links with Enter or Space, close with Escape, and navigate with Arrow Keys\">\n\t\t\t\t\t\t<details id=\"e-n-accordion-item-2390\" class=\"e-n-accordion-item\" open>\n\t\t\t\t<summary class=\"e-n-accordion-item-title\" data-accordion-index=\"1\" tabindex=\"0\" aria-expanded=\"true\" aria-controls=\"e-n-accordion-item-2390\" >\n\t\t\t\t\t<span class='e-n-accordion-item-title-header'><h2 class=\"e-n-accordion-item-title-text\"> \u00c9PAULE D\u00c9SOSS\u00c9E ET COUP\u00c9E EN V <\/h2><\/span>\n\t\t\t\t\t\t\t<span class='e-n-accordion-item-title-icon'>\n\t\t\t<span class='e-opened' ><i aria-hidden=\"true\" class=\"icon icon-chevron-up\"><\/i><\/span>\n\t\t\t<span class='e-closed'><i aria-hidden=\"true\" class=\"icon icon-chevron-down\"><\/i><\/span>\n\t\t<\/span>\n\n\t\t\t\t\t\t<\/summary>\n\t\t\t\t<div role=\"region\" aria-labelledby=\"e-n-accordion-item-2390\" class=\"elementor-element elementor-element-9a91cc8 e-con-full e-flex e-con e-child\" data-id=\"9a91cc8\" data-element_type=\"container\">\n\t\t\t\t<div class=\"elementor-element elementor-element-f7f42d1 elementor-position-left elementor-vertical-align-middle elementor-widget elementor-widget-image-box\" data-id=\"f7f42d1\" data-element_type=\"widget\" data-widget_type=\"image-box.default\">\n\t\t\t\t\t<div class=\"elementor-image-box-wrapper\"><figure class=\"elementor-image-box-img\"><img fetchpriority=\"high\" decoding=\"async\" width=\"1000\" height=\"1150\" src=\"https:\/\/basurde.es\/wp-content\/uploads\/2017\/03\/paleta-curada-biselada.png\" class=\"attachment-full size-full wp-image-1824\" alt=\"Paleta de Cerdo Curada Biselada\" srcset=\"https:\/\/basurde.es\/wp-content\/uploads\/2017\/03\/paleta-curada-biselada.png 1000w, https:\/\/basurde.es\/wp-content\/uploads\/2017\/03\/paleta-curada-biselada-261x300.png 261w, https:\/\/basurde.es\/wp-content\/uploads\/2017\/03\/paleta-curada-biselada-768x883.png 768w, https:\/\/basurde.es\/wp-content\/uploads\/2017\/03\/paleta-curada-biselada-890x1024.png 890w\" sizes=\"(max-width: 1000px) 100vw, 1000px\" \/><\/figure><div class=\"elementor-image-box-content\"><p class=\"elementor-image-box-description\">\u00c9paule s\u00e9ch\u00e9e d\u00e9soss\u00e9e, avec une incision en V sur la partie de la peau.<\/p><\/div><\/div>\t\t\t\t<\/div>\n\t\t\t\t<\/div>\n\t\t\t\t\t<\/details>\n\t\t\t\t\t\t<details id=\"e-n-accordion-item-2391\" class=\"e-n-accordion-item\" >\n\t\t\t\t<summary class=\"e-n-accordion-item-title\" data-accordion-index=\"2\" tabindex=\"-1\" aria-expanded=\"false\" aria-controls=\"e-n-accordion-item-2391\" >\n\t\t\t\t\t<span class='e-n-accordion-item-title-header'><h2 class=\"e-n-accordion-item-title-text\"> \u00c9PAULE D\u00c9SOSS\u00c9E ET D\u00c9COUENN\u00c9E <\/h2><\/span>\n\t\t\t\t\t\t\t<span class='e-n-accordion-item-title-icon'>\n\t\t\t<span class='e-opened' ><i aria-hidden=\"true\" class=\"icon icon-chevron-up\"><\/i><\/span>\n\t\t\t<span class='e-closed'><i aria-hidden=\"true\" class=\"icon icon-chevron-down\"><\/i><\/span>\n\t\t<\/span>\n\n\t\t\t\t\t\t<\/summary>\n\t\t\t\t<div role=\"region\" aria-labelledby=\"e-n-accordion-item-2391\" class=\"elementor-element elementor-element-0c55aec e-con-full e-flex e-con e-child\" data-id=\"0c55aec\" data-element_type=\"container\">\n\t\t\t\t<div class=\"elementor-element elementor-element-daa0724 elementor-position-left elementor-vertical-align-middle elementor-widget elementor-widget-image-box\" data-id=\"daa0724\" data-element_type=\"widget\" data-widget_type=\"image-box.default\">\n\t\t\t\t\t<div class=\"elementor-image-box-wrapper\"><figure class=\"elementor-image-box-img\"><img fetchpriority=\"high\" decoding=\"async\" width=\"1000\" height=\"1150\" src=\"https:\/\/basurde.es\/wp-content\/uploads\/2017\/03\/paleta-curada-biselada.png\" class=\"attachment-full size-full wp-image-1824\" alt=\"Paleta de Cerdo Curada Biselada\" srcset=\"https:\/\/basurde.es\/wp-content\/uploads\/2017\/03\/paleta-curada-biselada.png 1000w, https:\/\/basurde.es\/wp-content\/uploads\/2017\/03\/paleta-curada-biselada-261x300.png 261w, https:\/\/basurde.es\/wp-content\/uploads\/2017\/03\/paleta-curada-biselada-768x883.png 768w, https:\/\/basurde.es\/wp-content\/uploads\/2017\/03\/paleta-curada-biselada-890x1024.png 890w\" sizes=\"(max-width: 1000px) 100vw, 1000px\" \/><\/figure><div class=\"elementor-image-box-content\"><p class=\"elementor-image-box-description\">\u00c9paule s\u00e9ch\u00e9e d\u00e9soss\u00e9e, sans couenne.<\/p><\/div><\/div>\t\t\t\t<\/div>\n\t\t\t\t<\/div>\n\t\t\t\t\t<\/details>\n\t\t\t\t\t\t<details id=\"e-n-accordion-item-2392\" class=\"e-n-accordion-item\" >\n\t\t\t\t<summary class=\"e-n-accordion-item-title\" data-accordion-index=\"3\" tabindex=\"-1\" aria-expanded=\"false\" aria-controls=\"e-n-accordion-item-2392\" >\n\t\t\t\t\t<span class='e-n-accordion-item-title-header'><h2 class=\"e-n-accordion-item-title-text\"> \u00c9PAULE D\u00c9SOSS\u00c9E, ENTI\u00c8REMENT D\u00c9COUENN\u00c9E ET POLIE <\/h2><\/span>\n\t\t\t\t\t\t\t<span class='e-n-accordion-item-title-icon'>\n\t\t\t<span class='e-opened' ><i aria-hidden=\"true\" class=\"icon icon-chevron-up\"><\/i><\/span>\n\t\t\t<span class='e-closed'><i aria-hidden=\"true\" class=\"icon icon-chevron-down\"><\/i><\/span>\n\t\t<\/span>\n\n\t\t\t\t\t\t<\/summary>\n\t\t\t\t<div role=\"region\" aria-labelledby=\"e-n-accordion-item-2392\" class=\"elementor-element elementor-element-5da7bf1 e-con-full e-flex e-con e-child\" data-id=\"5da7bf1\" data-element_type=\"container\">\n\t\t\t\t<div class=\"elementor-element elementor-element-5a8b0db elementor-position-left elementor-vertical-align-middle elementor-widget elementor-widget-image-box\" data-id=\"5a8b0db\" data-element_type=\"widget\" data-widget_type=\"image-box.default\">\n\t\t\t\t\t<div class=\"elementor-image-box-wrapper\"><figure class=\"elementor-image-box-img\"><img decoding=\"async\" width=\"1000\" height=\"1150\" src=\"https:\/\/basurde.es\/wp-content\/uploads\/2017\/03\/paleta-curada-puntomaquina.png\" class=\"attachment-full size-full wp-image-1826\" alt=\"Paleta de Cerdo Curada\" srcset=\"https:\/\/basurde.es\/wp-content\/uploads\/2017\/03\/paleta-curada-puntomaquina.png 1000w, https:\/\/basurde.es\/wp-content\/uploads\/2017\/03\/paleta-curada-puntomaquina-261x300.png 261w, https:\/\/basurde.es\/wp-content\/uploads\/2017\/03\/paleta-curada-puntomaquina-768x883.png 768w, https:\/\/basurde.es\/wp-content\/uploads\/2017\/03\/paleta-curada-puntomaquina-890x1024.png 890w\" sizes=\"(max-width: 1000px) 100vw, 1000px\" \/><\/figure><div class=\"elementor-image-box-content\"><p class=\"elementor-image-box-description\">\u00c9paule s\u00e9ch\u00e9e d\u00e9soss\u00e9e, d\u00e9couenn\u00e9e des deux c\u00f4t\u00e9s.<\/p><\/div><\/div>\t\t\t\t<\/div>\n\t\t\t\t<\/div>\n\t\t\t\t\t<\/details>\n\t\t\t\t\t<\/div>\n\t\t\t\t\t\t<\/div>\n\t\t\t\t<\/div>\n\t\t\t\t\t<\/div>\n\t\t\t\t<\/div>\n\t\t\t\t<\/div>\n\t\t","protected":false},"excerpt":{"rendered":"<p>\u00c9paule S\u00e9ch\u00e9e Sans Patte Produit obtenu de la salaison, du s\u00e9chage et de la maturation des membres ant\u00e9rieurs du porc. 12 mois de s\u00e9chage minimums. Ce produit, sans patte, est \u00e9galement disponible dans diff\u00e9rents types de d\u00e9sossage suivant les pr\u00e9f\u00e9rences du client : \u00c9PAULE D\u00c9SOSS\u00c9E ET COUP\u00c9E EN V \u00c9paule s\u00e9ch\u00e9e d\u00e9soss\u00e9e, avec une incision [&hellip;]<\/p>\n","protected":false},"author":1,"featured_media":0,"parent":1528,"menu_order":0,"comment_status":"closed","ping_status":"closed","template":"","meta":{"footnotes":""},"class_list":["post-1556","page","type-page","status-publish","hentry"],"_links":{"self":[{"href":"https:\/\/basurde.es\/fr\/wp-json\/wp\/v2\/pages\/1556","targetHints":{"allow":["GET"]}}],"collection":[{"href":"https:\/\/basurde.es\/fr\/wp-json\/wp\/v2\/pages"}],"about":[{"href":"https:\/\/basurde.es\/fr\/wp-json\/wp\/v2\/types\/page"}],"author":[{"embeddable":true,"href":"https:\/\/basurde.es\/fr\/wp-json\/wp\/v2\/users\/1"}],"replies":[{"embeddable":true,"href":"https:\/\/basurde.es\/fr\/wp-json\/wp\/v2\/comments?post=1556"}],"version-history":[{"count":5,"href":"https:\/\/basurde.es\/fr\/wp-json\/wp\/v2\/pages\/1556\/revisions"}],"predecessor-version":[{"id":41184,"href":"https:\/\/basurde.es\/fr\/wp-json\/wp\/v2\/pages\/1556\/revisions\/41184"}],"up":[{"embeddable":true,"href":"https:\/\/basurde.es\/fr\/wp-json\/wp\/v2\/pages\/1528"}],"wp:attachment":[{"href":"https:\/\/basurde.es\/fr\/wp-json\/wp\/v2\/media?parent=1556"}],"curies":[{"name":"wp","href":"https:\/\/api.w.org\/{rel}","templated":true}]}}