{"id":1550,"date":"2017-03-09T15:50:32","date_gmt":"2017-03-09T15:50:32","guid":{"rendered":"http:\/\/basurde.es\/epaule\/paleta-cebo-iberica-50-raza-iberica\/"},"modified":"2025-11-19T10:59:28","modified_gmt":"2025-11-19T10:59:28","slug":"epaule-iberique-cebo","status":"publish","type":"page","link":"https:\/\/basurde.es\/fr\/epaule\/epaule-iberique-cebo\/","title":{"rendered":"\u00c9paule Ib\u00e9rique Cebo"},"content":{"rendered":"\t\t<div data-elementor-type=\"wp-page\" data-elementor-id=\"1550\" class=\"elementor elementor-1550 elementor-893\" data-elementor-post-type=\"page\">\n\t\t\t\t<div class=\"elementor-element elementor-element-af39b59 e-grid e-con-boxed e-con e-parent\" data-id=\"af39b59\" data-element_type=\"container\" data-settings=\"{&quot;background_background&quot;:&quot;classic&quot;}\">\n\t\t\t\t\t<div class=\"e-con-inner\">\n\t\t\t\t<div class=\"elementor-element elementor-element-1cafef8 elementor-widget elementor-widget-image\" data-id=\"1cafef8\" data-element_type=\"widget\" data-widget_type=\"image.default\">\n\t\t\t\t\t\t\t\t\t\t\t\t\t\t\t<img decoding=\"async\" src=\"https:\/\/basurde.es\/wp-content\/uploads\/2017\/03\/paleta-cebo-iberica-2.png\" title=\"Paleta de cerdo Ib\u00e9rica\" alt=\"Paleta de cerdo Ib\u00e9rica\" loading=\"lazy\" \/>\t\t\t\t\t\t\t\t\t\t\t\t\t\t\t<\/div>\n\t\t<div class=\"elementor-element elementor-element-d2767ec e-con-full e-flex e-con e-child\" data-id=\"d2767ec\" data-element_type=\"container\">\n\t\t\t\t<div class=\"elementor-element elementor-element-5113c13 elementor-widget elementor-widget-heading\" data-id=\"5113c13\" data-element_type=\"widget\" data-widget_type=\"heading.default\">\n\t\t\t\t\t<h1 class=\"elementor-heading-title elementor-size-default\">\u00c9paule Ib\u00e9rique Cebo (porc nourri au fouragge) 50% Cace Ib\u00e9rique\n<\/h1>\t\t\t\t<\/div>\n\t\t\t\t<div class=\"elementor-element elementor-element-fdb5daf elementor-widget elementor-widget-text-editor\" data-id=\"fdb5daf\" data-element_type=\"widget\" data-widget_type=\"text-editor.default\">\n\t\t\t\t\t\t\t\t\t<p>\u00c9paule ib\u00e9rique \u00ab Cebo \u00bb avec patte et coupe en V sur la peau, 50% race ib\u00e9rique.<\/p><p>Produit certifi\u00e9 par la norme relative aux produits ib\u00e9riques, suivant <a href=\"https:\/\/dev.basurde.es\/fr\/certifications\/\">D\u00e9cret Royal 04\/2014 du 10 janvier<\/a>, qui approuve la norme de qualit\u00e9 pour la viande, le jambon, l\u2019\u00e9paule et l\u2019\u00e9chine de porc ib\u00e9rique.<\/p><p>L\u2019\u00e9paule de porc ib\u00e9rique nourri au fourrage, dit \u00ab cebo \u00bb, est un produit \u00e9labor\u00e9 avec les membres ant\u00e9rieurs du porc ib\u00e9rique, soumis \u00e0 l\u2019action du sel puis \u00e0 un processus de s\u00e9chage et de maturation qui leur conf\u00e8re des propri\u00e9t\u00e9s organoleptiques sp\u00e9ciales.<\/p><p>12 mois de s\u00e9chage minimum garantis.<\/p><p>Poids minimum 4 kilos garanti.<\/p><p>Ce produit avec patte est aussi disponible:<\/p>\t\t\t\t\t\t\t\t<\/div>\n\t\t\t\t<div class=\"elementor-element elementor-element-df744ee elementor-widget elementor-widget-n-accordion\" data-id=\"df744ee\" data-element_type=\"widget\" data-settings=\"{&quot;default_state&quot;:&quot;expanded&quot;,&quot;max_items_expended&quot;:&quot;one&quot;,&quot;n_accordion_animation_duration&quot;:{&quot;unit&quot;:&quot;ms&quot;,&quot;size&quot;:400,&quot;sizes&quot;:[]}}\" data-widget_type=\"nested-accordion.default\">\n\t\t\t\t\t\t\t<div class=\"e-n-accordion\" aria-label=\"Accordion. Open links with Enter or Space, close with Escape, and navigate with Arrow Keys\">\n\t\t\t\t\t\t<details id=\"e-n-accordion-item-2340\" class=\"e-n-accordion-item\" open>\n\t\t\t\t<summary class=\"e-n-accordion-item-title\" data-accordion-index=\"1\" tabindex=\"0\" aria-expanded=\"true\" aria-controls=\"e-n-accordion-item-2340\" >\n\t\t\t\t\t<span class='e-n-accordion-item-title-header'><h2 class=\"e-n-accordion-item-title-text\"> \u00c9PAULE IB\u00c9RIQUE \u00ab CEBO \u00bb (porc nourri au fourrage) - 50% RACE IB\u00c9RIQUE D\u00c9SOSS\u00c9E, ENTI\u00c8REMENT D\u00c9COUENN\u00c9E ET POLIE <\/h2><\/span>\n\t\t\t\t\t\t\t<span class='e-n-accordion-item-title-icon'>\n\t\t\t<span class='e-opened' ><i aria-hidden=\"true\" class=\"icon icon-chevron-up\"><\/i><\/span>\n\t\t\t<span class='e-closed'><i aria-hidden=\"true\" class=\"icon icon-chevron-down\"><\/i><\/span>\n\t\t<\/span>\n\n\t\t\t\t\t\t<\/summary>\n\t\t\t\t<div role=\"region\" aria-labelledby=\"e-n-accordion-item-2340\" class=\"elementor-element elementor-element-3e03383 e-con-full e-flex e-con e-child\" data-id=\"3e03383\" data-element_type=\"container\">\n\t\t\t\t<div class=\"elementor-element elementor-element-0d0c45d elementor-position-left elementor-vertical-align-middle elementor-widget elementor-widget-image-box\" data-id=\"0d0c45d\" data-element_type=\"widget\" data-widget_type=\"image-box.default\">\n\t\t\t\t\t<div class=\"elementor-image-box-wrapper\"><figure class=\"elementor-image-box-img\"><img fetchpriority=\"high\" decoding=\"async\" width=\"1000\" height=\"1150\" src=\"https:\/\/basurde.es\/wp-content\/uploads\/2017\/03\/paleta-cebo-puntomaquina.png\" class=\"attachment-full size-full wp-image-1832\" alt=\"Paleta de Cebo Ib\u00e9rica\" srcset=\"https:\/\/basurde.es\/wp-content\/uploads\/2017\/03\/paleta-cebo-puntomaquina.png 1000w, https:\/\/basurde.es\/wp-content\/uploads\/2017\/03\/paleta-cebo-puntomaquina-261x300.png 261w, https:\/\/basurde.es\/wp-content\/uploads\/2017\/03\/paleta-cebo-puntomaquina-768x883.png 768w, https:\/\/basurde.es\/wp-content\/uploads\/2017\/03\/paleta-cebo-puntomaquina-890x1024.png 890w\" sizes=\"(max-width: 1000px) 100vw, 1000px\" \/><\/figure><div class=\"elementor-image-box-content\"><p class=\"elementor-image-box-description\">\u00c9paule ib\u00e9rique \u00ab Cebo \u00bb d\u00e9soss\u00e9e, d\u00e9couenn\u00e9e des deux c\u00f4t\u00e9s.<\/p><\/div><\/div>\t\t\t\t<\/div>\n\t\t\t\t<\/div>\n\t\t\t\t\t<\/details>\n\t\t\t\t\t<\/div>\n\t\t\t\t\t\t<\/div>\n\t\t\t\t<div class=\"elementor-element elementor-element-8f3fcb7 elementor-widget elementor-widget-heading\" data-id=\"8f3fcb7\" data-element_type=\"widget\" data-widget_type=\"heading.default\">\n\t\t\t\t\t<span class=\"elementor-heading-title elementor-size-default\">Certifications:<\/span>\t\t\t\t<\/div>\n\t\t\t\t<div class=\"elementor-element elementor-element-f88d3cf elementor-widget elementor-widget-image\" data-id=\"f88d3cf\" data-element_type=\"widget\" data-widget_type=\"image.default\">\n\t\t\t\t\t\t\t\t\t\t\t\t\t\t\t<img decoding=\"async\" width=\"234\" height=\"190\" src=\"https:\/\/basurde.es\/wp-content\/uploads\/2017\/03\/Certifood-b_n.jpg\" class=\"attachment-full size-full wp-image-1970\" alt=\"Certifood - Certificaci\u00f3n de producto agroalimentario\" \/>\t\t\t\t\t\t\t\t\t\t\t\t\t\t\t<\/div>\n\t\t\t\t<\/div>\n\t\t\t\t\t<\/div>\n\t\t\t\t<\/div>\n\t\t\t\t<\/div>\n\t\t","protected":false},"excerpt":{"rendered":"<p>\u00c9paule Ib\u00e9rique Cebo (porc nourri au fouragge) 50% Cace Ib\u00e9rique \u00c9paule ib\u00e9rique \u00ab Cebo \u00bb avec patte et coupe en V sur la peau, 50% race ib\u00e9rique. Produit certifi\u00e9 par la norme relative aux produits ib\u00e9riques, suivant D\u00e9cret Royal 04\/2014 du 10 janvier, qui approuve la norme de qualit\u00e9 pour la viande, le jambon, l\u2019\u00e9paule [&hellip;]<\/p>\n","protected":false},"author":1,"featured_media":0,"parent":1528,"menu_order":0,"comment_status":"closed","ping_status":"closed","template":"","meta":{"footnotes":""},"class_list":["post-1550","page","type-page","status-publish","hentry"],"_links":{"self":[{"href":"https:\/\/basurde.es\/fr\/wp-json\/wp\/v2\/pages\/1550","targetHints":{"allow":["GET"]}}],"collection":[{"href":"https:\/\/basurde.es\/fr\/wp-json\/wp\/v2\/pages"}],"about":[{"href":"https:\/\/basurde.es\/fr\/wp-json\/wp\/v2\/types\/page"}],"author":[{"embeddable":true,"href":"https:\/\/basurde.es\/fr\/wp-json\/wp\/v2\/users\/1"}],"replies":[{"embeddable":true,"href":"https:\/\/basurde.es\/fr\/wp-json\/wp\/v2\/comments?post=1550"}],"version-history":[{"count":8,"href":"https:\/\/basurde.es\/fr\/wp-json\/wp\/v2\/pages\/1550\/revisions"}],"predecessor-version":[{"id":41242,"href":"https:\/\/basurde.es\/fr\/wp-json\/wp\/v2\/pages\/1550\/revisions\/41242"}],"up":[{"embeddable":true,"href":"https:\/\/basurde.es\/fr\/wp-json\/wp\/v2\/pages\/1528"}],"wp:attachment":[{"href":"https:\/\/basurde.es\/fr\/wp-json\/wp\/v2\/media?parent=1550"}],"curies":[{"name":"wp","href":"https:\/\/api.w.org\/{rel}","templated":true}]}}