{"id":1544,"date":"2017-03-09T15:24:46","date_gmt":"2017-03-09T15:24:46","guid":{"rendered":"http:\/\/basurde.es\/jambon\/jamon-serrano-etg-sin-pata\/"},"modified":"2025-11-19T12:25:01","modified_gmt":"2025-11-19T12:25:01","slug":"jambon-serrano-etg-reserve-sans-patte","status":"publish","type":"page","link":"https:\/\/basurde.es\/fr\/jambon\/jambon-serrano-etg-reserve-sans-patte\/","title":{"rendered":"Jambon Serrano ETG R\u00e9rseve sans Patte"},"content":{"rendered":"\t\t<div data-elementor-type=\"wp-page\" data-elementor-id=\"1544\" class=\"elementor elementor-1544 elementor-875\" data-elementor-post-type=\"page\">\n\t\t\t\t<div class=\"elementor-element elementor-element-f23a616 e-grid e-con-boxed e-con e-parent\" data-id=\"f23a616\" data-element_type=\"container\" data-settings=\"{&quot;background_background&quot;:&quot;classic&quot;}\">\n\t\t\t\t\t<div class=\"e-con-inner\">\n\t\t\t\t<div class=\"elementor-element elementor-element-2e0cbef elementor-widget elementor-widget-image\" data-id=\"2e0cbef\" data-element_type=\"widget\" data-widget_type=\"image.default\">\n\t\t\t\t\t\t\t\t\t\t\t\t\t\t\t<img decoding=\"async\" src=\"https:\/\/basurde.es\/wp-content\/uploads\/2017\/03\/jamon-reserva-sin-pata.png\" title=\"Jam\u00f3n Reserva sin pata\" alt=\"Jam\u00f3n Reserva sin pata\" loading=\"lazy\" \/>\t\t\t\t\t\t\t\t\t\t\t\t\t\t\t<\/div>\n\t\t<div class=\"elementor-element elementor-element-bd45d6c e-con-full e-flex e-con e-child\" data-id=\"bd45d6c\" data-element_type=\"container\">\n\t\t\t\t<div class=\"elementor-element elementor-element-a694aa6 elementor-widget elementor-widget-heading\" data-id=\"a694aa6\" data-element_type=\"widget\" data-widget_type=\"heading.default\">\n\t\t\t\t\t<h1 class=\"elementor-heading-title elementor-size-default\">Jambon Serrano ETG R\u00e9rseve sans Patte<\/h1>\t\t\t\t<\/div>\n\t\t\t\t<div class=\"elementor-element elementor-element-481e12a elementor-widget elementor-widget-text-editor\" data-id=\"481e12a\" data-element_type=\"widget\" data-widget_type=\"text-editor.default\">\n\t\t\t\t\t\t\t\t\t<p>Jambon Serrano R\u00e9serve label <a href=\"https:\/\/dev.basurde.es\/fr\/certifications\/\">Sp\u00e9cialit\u00e9 Traditionnelle Garantie<\/a> (ETG) sans patte et avec couenne.<\/p><p>Produit essentiellement gras obtenu de la salaison, du s\u00e9chage et de la maturation des membres post\u00e9rieurs du porc.<\/p><p>12 mois de s\u00e9chage minimum garantis.<\/p><p>Ce produit avec patte est aussi disponible dans diff\u00e9rents types de d\u00e9sossage suivant les pr\u00e9f\u00e9rences du client :<\/p>\t\t\t\t\t\t\t\t<\/div>\n\t\t\t\t<div class=\"elementor-element elementor-element-6f38030 elementor-widget elementor-widget-n-accordion\" data-id=\"6f38030\" data-element_type=\"widget\" data-settings=\"{&quot;default_state&quot;:&quot;expanded&quot;,&quot;max_items_expended&quot;:&quot;one&quot;,&quot;n_accordion_animation_duration&quot;:{&quot;unit&quot;:&quot;ms&quot;,&quot;size&quot;:400,&quot;sizes&quot;:[]}}\" data-widget_type=\"nested-accordion.default\">\n\t\t\t\t\t\t\t<div class=\"e-n-accordion\" aria-label=\"Accordion. Open links with Enter or Space, close with Escape, and navigate with Arrow Keys\">\n\t\t\t\t\t\t<details id=\"e-n-accordion-item-1160\" class=\"e-n-accordion-item\" open>\n\t\t\t\t<summary class=\"e-n-accordion-item-title\" data-accordion-index=\"1\" tabindex=\"0\" aria-expanded=\"true\" aria-controls=\"e-n-accordion-item-1160\" >\n\t\t\t\t\t<span class='e-n-accordion-item-title-header'><h2 class=\"e-n-accordion-item-title-text\"> JAMBON SERRANO ETG D\u00c9SOSS\u00c9 ET COUP\u00c9 EN V <\/h2><\/span>\n\t\t\t\t\t\t\t<span class='e-n-accordion-item-title-icon'>\n\t\t\t<span class='e-opened' ><i aria-hidden=\"true\" class=\"icon icon-chevron-up\"><\/i><\/span>\n\t\t\t<span class='e-closed'><i aria-hidden=\"true\" class=\"icon icon-chevron-down\"><\/i><\/span>\n\t\t<\/span>\n\n\t\t\t\t\t\t<\/summary>\n\t\t\t\t<div role=\"region\" aria-labelledby=\"e-n-accordion-item-1160\" class=\"elementor-element elementor-element-2c7c261 e-con-full e-flex e-con e-child\" data-id=\"2c7c261\" data-element_type=\"container\">\n\t\t\t\t<div class=\"elementor-element elementor-element-b489c7e elementor-position-left elementor-vertical-align-middle elementor-widget elementor-widget-image-box\" data-id=\"b489c7e\" data-element_type=\"widget\" data-widget_type=\"image-box.default\">\n\t\t\t\t\t<div class=\"elementor-image-box-wrapper\"><figure class=\"elementor-image-box-img\"><img fetchpriority=\"high\" decoding=\"async\" width=\"1000\" height=\"1150\" src=\"https:\/\/basurde.es\/wp-content\/uploads\/2017\/02\/jamon-reserva-biselado.png\" class=\"attachment-full size-full wp-image-1798\" alt=\"Jam\u00f3n Reserva Serrano Biselado\" srcset=\"https:\/\/basurde.es\/wp-content\/uploads\/2017\/02\/jamon-reserva-biselado.png 1000w, https:\/\/basurde.es\/wp-content\/uploads\/2017\/02\/jamon-reserva-biselado-261x300.png 261w, https:\/\/basurde.es\/wp-content\/uploads\/2017\/02\/jamon-reserva-biselado-768x883.png 768w, https:\/\/basurde.es\/wp-content\/uploads\/2017\/02\/jamon-reserva-biselado-890x1024.png 890w\" sizes=\"(max-width: 1000px) 100vw, 1000px\" \/><\/figure><div class=\"elementor-image-box-content\"><p class=\"elementor-image-box-description\">Pi\u00e8ce de jambon Serrano d\u00e9soss\u00e9e, avec une incision en V sur la partie de la peau.<\/p><\/div><\/div>\t\t\t\t<\/div>\n\t\t\t\t<\/div>\n\t\t\t\t\t<\/details>\n\t\t\t\t\t\t<details id=\"e-n-accordion-item-1161\" class=\"e-n-accordion-item\" >\n\t\t\t\t<summary class=\"e-n-accordion-item-title\" data-accordion-index=\"2\" tabindex=\"-1\" aria-expanded=\"false\" aria-controls=\"e-n-accordion-item-1161\" >\n\t\t\t\t\t<span class='e-n-accordion-item-title-header'><h2 class=\"e-n-accordion-item-title-text\"> JAMBON SERRANO ETG D\u00c9SOSS\u00c9 ET D\u00c9COUENN\u00c9 <\/h2><\/span>\n\t\t\t\t\t\t\t<span class='e-n-accordion-item-title-icon'>\n\t\t\t<span class='e-opened' ><i aria-hidden=\"true\" class=\"icon icon-chevron-up\"><\/i><\/span>\n\t\t\t<span class='e-closed'><i aria-hidden=\"true\" class=\"icon icon-chevron-down\"><\/i><\/span>\n\t\t<\/span>\n\n\t\t\t\t\t\t<\/summary>\n\t\t\t\t<div role=\"region\" aria-labelledby=\"e-n-accordion-item-1161\" class=\"elementor-element elementor-element-5ee7198 e-con-full e-flex e-con e-child\" data-id=\"5ee7198\" data-element_type=\"container\">\n\t\t\t\t<div class=\"elementor-element elementor-element-01802fd elementor-position-left elementor-vertical-align-middle elementor-widget elementor-widget-image-box\" data-id=\"01802fd\" data-element_type=\"widget\" data-widget_type=\"image-box.default\">\n\t\t\t\t\t<div class=\"elementor-image-box-wrapper\"><figure class=\"elementor-image-box-img\"><img fetchpriority=\"high\" decoding=\"async\" width=\"1000\" height=\"1150\" src=\"https:\/\/basurde.es\/wp-content\/uploads\/2017\/02\/jamon-reserva-biselado.png\" class=\"attachment-full size-full wp-image-1798\" alt=\"Jam\u00f3n Reserva Serrano Biselado\" srcset=\"https:\/\/basurde.es\/wp-content\/uploads\/2017\/02\/jamon-reserva-biselado.png 1000w, https:\/\/basurde.es\/wp-content\/uploads\/2017\/02\/jamon-reserva-biselado-261x300.png 261w, https:\/\/basurde.es\/wp-content\/uploads\/2017\/02\/jamon-reserva-biselado-768x883.png 768w, https:\/\/basurde.es\/wp-content\/uploads\/2017\/02\/jamon-reserva-biselado-890x1024.png 890w\" sizes=\"(max-width: 1000px) 100vw, 1000px\" \/><\/figure><div class=\"elementor-image-box-content\"><p class=\"elementor-image-box-description\">Pi\u00e8ce de jambon Serrano d\u00e9soss\u00e9e, sans couenne.<\/p><\/div><\/div>\t\t\t\t<\/div>\n\t\t\t\t<\/div>\n\t\t\t\t\t<\/details>\n\t\t\t\t\t\t<details id=\"e-n-accordion-item-1162\" class=\"e-n-accordion-item\" >\n\t\t\t\t<summary class=\"e-n-accordion-item-title\" data-accordion-index=\"3\" tabindex=\"-1\" aria-expanded=\"false\" aria-controls=\"e-n-accordion-item-1162\" >\n\t\t\t\t\t<span class='e-n-accordion-item-title-header'><h2 class=\"e-n-accordion-item-title-text\"> JAMBON SERRANO ETG D\u00c9SOSS\u00c9, ENTI\u00c8REMENT D\u00c9COUENN\u00c9 ET POLI <\/h2><\/span>\n\t\t\t\t\t\t\t<span class='e-n-accordion-item-title-icon'>\n\t\t\t<span class='e-opened' ><i aria-hidden=\"true\" class=\"icon icon-chevron-up\"><\/i><\/span>\n\t\t\t<span class='e-closed'><i aria-hidden=\"true\" class=\"icon icon-chevron-down\"><\/i><\/span>\n\t\t<\/span>\n\n\t\t\t\t\t\t<\/summary>\n\t\t\t\t<div role=\"region\" aria-labelledby=\"e-n-accordion-item-1162\" class=\"elementor-element elementor-element-0fbb96a e-con-full e-flex e-con e-child\" data-id=\"0fbb96a\" data-element_type=\"container\">\n\t\t\t\t<div class=\"elementor-element elementor-element-b4231d7 elementor-position-left elementor-vertical-align-middle elementor-widget elementor-widget-image-box\" data-id=\"b4231d7\" data-element_type=\"widget\" data-widget_type=\"image-box.default\">\n\t\t\t\t\t<div class=\"elementor-image-box-wrapper\"><figure class=\"elementor-image-box-img\"><img decoding=\"async\" width=\"1000\" height=\"1150\" src=\"https:\/\/basurde.es\/wp-content\/uploads\/2017\/02\/jamon-reserva-punto-maquina.png\" class=\"attachment-full size-full wp-image-1800\" alt=\"Jam\u00f3n Reserva Serrano\" srcset=\"https:\/\/basurde.es\/wp-content\/uploads\/2017\/02\/jamon-reserva-punto-maquina.png 1000w, https:\/\/basurde.es\/wp-content\/uploads\/2017\/02\/jamon-reserva-punto-maquina-261x300.png 261w, https:\/\/basurde.es\/wp-content\/uploads\/2017\/02\/jamon-reserva-punto-maquina-768x883.png 768w, https:\/\/basurde.es\/wp-content\/uploads\/2017\/02\/jamon-reserva-punto-maquina-890x1024.png 890w\" sizes=\"(max-width: 1000px) 100vw, 1000px\" \/><\/figure><div class=\"elementor-image-box-content\"><p class=\"elementor-image-box-description\">Pi\u00e8ce de jambon Serrano d\u00e9soss\u00e9e, d\u00e9couenn\u00e9e des deux c\u00f4t\u00e9s.<\/p><\/div><\/div>\t\t\t\t<\/div>\n\t\t\t\t<\/div>\n\t\t\t\t\t<\/details>\n\t\t\t\t\t<\/div>\n\t\t\t\t\t\t<\/div>\n\t\t\t\t<div class=\"elementor-element elementor-element-c13a14f elementor-widget__width-inherit elementor-widget elementor-widget-heading\" data-id=\"c13a14f\" data-element_type=\"widget\" data-widget_type=\"heading.default\">\n\t\t\t\t\t<span class=\"elementor-heading-title elementor-size-default\">Certifications:<\/span>\t\t\t\t<\/div>\n\t\t\t\t<div class=\"elementor-element elementor-element-fe02df1 elementor-widget__width-initial elementor-widget elementor-widget-image\" data-id=\"fe02df1\" data-element_type=\"widget\" data-widget_type=\"image.default\">\n\t\t\t\t\t\t\t\t\t\t\t\t\t\t\t<img decoding=\"async\" width=\"234\" height=\"190\" src=\"https:\/\/basurde.es\/wp-content\/uploads\/2017\/03\/Certifood-b_n.jpg\" class=\"attachment-full size-full wp-image-1970\" alt=\"Certifood - Certificaci\u00f3n de producto agroalimentario\" \/>\t\t\t\t\t\t\t\t\t\t\t\t\t\t\t<\/div>\n\t\t\t\t<div class=\"elementor-element elementor-element-8813b16 elementor-widget__width-initial elementor-widget elementor-widget-image\" data-id=\"8813b16\" data-element_type=\"widget\" data-widget_type=\"image.default\">\n\t\t\t\t\t\t\t\t\t\t\t\t\t\t\t<img loading=\"lazy\" decoding=\"async\" width=\"600\" height=\"600\" src=\"https:\/\/basurde.es\/wp-content\/uploads\/2017\/03\/ETG.png\" class=\"attachment-full size-full wp-image-1956\" alt=\"Especialidad Tradicional Garantizada\" srcset=\"https:\/\/basurde.es\/wp-content\/uploads\/2017\/03\/ETG.png 600w, https:\/\/basurde.es\/wp-content\/uploads\/2017\/03\/ETG-150x150.png 150w, https:\/\/basurde.es\/wp-content\/uploads\/2017\/03\/ETG-300x300.png 300w\" sizes=\"(max-width: 600px) 100vw, 600px\" \/>\t\t\t\t\t\t\t\t\t\t\t\t\t\t\t<\/div>\n\t\t\t\t<\/div>\n\t\t\t\t\t<\/div>\n\t\t\t\t<\/div>\n\t\t\t\t<\/div>\n\t\t","protected":false},"excerpt":{"rendered":"<p>Jambon Serrano ETG R\u00e9rseve sans Patte Jambon Serrano R\u00e9serve label Sp\u00e9cialit\u00e9 Traditionnelle Garantie (ETG) sans patte et avec couenne. Produit essentiellement gras obtenu de la salaison, du s\u00e9chage et de la maturation des membres post\u00e9rieurs du porc. 12 mois de s\u00e9chage minimum garantis. Ce produit avec patte est aussi disponible dans diff\u00e9rents types de d\u00e9sossage [&hellip;]<\/p>\n","protected":false},"author":1,"featured_media":0,"parent":1391,"menu_order":0,"comment_status":"closed","ping_status":"closed","template":"","meta":{"footnotes":""},"class_list":["post-1544","page","type-page","status-publish","hentry"],"_links":{"self":[{"href":"https:\/\/basurde.es\/fr\/wp-json\/wp\/v2\/pages\/1544","targetHints":{"allow":["GET"]}}],"collection":[{"href":"https:\/\/basurde.es\/fr\/wp-json\/wp\/v2\/pages"}],"about":[{"href":"https:\/\/basurde.es\/fr\/wp-json\/wp\/v2\/types\/page"}],"author":[{"embeddable":true,"href":"https:\/\/basurde.es\/fr\/wp-json\/wp\/v2\/users\/1"}],"replies":[{"embeddable":true,"href":"https:\/\/basurde.es\/fr\/wp-json\/wp\/v2\/comments?post=1544"}],"version-history":[{"count":10,"href":"https:\/\/basurde.es\/fr\/wp-json\/wp\/v2\/pages\/1544\/revisions"}],"predecessor-version":[{"id":41422,"href":"https:\/\/basurde.es\/fr\/wp-json\/wp\/v2\/pages\/1544\/revisions\/41422"}],"up":[{"embeddable":true,"href":"https:\/\/basurde.es\/fr\/wp-json\/wp\/v2\/pages\/1391"}],"wp:attachment":[{"href":"https:\/\/basurde.es\/fr\/wp-json\/wp\/v2\/media?parent=1544"}],"curies":[{"name":"wp","href":"https:\/\/api.w.org\/{rel}","templated":true}]}}