{"id":1538,"date":"2017-03-09T15:33:17","date_gmt":"2017-03-09T15:33:17","guid":{"rendered":"http:\/\/basurde.es\/jambon\/jamon-serrano-etg-gran-reserva\/"},"modified":"2025-11-19T11:47:16","modified_gmt":"2025-11-19T11:47:16","slug":"jambon-serrano-etg-grande-reserve","status":"publish","type":"page","link":"https:\/\/basurde.es\/fr\/jambon\/jambon-serrano-etg-grande-reserve\/","title":{"rendered":"Jambon Serrano ETG Grande R\u00e9serve"},"content":{"rendered":"\t\t<div data-elementor-type=\"wp-page\" data-elementor-id=\"1538\" class=\"elementor elementor-1538 elementor-883\" data-elementor-post-type=\"page\">\n\t\t\t\t<div class=\"elementor-element elementor-element-c8f1798 e-grid e-con-boxed e-con e-parent\" data-id=\"c8f1798\" data-element_type=\"container\" data-settings=\"{&quot;background_background&quot;:&quot;classic&quot;}\">\n\t\t\t\t\t<div class=\"e-con-inner\">\n\t\t\t\t<div class=\"elementor-element elementor-element-a62309c elementor-widget elementor-widget-image\" data-id=\"a62309c\" data-element_type=\"widget\" data-widget_type=\"image.default\">\n\t\t\t\t\t\t\t\t\t\t\t\t\t\t\t<img decoding=\"async\" src=\"https:\/\/basurde.es\/wp-content\/uploads\/2017\/03\/jamon-gran-reserva.png\" title=\"Jam\u00f3n Gran Reserva\" alt=\"Jam\u00f3n Gran Reserva\" loading=\"lazy\" \/>\t\t\t\t\t\t\t\t\t\t\t\t\t\t\t<\/div>\n\t\t<div class=\"elementor-element elementor-element-5aff946 e-con-full e-flex e-con e-child\" data-id=\"5aff946\" data-element_type=\"container\">\n\t\t\t\t<div class=\"elementor-element elementor-element-a81cb8a elementor-widget elementor-widget-heading\" data-id=\"a81cb8a\" data-element_type=\"widget\" data-widget_type=\"heading.default\">\n\t\t\t\t\t<h1 class=\"elementor-heading-title elementor-size-default\">Jambon Serrano ETG Grande R\u00e9serve<\/h1>\t\t\t\t<\/div>\n\t\t\t\t<div class=\"elementor-element elementor-element-f406ac0 elementor-widget elementor-widget-text-editor\" data-id=\"f406ac0\" data-element_type=\"widget\" data-widget_type=\"text-editor.default\">\n\t\t\t\t\t\t\t\t\t<p>Jambon Serrano R\u00e9serve label <a href=\"https:\/\/dev.basurde.es\/fr\/certifications\/\">Sp\u00e9cialit\u00e9 Traditionnelle Garantie<\/a> (ETG) avec patte et coupe en V sur la peau.<\/p><p>Produit essentiellement gras obtenu de la salaison, du s\u00e9chage et de la maturation des membres post\u00e9rieurs du porc.<\/p><p>15 mois de s\u00e9chage minimum garantis.<\/p><p>Ce produit avec patte est disponible dans diff\u00e9rents types de d\u00e9sossage suivant les pr\u00e9f\u00e9rences du client :<\/p>\t\t\t\t\t\t\t\t<\/div>\n\t\t\t\t<div class=\"elementor-element elementor-element-28f6a8e elementor-widget elementor-widget-n-accordion\" data-id=\"28f6a8e\" data-element_type=\"widget\" data-settings=\"{&quot;default_state&quot;:&quot;expanded&quot;,&quot;max_items_expended&quot;:&quot;one&quot;,&quot;n_accordion_animation_duration&quot;:{&quot;unit&quot;:&quot;ms&quot;,&quot;size&quot;:400,&quot;sizes&quot;:[]}}\" data-widget_type=\"nested-accordion.default\">\n\t\t\t\t\t\t\t<div class=\"e-n-accordion\" aria-label=\"Accordion. Open links with Enter or Space, close with Escape, and navigate with Arrow Keys\">\n\t\t\t\t\t\t<details id=\"e-n-accordion-item-4290\" class=\"e-n-accordion-item\" open>\n\t\t\t\t<summary class=\"e-n-accordion-item-title\" data-accordion-index=\"1\" tabindex=\"0\" aria-expanded=\"true\" aria-controls=\"e-n-accordion-item-4290\" >\n\t\t\t\t\t<span class='e-n-accordion-item-title-header'><h2 class=\"e-n-accordion-item-title-text\"> JAMBON SERRANO ETG GRANDE R\u00c9SERVE D\u00c9SOSS\u00c9 ET COUP\u00c9 EN V <\/h2><\/span>\n\t\t\t\t\t\t\t<span class='e-n-accordion-item-title-icon'>\n\t\t\t<span class='e-opened' ><i aria-hidden=\"true\" class=\"icon icon-chevron-up\"><\/i><\/span>\n\t\t\t<span class='e-closed'><i aria-hidden=\"true\" class=\"icon icon-chevron-down\"><\/i><\/span>\n\t\t<\/span>\n\n\t\t\t\t\t\t<\/summary>\n\t\t\t\t<div role=\"region\" aria-labelledby=\"e-n-accordion-item-4290\" class=\"elementor-element elementor-element-2f3ff1e e-con-full e-flex e-con e-child\" data-id=\"2f3ff1e\" data-element_type=\"container\">\n\t\t\t\t<div class=\"elementor-element elementor-element-cbb4d59 elementor-position-left elementor-vertical-align-middle elementor-widget elementor-widget-image-box\" data-id=\"cbb4d59\" data-element_type=\"widget\" data-widget_type=\"image-box.default\">\n\t\t\t\t\t<div class=\"elementor-image-box-wrapper\"><figure class=\"elementor-image-box-img\"><img fetchpriority=\"high\" decoding=\"async\" width=\"1000\" height=\"1150\" src=\"https:\/\/basurde.es\/wp-content\/uploads\/2017\/03\/jamon-granreserva-biselado.png\" class=\"attachment-full size-full wp-image-1818\" alt=\"Jam\u00f3n Gran Reserva Biselado\" srcset=\"https:\/\/basurde.es\/wp-content\/uploads\/2017\/03\/jamon-granreserva-biselado.png 1000w, https:\/\/basurde.es\/wp-content\/uploads\/2017\/03\/jamon-granreserva-biselado-261x300.png 261w, https:\/\/basurde.es\/wp-content\/uploads\/2017\/03\/jamon-granreserva-biselado-768x883.png 768w, https:\/\/basurde.es\/wp-content\/uploads\/2017\/03\/jamon-granreserva-biselado-890x1024.png 890w\" sizes=\"(max-width: 1000px) 100vw, 1000px\" \/><\/figure><div class=\"elementor-image-box-content\"><p class=\"elementor-image-box-description\">Pi\u00e8ce de jambon Serrano d\u00e9soss\u00e9e, avec une incision en V sur la partie de la peau.<\/p><\/div><\/div>\t\t\t\t<\/div>\n\t\t\t\t<\/div>\n\t\t\t\t\t<\/details>\n\t\t\t\t\t\t<details id=\"e-n-accordion-item-4291\" class=\"e-n-accordion-item\" >\n\t\t\t\t<summary class=\"e-n-accordion-item-title\" data-accordion-index=\"2\" tabindex=\"-1\" aria-expanded=\"false\" aria-controls=\"e-n-accordion-item-4291\" >\n\t\t\t\t\t<span class='e-n-accordion-item-title-header'><h2 class=\"e-n-accordion-item-title-text\"> JAMBON SERRANO ETG GRANDE R\u00c9SERVE D\u00c9SOSS\u00c9, ENTI\u00c8REMENT D\u00c9COUENN\u00c9 ET POLI <\/h2><\/span>\n\t\t\t\t\t\t\t<span class='e-n-accordion-item-title-icon'>\n\t\t\t<span class='e-opened' ><i aria-hidden=\"true\" class=\"icon icon-chevron-up\"><\/i><\/span>\n\t\t\t<span class='e-closed'><i aria-hidden=\"true\" class=\"icon icon-chevron-down\"><\/i><\/span>\n\t\t<\/span>\n\n\t\t\t\t\t\t<\/summary>\n\t\t\t\t<div role=\"region\" aria-labelledby=\"e-n-accordion-item-4291\" class=\"elementor-element elementor-element-b97b9ab e-con-full e-flex e-con e-child\" data-id=\"b97b9ab\" data-element_type=\"container\">\n\t\t\t\t<div class=\"elementor-element elementor-element-56ea5c4 elementor-position-left elementor-vertical-align-middle elementor-widget elementor-widget-image-box\" data-id=\"56ea5c4\" data-element_type=\"widget\" data-widget_type=\"image-box.default\">\n\t\t\t\t\t<div class=\"elementor-image-box-wrapper\"><figure class=\"elementor-image-box-img\"><img decoding=\"async\" width=\"1000\" height=\"1150\" src=\"https:\/\/basurde.es\/wp-content\/uploads\/2017\/03\/jamon-granreserva-punto-maquina.png\" class=\"attachment-full size-full wp-image-1820\" alt=\"Jam\u00f3n Gran Reserva\" srcset=\"https:\/\/basurde.es\/wp-content\/uploads\/2017\/03\/jamon-granreserva-punto-maquina.png 1000w, https:\/\/basurde.es\/wp-content\/uploads\/2017\/03\/jamon-granreserva-punto-maquina-261x300.png 261w, https:\/\/basurde.es\/wp-content\/uploads\/2017\/03\/jamon-granreserva-punto-maquina-768x883.png 768w, https:\/\/basurde.es\/wp-content\/uploads\/2017\/03\/jamon-granreserva-punto-maquina-890x1024.png 890w\" sizes=\"(max-width: 1000px) 100vw, 1000px\" \/><\/figure><div class=\"elementor-image-box-content\"><p class=\"elementor-image-box-description\">Pi\u00e8ce de jambon Serrano d\u00e9soss\u00e9e, d\u00e9couenn\u00e9e des deux c\u00f4t\u00e9s.<\/p><\/div><\/div>\t\t\t\t<\/div>\n\t\t\t\t<\/div>\n\t\t\t\t\t<\/details>\n\t\t\t\t\t<\/div>\n\t\t\t\t\t\t<\/div>\n\t\t\t\t<div class=\"elementor-element elementor-element-2df3178 elementor-widget__width-inherit elementor-widget elementor-widget-heading\" data-id=\"2df3178\" data-element_type=\"widget\" data-widget_type=\"heading.default\">\n\t\t\t\t\t<span class=\"elementor-heading-title elementor-size-default\">Certifications:<\/span>\t\t\t\t<\/div>\n\t\t\t\t<div class=\"elementor-element elementor-element-0bb28ae elementor-widget__width-initial elementor-widget elementor-widget-image\" data-id=\"0bb28ae\" data-element_type=\"widget\" data-widget_type=\"image.default\">\n\t\t\t\t\t\t\t\t\t\t\t\t\t\t\t<img decoding=\"async\" width=\"234\" height=\"190\" src=\"https:\/\/basurde.es\/wp-content\/uploads\/2017\/03\/Certifood-b_n.jpg\" class=\"attachment-full size-full wp-image-1970\" alt=\"Certifood - Certificaci\u00f3n de producto agroalimentario\" \/>\t\t\t\t\t\t\t\t\t\t\t\t\t\t\t<\/div>\n\t\t\t\t<div class=\"elementor-element elementor-element-5ca714f elementor-widget__width-initial elementor-widget elementor-widget-image\" data-id=\"5ca714f\" data-element_type=\"widget\" data-widget_type=\"image.default\">\n\t\t\t\t\t\t\t\t\t\t\t\t\t\t\t<img loading=\"lazy\" decoding=\"async\" width=\"600\" height=\"600\" src=\"https:\/\/basurde.es\/wp-content\/uploads\/2017\/03\/ETG.png\" class=\"attachment-full size-full wp-image-1956\" alt=\"Especialidad Tradicional Garantizada\" srcset=\"https:\/\/basurde.es\/wp-content\/uploads\/2017\/03\/ETG.png 600w, https:\/\/basurde.es\/wp-content\/uploads\/2017\/03\/ETG-150x150.png 150w, https:\/\/basurde.es\/wp-content\/uploads\/2017\/03\/ETG-300x300.png 300w\" sizes=\"(max-width: 600px) 100vw, 600px\" \/>\t\t\t\t\t\t\t\t\t\t\t\t\t\t\t<\/div>\n\t\t\t\t<\/div>\n\t\t\t\t\t<\/div>\n\t\t\t\t<\/div>\n\t\t\t\t<\/div>\n\t\t","protected":false},"excerpt":{"rendered":"<p>Jambon Serrano ETG Grande R\u00e9serve Jambon Serrano R\u00e9serve label Sp\u00e9cialit\u00e9 Traditionnelle Garantie (ETG) avec patte et coupe en V sur la peau. Produit essentiellement gras obtenu de la salaison, du s\u00e9chage et de la maturation des membres post\u00e9rieurs du porc. 15 mois de s\u00e9chage minimum garantis. Ce produit avec patte est disponible dans diff\u00e9rents types [&hellip;]<\/p>\n","protected":false},"author":1,"featured_media":0,"parent":1391,"menu_order":0,"comment_status":"closed","ping_status":"closed","template":"","meta":{"footnotes":""},"class_list":["post-1538","page","type-page","status-publish","hentry"],"_links":{"self":[{"href":"https:\/\/basurde.es\/fr\/wp-json\/wp\/v2\/pages\/1538","targetHints":{"allow":["GET"]}}],"collection":[{"href":"https:\/\/basurde.es\/fr\/wp-json\/wp\/v2\/pages"}],"about":[{"href":"https:\/\/basurde.es\/fr\/wp-json\/wp\/v2\/types\/page"}],"author":[{"embeddable":true,"href":"https:\/\/basurde.es\/fr\/wp-json\/wp\/v2\/users\/1"}],"replies":[{"embeddable":true,"href":"https:\/\/basurde.es\/fr\/wp-json\/wp\/v2\/comments?post=1538"}],"version-history":[{"count":7,"href":"https:\/\/basurde.es\/fr\/wp-json\/wp\/v2\/pages\/1538\/revisions"}],"predecessor-version":[{"id":41339,"href":"https:\/\/basurde.es\/fr\/wp-json\/wp\/v2\/pages\/1538\/revisions\/41339"}],"up":[{"embeddable":true,"href":"https:\/\/basurde.es\/fr\/wp-json\/wp\/v2\/pages\/1391"}],"wp:attachment":[{"href":"https:\/\/basurde.es\/fr\/wp-json\/wp\/v2\/media?parent=1538"}],"curies":[{"name":"wp","href":"https:\/\/api.w.org\/{rel}","templated":true}]}}