{"id":1532,"date":"2017-03-09T15:29:39","date_gmt":"2017-03-09T15:29:39","guid":{"rendered":"http:\/\/basurde.es\/jambon\/jamon-serrano-etg\/"},"modified":"2025-11-19T11:39:16","modified_gmt":"2025-11-19T11:39:16","slug":"jambon-serrano-etg-reserve","status":"publish","type":"page","link":"https:\/\/basurde.es\/fr\/jambon\/jambon-serrano-etg-reserve\/","title":{"rendered":"Jambon Serrano ETG R\u00e9serve"},"content":{"rendered":"\t\t<div data-elementor-type=\"wp-page\" data-elementor-id=\"1532\" class=\"elementor elementor-1532 elementor-880\" data-elementor-post-type=\"page\">\n\t\t\t\t<div class=\"elementor-element elementor-element-9c88491 e-grid e-con-boxed e-con e-parent\" data-id=\"9c88491\" data-element_type=\"container\" data-settings=\"{&quot;background_background&quot;:&quot;classic&quot;}\">\n\t\t\t\t\t<div class=\"e-con-inner\">\n\t\t\t\t<div class=\"elementor-element elementor-element-f27a7fb elementor-widget elementor-widget-image\" data-id=\"f27a7fb\" data-element_type=\"widget\" data-widget_type=\"image.default\">\n\t\t\t\t\t\t\t\t\t\t\t\t\t\t\t<img decoding=\"async\" src=\"https:\/\/basurde.es\/wp-content\/uploads\/2017\/03\/jamon-reserva.png\" title=\"Jam\u00f3n Reserva\" alt=\"Jam\u00f3n Reserva\" loading=\"lazy\" \/>\t\t\t\t\t\t\t\t\t\t\t\t\t\t\t<\/div>\n\t\t<div class=\"elementor-element elementor-element-6fd11c0 e-con-full e-flex e-con e-child\" data-id=\"6fd11c0\" data-element_type=\"container\">\n\t\t\t\t<div class=\"elementor-element elementor-element-5706b39 elementor-widget elementor-widget-heading\" data-id=\"5706b39\" data-element_type=\"widget\" data-widget_type=\"heading.default\">\n\t\t\t\t\t<h1 class=\"elementor-heading-title elementor-size-default\">Jambon Serrano ETG R\u00e9serve<\/h1>\t\t\t\t<\/div>\n\t\t\t\t<div class=\"elementor-element elementor-element-50a51cd elementor-widget elementor-widget-text-editor\" data-id=\"50a51cd\" data-element_type=\"widget\" data-widget_type=\"text-editor.default\">\n\t\t\t\t\t\t\t\t\t<p>Jambon Serrano R\u00e9serve label <a href=\"https:\/\/dev.basurde.es\/fr\/certifications\/\">Sp\u00e9cialit\u00e9 Traditionnelle Garantie<\/a> (ETG) sans patte et coupe en V sur la peau<\/p><p>Produit essentiellement gras obtenu de la salaison, du s\u00e9chage et de la maturation des membres post\u00e9rieurs du porc.<\/p><p>Curaci\u00f3n m\u00ednima de 12 meses garantizada.<\/p>\t\t\t\t\t\t\t\t<\/div>\n\t\t\t\t<div class=\"elementor-element elementor-element-692f1ed elementor-widget__width-inherit elementor-widget elementor-widget-heading\" data-id=\"692f1ed\" data-element_type=\"widget\" data-widget_type=\"heading.default\">\n\t\t\t\t\t<span class=\"elementor-heading-title elementor-size-default\">Certifications:<\/span>\t\t\t\t<\/div>\n\t\t\t\t<div class=\"elementor-element elementor-element-584954c elementor-widget__width-initial elementor-widget elementor-widget-image\" data-id=\"584954c\" data-element_type=\"widget\" data-widget_type=\"image.default\">\n\t\t\t\t\t\t\t\t\t\t\t\t\t\t\t<img decoding=\"async\" width=\"234\" height=\"190\" src=\"https:\/\/basurde.es\/wp-content\/uploads\/2017\/03\/Certifood-b_n.jpg\" class=\"attachment-full size-full wp-image-1970\" alt=\"Certifood - Certificaci\u00f3n de producto agroalimentario\" \/>\t\t\t\t\t\t\t\t\t\t\t\t\t\t\t<\/div>\n\t\t\t\t<div class=\"elementor-element elementor-element-72206e8 elementor-widget__width-initial elementor-widget elementor-widget-image\" data-id=\"72206e8\" data-element_type=\"widget\" data-widget_type=\"image.default\">\n\t\t\t\t\t\t\t\t\t\t\t\t\t\t\t<img fetchpriority=\"high\" decoding=\"async\" width=\"600\" height=\"600\" src=\"https:\/\/basurde.es\/wp-content\/uploads\/2017\/03\/ETG.png\" class=\"attachment-full size-full wp-image-1956\" alt=\"Especialidad Tradicional Garantizada\" srcset=\"https:\/\/basurde.es\/wp-content\/uploads\/2017\/03\/ETG.png 600w, https:\/\/basurde.es\/wp-content\/uploads\/2017\/03\/ETG-150x150.png 150w, https:\/\/basurde.es\/wp-content\/uploads\/2017\/03\/ETG-300x300.png 300w\" sizes=\"(max-width: 600px) 100vw, 600px\" \/>\t\t\t\t\t\t\t\t\t\t\t\t\t\t\t<\/div>\n\t\t\t\t<\/div>\n\t\t\t\t\t<\/div>\n\t\t\t\t<\/div>\n\t\t\t\t<\/div>\n\t\t","protected":false},"excerpt":{"rendered":"<p>Jambon Serrano ETG R\u00e9serve Jambon Serrano R\u00e9serve label Sp\u00e9cialit\u00e9 Traditionnelle Garantie (ETG) sans patte et coupe en V sur la peau Produit essentiellement gras obtenu de la salaison, du s\u00e9chage et de la maturation des membres post\u00e9rieurs du porc. Curaci\u00f3n m\u00ednima de 12 meses garantizada. Certifications:<\/p>\n","protected":false},"author":1,"featured_media":0,"parent":1391,"menu_order":0,"comment_status":"closed","ping_status":"closed","template":"","meta":{"footnotes":""},"class_list":["post-1532","page","type-page","status-publish","hentry"],"_links":{"self":[{"href":"https:\/\/basurde.es\/fr\/wp-json\/wp\/v2\/pages\/1532","targetHints":{"allow":["GET"]}}],"collection":[{"href":"https:\/\/basurde.es\/fr\/wp-json\/wp\/v2\/pages"}],"about":[{"href":"https:\/\/basurde.es\/fr\/wp-json\/wp\/v2\/types\/page"}],"author":[{"embeddable":true,"href":"https:\/\/basurde.es\/fr\/wp-json\/wp\/v2\/users\/1"}],"replies":[{"embeddable":true,"href":"https:\/\/basurde.es\/fr\/wp-json\/wp\/v2\/comments?post=1532"}],"version-history":[{"count":7,"href":"https:\/\/basurde.es\/fr\/wp-json\/wp\/v2\/pages\/1532\/revisions"}],"predecessor-version":[{"id":41323,"href":"https:\/\/basurde.es\/fr\/wp-json\/wp\/v2\/pages\/1532\/revisions\/41323"}],"up":[{"embeddable":true,"href":"https:\/\/basurde.es\/fr\/wp-json\/wp\/v2\/pages\/1391"}],"wp:attachment":[{"href":"https:\/\/basurde.es\/fr\/wp-json\/wp\/v2\/media?parent=1532"}],"curies":[{"name":"wp","href":"https:\/\/api.w.org\/{rel}","templated":true}]}}