{"id":1528,"date":"2017-03-05T14:54:23","date_gmt":"2017-03-05T14:54:23","guid":{"rendered":"http:\/\/basurde.es\/paleta\/"},"modified":"2025-11-19T12:20:14","modified_gmt":"2025-11-19T12:20:14","slug":"epaule","status":"publish","type":"page","link":"https:\/\/basurde.es\/fr\/epaule\/","title":{"rendered":"\u00c9paules Basurde"},"content":{"rendered":"\t\t<div data-elementor-type=\"wp-page\" data-elementor-id=\"1528\" class=\"elementor elementor-1528 elementor-635\" data-elementor-post-type=\"page\">\n\t\t\t\t<div class=\"elementor-element elementor-element-afd4115 e-flex e-con-boxed e-con e-parent\" data-id=\"afd4115\" data-element_type=\"container\" data-settings=\"{&quot;background_background&quot;:&quot;slideshow&quot;,&quot;background_slideshow_gallery&quot;:[{&quot;id&quot;:2042,&quot;url&quot;:&quot;https:\\\/\\\/dev.basurde.es\\\/wp-content\\\/uploads\\\/2017\\\/03\\\/paletas-slide1-FR.jpg&quot;},{&quot;id&quot;:2046,&quot;url&quot;:&quot;https:\\\/\\\/dev.basurde.es\\\/wp-content\\\/uploads\\\/2017\\\/03\\\/paletas-slide2-FR.jpg&quot;}],&quot;background_slideshow_loop&quot;:&quot;yes&quot;,&quot;background_slideshow_slide_duration&quot;:5000,&quot;background_slideshow_slide_transition&quot;:&quot;fade&quot;,&quot;background_slideshow_transition_duration&quot;:500}\">\n\t\t\t\t\t<div class=\"e-con-inner\">\n\t\t\t\t\t<\/div>\n\t\t\t\t<\/div>\n\t\t<div class=\"elementor-element elementor-element-79734ce e-flex e-con-boxed e-con e-parent\" data-id=\"79734ce\" data-element_type=\"container\" data-settings=\"{&quot;background_background&quot;:&quot;classic&quot;}\">\n\t\t\t\t\t<div class=\"e-con-inner\">\n\t\t\t\t<div class=\"elementor-element elementor-element-756a255 elementor-widget elementor-widget-heading\" data-id=\"756a255\" data-element_type=\"widget\" data-widget_type=\"heading.default\">\n\t\t\t\t\t<h1 class=\"elementor-heading-title elementor-size-default\">\u00c9paule<\/h1>\t\t\t\t<\/div>\n\t\t<div class=\"elementor-element elementor-element-acad9d4 e-grid e-con-full e-con e-child\" data-id=\"acad9d4\" data-element_type=\"container\">\n\t\t\t\t<div class=\"elementor-element elementor-element-a8f3e4e elementor-position-top elementor-widget elementor-widget-image-box\" data-id=\"a8f3e4e\" data-element_type=\"widget\" data-widget_type=\"image-box.default\">\n\t\t\t\t\t<div class=\"elementor-image-box-wrapper\"><figure class=\"elementor-image-box-img\"><a href=\"https:\/\/basurde.es\/fr\/epaule\/epaule-sechee-sans-patte\/\" tabindex=\"-1\"><img fetchpriority=\"high\" decoding=\"async\" width=\"1000\" height=\"1150\" src=\"https:\/\/basurde.es\/wp-content\/uploads\/2017\/03\/paleta-curada-1.png\" class=\"attachment-full size-full wp-image-1992\" alt=\"Paleta de cerdo sin Pata\" srcset=\"https:\/\/basurde.es\/wp-content\/uploads\/2017\/03\/paleta-curada-1.png 1000w, https:\/\/basurde.es\/wp-content\/uploads\/2017\/03\/paleta-curada-1-261x300.png 261w, https:\/\/basurde.es\/wp-content\/uploads\/2017\/03\/paleta-curada-1-768x883.png 768w, https:\/\/basurde.es\/wp-content\/uploads\/2017\/03\/paleta-curada-1-890x1024.png 890w\" sizes=\"(max-width: 1000px) 100vw, 1000px\" \/><\/a><\/figure><div class=\"elementor-image-box-content\"><h2 class=\"elementor-image-box-title\"><a href=\"https:\/\/basurde.es\/fr\/epaule\/epaule-sechee-sans-patte\/\">\u00c9paule S\u00e9ch\u00e9e<\/a><\/h2><\/div><\/div>\t\t\t\t<\/div>\n\t\t\t\t<div class=\"elementor-element elementor-element-376d2c6 elementor-position-top elementor-widget elementor-widget-image-box\" data-id=\"376d2c6\" data-element_type=\"widget\" data-widget_type=\"image-box.default\">\n\t\t\t\t\t<div class=\"elementor-image-box-wrapper\"><figure class=\"elementor-image-box-img\"><a href=\"https:\/\/basurde.es\/fr\/epaule\/epaule-duroc\/\" tabindex=\"-1\"><img decoding=\"async\" width=\"1000\" height=\"1150\" src=\"https:\/\/basurde.es\/wp-content\/uploads\/2017\/03\/paleta-duroc-1.png\" class=\"attachment-full size-full wp-image-1994\" alt=\"Paleta Duroc con Pata\" srcset=\"https:\/\/basurde.es\/wp-content\/uploads\/2017\/03\/paleta-duroc-1.png 1000w, https:\/\/basurde.es\/wp-content\/uploads\/2017\/03\/paleta-duroc-1-261x300.png 261w, https:\/\/basurde.es\/wp-content\/uploads\/2017\/03\/paleta-duroc-1-768x883.png 768w, https:\/\/basurde.es\/wp-content\/uploads\/2017\/03\/paleta-duroc-1-890x1024.png 890w\" sizes=\"(max-width: 1000px) 100vw, 1000px\" \/><\/a><\/figure><div class=\"elementor-image-box-content\"><h2 class=\"elementor-image-box-title\"><a href=\"https:\/\/basurde.es\/fr\/epaule\/epaule-duroc\/\">\u00c9paule Duroc<\/a><\/h2><\/div><\/div>\t\t\t\t<\/div>\n\t\t\t\t<div class=\"elementor-element elementor-element-d4b8549 elementor-position-top elementor-widget elementor-widget-image-box\" data-id=\"d4b8549\" data-element_type=\"widget\" data-widget_type=\"image-box.default\">\n\t\t\t\t\t<div class=\"elementor-image-box-wrapper\"><figure class=\"elementor-image-box-img\"><a href=\"https:\/\/basurde.es\/fr\/epaule\/epaule-iberique-cebo\/\" tabindex=\"-1\"><img decoding=\"async\" width=\"1000\" height=\"1150\" src=\"https:\/\/basurde.es\/wp-content\/uploads\/2017\/03\/paleta-cebo-iberica-2.png\" class=\"attachment-full size-full wp-image-1990\" alt=\"Paleta de cerdo Ib\u00e9rica\" srcset=\"https:\/\/basurde.es\/wp-content\/uploads\/2017\/03\/paleta-cebo-iberica-2.png 1000w, https:\/\/basurde.es\/wp-content\/uploads\/2017\/03\/paleta-cebo-iberica-2-261x300.png 261w, https:\/\/basurde.es\/wp-content\/uploads\/2017\/03\/paleta-cebo-iberica-2-768x883.png 768w, https:\/\/basurde.es\/wp-content\/uploads\/2017\/03\/paleta-cebo-iberica-2-890x1024.png 890w\" sizes=\"(max-width: 1000px) 100vw, 1000px\" \/><\/a><\/figure><div class=\"elementor-image-box-content\"><h2 class=\"elementor-image-box-title\"><a href=\"https:\/\/basurde.es\/fr\/epaule\/epaule-iberique-cebo\/\">\u00c9paule Ib\u00e9rique Cebo 50% Race Ib\u00e9rique<\/a><\/h2><\/div><\/div>\t\t\t\t<\/div>\n\t\t\t\t<div class=\"elementor-element elementor-element-c51e8c4 elementor-position-top elementor-widget elementor-widget-image-box\" data-id=\"c51e8c4\" data-element_type=\"widget\" data-widget_type=\"image-box.default\">\n\t\t\t\t\t<div class=\"elementor-image-box-wrapper\"><figure class=\"elementor-image-box-img\"><a href=\"https:\/\/basurde.es\/fr\/epaule\/epaule-iberique-cebo-campo\/\" tabindex=\"-1\"><img loading=\"lazy\" decoding=\"async\" width=\"1000\" height=\"1150\" src=\"https:\/\/basurde.es\/wp-content\/uploads\/2017\/03\/paleta-cebo-campo-iberica-1.png\" class=\"attachment-full size-full wp-image-1988\" alt=\"Paleta de cebo Ib\u00e9rica\" srcset=\"https:\/\/basurde.es\/wp-content\/uploads\/2017\/03\/paleta-cebo-campo-iberica-1.png 1000w, https:\/\/basurde.es\/wp-content\/uploads\/2017\/03\/paleta-cebo-campo-iberica-1-261x300.png 261w, https:\/\/basurde.es\/wp-content\/uploads\/2017\/03\/paleta-cebo-campo-iberica-1-768x883.png 768w, https:\/\/basurde.es\/wp-content\/uploads\/2017\/03\/paleta-cebo-campo-iberica-1-890x1024.png 890w\" sizes=\"(max-width: 1000px) 100vw, 1000px\" \/><\/a><\/figure><div class=\"elementor-image-box-content\"><h2 class=\"elementor-image-box-title\"><a href=\"https:\/\/basurde.es\/fr\/epaule\/epaule-iberique-cebo-campo\/\">\u00c9paule Ib\u00e9rique Cebo de Campo 50% Race Ib\u00e9rique<\/a><\/h2><\/div><\/div>\t\t\t\t<\/div>\n\t\t\t\t<div class=\"elementor-element elementor-element-ae41d97 elementor-position-top elementor-widget elementor-widget-image-box\" data-id=\"ae41d97\" data-element_type=\"widget\" data-widget_type=\"image-box.default\">\n\t\t\t\t\t<div class=\"elementor-image-box-wrapper\"><figure class=\"elementor-image-box-img\"><a href=\"https:\/\/basurde.es\/fr\/epaule\/epaule-iberique-bellota\/\" tabindex=\"-1\"><img loading=\"lazy\" decoding=\"async\" width=\"1000\" height=\"1150\" src=\"https:\/\/basurde.es\/wp-content\/uploads\/2017\/03\/paleta-bellota-iberica-1.png\" class=\"attachment-full size-full wp-image-1986\" alt=\"Paleta de cerdo de bellota Ib\u00e9rica\" srcset=\"https:\/\/basurde.es\/wp-content\/uploads\/2017\/03\/paleta-bellota-iberica-1.png 1000w, https:\/\/basurde.es\/wp-content\/uploads\/2017\/03\/paleta-bellota-iberica-1-261x300.png 261w, https:\/\/basurde.es\/wp-content\/uploads\/2017\/03\/paleta-bellota-iberica-1-768x883.png 768w, https:\/\/basurde.es\/wp-content\/uploads\/2017\/03\/paleta-bellota-iberica-1-890x1024.png 890w\" sizes=\"(max-width: 1000px) 100vw, 1000px\" \/><\/a><\/figure><div class=\"elementor-image-box-content\"><h2 class=\"elementor-image-box-title\"><a href=\"https:\/\/basurde.es\/fr\/epaule\/epaule-iberique-bellota\/\">\u00c9paule Ib\u00e9rique Bellota 50% Race Ib\u00e9rique<\/a><\/h2><\/div><\/div>\t\t\t\t<\/div>\n\t\t\t\t<\/div>\n\t\t\t\t\t<\/div>\n\t\t\t\t<\/div>\n\t\t\t\t<\/div>\n\t\t","protected":false},"excerpt":{"rendered":"<p>\u00c9paule \u00c9paule S\u00e9ch\u00e9e \u00c9paule Duroc \u00c9paule Ib\u00e9rique Cebo 50% Race Ib\u00e9rique \u00c9paule Ib\u00e9rique Cebo de Campo 50% Race Ib\u00e9rique \u00c9paule Ib\u00e9rique Bellota 50% Race Ib\u00e9rique<\/p>\n","protected":false},"author":1,"featured_media":0,"parent":0,"menu_order":0,"comment_status":"closed","ping_status":"closed","template":"","meta":{"footnotes":""},"class_list":["post-1528","page","type-page","status-publish","hentry"],"_links":{"self":[{"href":"https:\/\/basurde.es\/fr\/wp-json\/wp\/v2\/pages\/1528","targetHints":{"allow":["GET"]}}],"collection":[{"href":"https:\/\/basurde.es\/fr\/wp-json\/wp\/v2\/pages"}],"about":[{"href":"https:\/\/basurde.es\/fr\/wp-json\/wp\/v2\/types\/page"}],"author":[{"embeddable":true,"href":"https:\/\/basurde.es\/fr\/wp-json\/wp\/v2\/users\/1"}],"replies":[{"embeddable":true,"href":"https:\/\/basurde.es\/fr\/wp-json\/wp\/v2\/comments?post=1528"}],"version-history":[{"count":11,"href":"https:\/\/basurde.es\/fr\/wp-json\/wp\/v2\/pages\/1528\/revisions"}],"predecessor-version":[{"id":41407,"href":"https:\/\/basurde.es\/fr\/wp-json\/wp\/v2\/pages\/1528\/revisions\/41407"}],"wp:attachment":[{"href":"https:\/\/basurde.es\/fr\/wp-json\/wp\/v2\/media?parent=1528"}],"curies":[{"name":"wp","href":"https:\/\/api.w.org\/{rel}","templated":true}]}}