{"id":1479,"date":"2017-03-14T09:31:38","date_gmt":"2017-03-14T09:31:38","guid":{"rendered":"http:\/\/basurde.es\/lomos\/"},"modified":"2025-11-19T12:17:51","modified_gmt":"2025-11-19T12:17:51","slug":"echine","status":"publish","type":"page","link":"https:\/\/basurde.es\/fr\/echine\/","title":{"rendered":"\u00c9chine"},"content":{"rendered":"\t\t<div data-elementor-type=\"wp-page\" data-elementor-id=\"1479\" class=\"elementor elementor-1479 elementor-1158\" data-elementor-post-type=\"page\">\n\t\t\t\t<div class=\"elementor-element elementor-element-d2756e5 e-flex e-con-boxed e-con e-parent\" data-id=\"d2756e5\" data-element_type=\"container\" data-settings=\"{&quot;background_background&quot;:&quot;slideshow&quot;,&quot;background_slideshow_gallery&quot;:[{&quot;id&quot;:2034,&quot;url&quot;:&quot;https:\\\/\\\/dev.basurde.es\\\/wp-content\\\/uploads\\\/2017\\\/03\\\/lomo-slide-FR.jpg&quot;},{&quot;id&quot;:2038,&quot;url&quot;:&quot;https:\\\/\\\/dev.basurde.es\\\/wp-content\\\/uploads\\\/2017\\\/03\\\/lomo-slide1-FR.jpg&quot;}],&quot;background_slideshow_loop&quot;:&quot;yes&quot;,&quot;background_slideshow_slide_duration&quot;:5000,&quot;background_slideshow_slide_transition&quot;:&quot;fade&quot;,&quot;background_slideshow_transition_duration&quot;:500}\">\n\t\t\t\t\t<div class=\"e-con-inner\">\n\t\t\t\t\t<\/div>\n\t\t\t\t<\/div>\n\t\t<div class=\"elementor-element elementor-element-21f9bd6 e-flex e-con-boxed e-con e-parent\" data-id=\"21f9bd6\" data-element_type=\"container\" data-settings=\"{&quot;background_background&quot;:&quot;classic&quot;}\">\n\t\t\t\t\t<div class=\"e-con-inner\">\n\t\t\t\t<div class=\"elementor-element elementor-element-b192872 elementor-widget elementor-widget-heading\" data-id=\"b192872\" data-element_type=\"widget\" data-widget_type=\"heading.default\">\n\t\t\t\t\t<h1 class=\"elementor-heading-title elementor-size-default\">\u00c9chine<\/h1>\t\t\t\t<\/div>\n\t\t<div class=\"elementor-element elementor-element-b4716c4 e-grid e-con-full e-con e-child\" data-id=\"b4716c4\" data-element_type=\"container\">\n\t\t\t\t<div class=\"elementor-element elementor-element-eaa82bd elementor-position-top elementor-widget elementor-widget-image-box\" data-id=\"eaa82bd\" data-element_type=\"widget\" data-widget_type=\"image-box.default\">\n\t\t\t\t\t<div class=\"elementor-image-box-wrapper\"><figure class=\"elementor-image-box-img\"><a href=\"https:\/\/basurde.es\/fr\/echine\/echine-porc-seche-embossee\/\" tabindex=\"-1\"><img fetchpriority=\"high\" decoding=\"async\" width=\"1000\" height=\"1150\" src=\"https:\/\/basurde.es\/wp-content\/uploads\/2017\/03\/lomo-curado-sello-1.png\" class=\"attachment-full size-full wp-image-1982\" alt=\"Lomo Curado\" srcset=\"https:\/\/basurde.es\/wp-content\/uploads\/2017\/03\/lomo-curado-sello-1.png 1000w, https:\/\/basurde.es\/wp-content\/uploads\/2017\/03\/lomo-curado-sello-1-261x300.png 261w, https:\/\/basurde.es\/wp-content\/uploads\/2017\/03\/lomo-curado-sello-1-768x883.png 768w, https:\/\/basurde.es\/wp-content\/uploads\/2017\/03\/lomo-curado-sello-1-890x1024.png 890w\" sizes=\"(max-width: 1000px) 100vw, 1000px\" \/><\/a><\/figure><div class=\"elementor-image-box-content\"><h2 class=\"elementor-image-box-title\"><a href=\"https:\/\/basurde.es\/fr\/echine\/echine-porc-seche-embossee\/\">\u00c9chine de Porc S\u00e8che Emboss\u00e9e<\/a><\/h2><\/div><\/div>\t\t\t\t<\/div>\n\t\t\t\t<div class=\"elementor-element elementor-element-ae8801e elementor-position-top elementor-widget elementor-widget-image-box\" data-id=\"ae8801e\" data-element_type=\"widget\" data-widget_type=\"image-box.default\">\n\t\t\t\t\t<div class=\"elementor-image-box-wrapper\"><figure class=\"elementor-image-box-img\"><a href=\"https:\/\/basurde.es\/fr\/echine\/echine-porc-embossee-selection\/\" tabindex=\"-1\"><img decoding=\"async\" width=\"1000\" height=\"1150\" src=\"https:\/\/basurde.es\/wp-content\/uploads\/2017\/03\/lomo-seleccion-sello-1.png\" class=\"attachment-full size-full wp-image-1984\" alt=\"Lomo Selecci\u00f3n\" srcset=\"https:\/\/basurde.es\/wp-content\/uploads\/2017\/03\/lomo-seleccion-sello-1.png 1000w, https:\/\/basurde.es\/wp-content\/uploads\/2017\/03\/lomo-seleccion-sello-1-261x300.png 261w, https:\/\/basurde.es\/wp-content\/uploads\/2017\/03\/lomo-seleccion-sello-1-768x883.png 768w, https:\/\/basurde.es\/wp-content\/uploads\/2017\/03\/lomo-seleccion-sello-1-890x1024.png 890w\" sizes=\"(max-width: 1000px) 100vw, 1000px\" \/><\/a><\/figure><div class=\"elementor-image-box-content\"><h2 class=\"elementor-image-box-title\"><a href=\"https:\/\/basurde.es\/fr\/echine\/echine-porc-embossee-selection\/\">\u00c9chine de Porc Emboss\u00e9 S\u00e9lection<\/a><\/h2><\/div><\/div>\t\t\t\t<\/div>\n\t\t\t\t<\/div>\n\t\t\t\t\t<\/div>\n\t\t\t\t<\/div>\n\t\t\t\t<\/div>\n\t\t","protected":false},"excerpt":{"rendered":"<p>\u00c9chine \u00c9chine de Porc S\u00e8che Emboss\u00e9e \u00c9chine de Porc Emboss\u00e9 S\u00e9lection<\/p>\n","protected":false},"author":1,"featured_media":0,"parent":0,"menu_order":0,"comment_status":"closed","ping_status":"closed","template":"","meta":{"footnotes":""},"class_list":["post-1479","page","type-page","status-publish","hentry"],"_links":{"self":[{"href":"https:\/\/basurde.es\/fr\/wp-json\/wp\/v2\/pages\/1479","targetHints":{"allow":["GET"]}}],"collection":[{"href":"https:\/\/basurde.es\/fr\/wp-json\/wp\/v2\/pages"}],"about":[{"href":"https:\/\/basurde.es\/fr\/wp-json\/wp\/v2\/types\/page"}],"author":[{"embeddable":true,"href":"https:\/\/basurde.es\/fr\/wp-json\/wp\/v2\/users\/1"}],"replies":[{"embeddable":true,"href":"https:\/\/basurde.es\/fr\/wp-json\/wp\/v2\/comments?post=1479"}],"version-history":[{"count":9,"href":"https:\/\/basurde.es\/fr\/wp-json\/wp\/v2\/pages\/1479\/revisions"}],"predecessor-version":[{"id":41395,"href":"https:\/\/basurde.es\/fr\/wp-json\/wp\/v2\/pages\/1479\/revisions\/41395"}],"wp:attachment":[{"href":"https:\/\/basurde.es\/fr\/wp-json\/wp\/v2\/media?parent=1479"}],"curies":[{"name":"wp","href":"https:\/\/api.w.org\/{rel}","templated":true}]}}