{"id":1473,"date":"2017-03-09T16:07:37","date_gmt":"2017-03-09T16:07:37","guid":{"rendered":"http:\/\/basurde.es\/lomo-embuchado-seleccion\/"},"modified":"2025-11-19T12:07:25","modified_gmt":"2025-11-19T12:07:25","slug":"echine-porc-embossee-selection","status":"publish","type":"page","link":"https:\/\/basurde.es\/fr\/echine\/echine-porc-embossee-selection\/","title":{"rendered":"\u00c9chine de Porc S\u00e8che Emboss\u00e9e S\u00e9lection"},"content":{"rendered":"\t\t<div data-elementor-type=\"wp-page\" data-elementor-id=\"1473\" class=\"elementor elementor-1473 elementor-912\" data-elementor-post-type=\"page\">\n\t\t\t\t<div class=\"elementor-element elementor-element-0d47e3b e-grid e-con-boxed e-con e-parent\" data-id=\"0d47e3b\" data-element_type=\"container\" data-settings=\"{&quot;background_background&quot;:&quot;classic&quot;}\">\n\t\t\t\t\t<div class=\"e-con-inner\">\n\t\t\t\t<div class=\"elementor-element elementor-element-c46c1c7 elementor-widget elementor-widget-image\" data-id=\"c46c1c7\" data-element_type=\"widget\" data-widget_type=\"image.default\">\n\t\t\t\t\t\t\t\t\t\t\t\t\t\t\t<img decoding=\"async\" src=\"https:\/\/basurde.es\/wp-content\/uploads\/2017\/03\/lomo-seleccion-sello-1.png\" title=\"Lomo Selecci\u00f3n\" alt=\"Lomo Selecci\u00f3n\" loading=\"lazy\" \/>\t\t\t\t\t\t\t\t\t\t\t\t\t\t\t<\/div>\n\t\t<div class=\"elementor-element elementor-element-58c6672 e-con-full e-flex e-con e-child\" data-id=\"58c6672\" data-element_type=\"container\">\n\t\t\t\t<div class=\"elementor-element elementor-element-d3affc9 elementor-widget elementor-widget-heading\" data-id=\"d3affc9\" data-element_type=\"widget\" data-widget_type=\"heading.default\">\n\t\t\t\t\t<h1 class=\"elementor-heading-title elementor-size-default\">\u00c9chine de Porc S\u00e8che Emboss\u00e9e S\u00e9lection\n<\/h1>\t\t\t\t<\/div>\n\t\t\t\t<div class=\"elementor-element elementor-element-03a29b1 elementor-widget elementor-widget-text-editor\" data-id=\"03a29b1\" data-element_type=\"widget\" data-widget_type=\"text-editor.default\">\n\t\t\t\t\t\t\t\t\t<p>Produit d\u2019une qualit\u00e9 extraordinaire obtenu \u00e0 partir des porcs les plus gras et \u00e0 haut degr\u00e9 d\u2019infiltration (persill\u00e9), soumis \u00e0 l\u2019action du sel, condiment\u00e9 avec des \u00e9pices et autres condiments qui lui conf\u00e8rent son aspect et sa saveur caract\u00e9ristiques, puis emboss\u00e9 dans un boyau en plastique pour \u00eatre soumis au processus de maturation-s\u00e9chage afin d\u2019assurer une bonne stabilit\u00e9 du produit et d\u2019obtenir son odeur et sa saveur caract\u00e9ristiques.<\/p><p>Ce produit est disponible en pi\u00e8ces enti\u00e8res ou en moiti\u00e9s.<\/p>\t\t\t\t\t\t\t\t<\/div>\n\t\t\t\t<\/div>\n\t\t\t\t\t<\/div>\n\t\t\t\t<\/div>\n\t\t\t\t<\/div>\n\t\t","protected":false},"excerpt":{"rendered":"<p>\u00c9chine de Porc S\u00e8che Emboss\u00e9e S\u00e9lection Produit d\u2019une qualit\u00e9 extraordinaire obtenu \u00e0 partir des porcs les plus gras et \u00e0 haut degr\u00e9 d\u2019infiltration (persill\u00e9), soumis \u00e0 l\u2019action du sel, condiment\u00e9 avec des \u00e9pices et autres condiments qui lui conf\u00e8rent son aspect et sa saveur caract\u00e9ristiques, puis emboss\u00e9 dans un boyau en plastique pour \u00eatre soumis [&hellip;]<\/p>\n","protected":false},"author":1,"featured_media":0,"parent":1479,"menu_order":0,"comment_status":"closed","ping_status":"closed","template":"","meta":{"footnotes":""},"class_list":["post-1473","page","type-page","status-publish","hentry"],"_links":{"self":[{"href":"https:\/\/basurde.es\/fr\/wp-json\/wp\/v2\/pages\/1473","targetHints":{"allow":["GET"]}}],"collection":[{"href":"https:\/\/basurde.es\/fr\/wp-json\/wp\/v2\/pages"}],"about":[{"href":"https:\/\/basurde.es\/fr\/wp-json\/wp\/v2\/types\/page"}],"author":[{"embeddable":true,"href":"https:\/\/basurde.es\/fr\/wp-json\/wp\/v2\/users\/1"}],"replies":[{"embeddable":true,"href":"https:\/\/basurde.es\/fr\/wp-json\/wp\/v2\/comments?post=1473"}],"version-history":[{"count":8,"href":"https:\/\/basurde.es\/fr\/wp-json\/wp\/v2\/pages\/1473\/revisions"}],"predecessor-version":[{"id":41373,"href":"https:\/\/basurde.es\/fr\/wp-json\/wp\/v2\/pages\/1473\/revisions\/41373"}],"up":[{"embeddable":true,"href":"https:\/\/basurde.es\/fr\/wp-json\/wp\/v2\/pages\/1479"}],"wp:attachment":[{"href":"https:\/\/basurde.es\/fr\/wp-json\/wp\/v2\/media?parent=1473"}],"curies":[{"name":"wp","href":"https:\/\/api.w.org\/{rel}","templated":true}]}}