{"id":1468,"date":"2017-03-09T16:06:09","date_gmt":"2017-03-09T16:06:09","guid":{"rendered":"http:\/\/basurde.es\/lomo-embuchado-curado\/"},"modified":"2025-11-19T09:25:21","modified_gmt":"2025-11-19T09:25:21","slug":"echine-porc-seche-embossee","status":"publish","type":"page","link":"https:\/\/basurde.es\/fr\/echine\/echine-porc-seche-embossee\/","title":{"rendered":"\u00c9chine de Porc S\u00e9che emboss\u00e9e"},"content":{"rendered":"\t\t<div data-elementor-type=\"wp-page\" data-elementor-id=\"1468\" class=\"elementor elementor-1468 elementor-909\" data-elementor-post-type=\"page\">\n\t\t\t\t<div class=\"elementor-element elementor-element-8233a83 e-grid e-con-boxed e-con e-parent\" data-id=\"8233a83\" data-element_type=\"container\" data-settings=\"{&quot;background_background&quot;:&quot;classic&quot;}\">\n\t\t\t\t\t<div class=\"e-con-inner\">\n\t\t\t\t<div class=\"elementor-element elementor-element-c29c40a elementor-widget elementor-widget-image\" data-id=\"c29c40a\" data-element_type=\"widget\" data-widget_type=\"image.default\">\n\t\t\t\t\t\t\t\t\t\t\t\t\t\t\t<img decoding=\"async\" src=\"https:\/\/basurde.es\/wp-content\/uploads\/2025\/11\/lomo-seleccion-sello-1-1.png\" title=\"Lomo Selecci\u00f3n\" alt=\"Lomo Selecci\u00f3n\" loading=\"lazy\" \/>\t\t\t\t\t\t\t\t\t\t\t\t\t\t\t<\/div>\n\t\t<div class=\"elementor-element elementor-element-47fb2a0 e-con-full e-flex e-con e-child\" data-id=\"47fb2a0\" data-element_type=\"container\">\n\t\t\t\t<div class=\"elementor-element elementor-element-89a03e1 elementor-widget elementor-widget-heading\" data-id=\"89a03e1\" data-element_type=\"widget\" data-widget_type=\"heading.default\">\n\t\t\t\t\t<h1 class=\"elementor-heading-title elementor-size-default\">\u00c9chine de Porc S\u00e9che emboss\u00e9e\n\n<\/h1>\t\t\t\t<\/div>\n\t\t\t\t<div class=\"elementor-element elementor-element-ce5ec60 elementor-widget elementor-widget-text-editor\" data-id=\"ce5ec60\" data-element_type=\"widget\" data-widget_type=\"text-editor.default\">\n\t\t\t\t\t\t\t\t\t<p>L\u2019\u00e9chine de porc s\u00e8che emboss\u00e9e est un produit du porc \u00e9labor\u00e9 \u00e0 partir d\u2019\u00e9chine crue, soumise \u00e0 l\u2019action du sel, condiment\u00e9e avec des \u00e9pices et autres condiments qui lui conf\u00e8rent son aspect et sa saveur caract\u00e9ristiques, puis emboss\u00e9e dans un boyau en plastique pour \u00eatre soumise au processus de maturation-s\u00e9chage afin d\u2019assurer une bonne stabilit\u00e9 du produit et d\u2019obtenir son odeur et sa saveur caract\u00e9ristiques.<\/p><p>Ce produit est disponible en pi\u00e8ces enti\u00e8res ou en moiti\u00e9s.<\/p><p>\u00a0<\/p>\t\t\t\t\t\t\t\t<\/div>\n\t\t\t\t<\/div>\n\t\t\t\t\t<\/div>\n\t\t\t\t<\/div>\n\t\t\t\t<\/div>\n\t\t","protected":false},"excerpt":{"rendered":"<p>\u00c9chine de Porc S\u00e9che emboss\u00e9e L\u2019\u00e9chine de porc s\u00e8che emboss\u00e9e est un produit du porc \u00e9labor\u00e9 \u00e0 partir d\u2019\u00e9chine crue, soumise \u00e0 l\u2019action du sel, condiment\u00e9e avec des \u00e9pices et autres condiments qui lui conf\u00e8rent son aspect et sa saveur caract\u00e9ristiques, puis emboss\u00e9e dans un boyau en plastique pour \u00eatre soumise au processus de maturation-s\u00e9chage [&hellip;]<\/p>\n","protected":false},"author":1,"featured_media":0,"parent":1479,"menu_order":0,"comment_status":"closed","ping_status":"closed","template":"","meta":{"footnotes":""},"class_list":["post-1468","page","type-page","status-publish","hentry"],"_links":{"self":[{"href":"https:\/\/basurde.es\/fr\/wp-json\/wp\/v2\/pages\/1468","targetHints":{"allow":["GET"]}}],"collection":[{"href":"https:\/\/basurde.es\/fr\/wp-json\/wp\/v2\/pages"}],"about":[{"href":"https:\/\/basurde.es\/fr\/wp-json\/wp\/v2\/types\/page"}],"author":[{"embeddable":true,"href":"https:\/\/basurde.es\/fr\/wp-json\/wp\/v2\/users\/1"}],"replies":[{"embeddable":true,"href":"https:\/\/basurde.es\/fr\/wp-json\/wp\/v2\/comments?post=1468"}],"version-history":[{"count":4,"href":"https:\/\/basurde.es\/fr\/wp-json\/wp\/v2\/pages\/1468\/revisions"}],"predecessor-version":[{"id":41148,"href":"https:\/\/basurde.es\/fr\/wp-json\/wp\/v2\/pages\/1468\/revisions\/41148"}],"up":[{"embeddable":true,"href":"https:\/\/basurde.es\/fr\/wp-json\/wp\/v2\/pages\/1479"}],"wp:attachment":[{"href":"https:\/\/basurde.es\/fr\/wp-json\/wp\/v2\/media?parent=1468"}],"curies":[{"name":"wp","href":"https:\/\/api.w.org\/{rel}","templated":true}]}}