{"id":1456,"date":"2017-03-09T15:17:25","date_gmt":"2017-03-09T15:17:25","guid":{"rendered":"http:\/\/basurde.es\/jambon\/jamon-curado-semigraso\/"},"modified":"2025-11-19T11:20:17","modified_gmt":"2025-11-19T11:20:17","slug":"jambon-sec-demi-gras","status":"publish","type":"page","link":"https:\/\/basurde.es\/fr\/jambon\/jambon-sec-demi-gras\/","title":{"rendered":"Jambon Sec Demi-gras Avec Patte"},"content":{"rendered":"\t\t<div data-elementor-type=\"wp-page\" data-elementor-id=\"1456\" class=\"elementor elementor-1456 elementor-873\" data-elementor-post-type=\"page\">\n\t\t\t\t<div class=\"elementor-element elementor-element-0ba5736 e-grid e-con-boxed e-con e-parent\" data-id=\"0ba5736\" data-element_type=\"container\" data-settings=\"{&quot;background_background&quot;:&quot;classic&quot;}\">\n\t\t\t\t\t<div class=\"e-con-inner\">\n\t\t\t\t<div class=\"elementor-element elementor-element-33063da elementor-widget elementor-widget-image\" data-id=\"33063da\" data-element_type=\"widget\" data-widget_type=\"image.default\">\n\t\t\t\t\t\t\t\t\t\t\t\t\t\t\t<img decoding=\"async\" src=\"https:\/\/basurde.es\/wp-content\/uploads\/2017\/03\/jamon-curado-1.png\" title=\"Jam\u00f3n Curado\" alt=\"Jam\u00f3n Curado\" loading=\"lazy\" \/>\t\t\t\t\t\t\t\t\t\t\t\t\t\t\t<\/div>\n\t\t<div class=\"elementor-element elementor-element-c80a43e e-con-full e-flex e-con e-child\" data-id=\"c80a43e\" data-element_type=\"container\">\n\t\t\t\t<div class=\"elementor-element elementor-element-91d46ad elementor-widget elementor-widget-heading\" data-id=\"91d46ad\" data-element_type=\"widget\" data-widget_type=\"heading.default\">\n\t\t\t\t\t<h1 class=\"elementor-heading-title elementor-size-default\">Jambon Sec Demi-gras Avec Patte\n<\/h1>\t\t\t\t<\/div>\n\t\t\t\t<div class=\"elementor-element elementor-element-d4bb0f1 elementor-widget elementor-widget-text-editor\" data-id=\"d4bb0f1\" data-element_type=\"widget\" data-widget_type=\"text-editor.default\">\n\t\t\t\t\t\t\t\t\t<p>Jambon Sec avec patte et coupe en V sur la peau.<\/p><p>\u2713 Produit essentiellement demi-gras obtenu de la salaison, du s\u00e9chage et de la maturation des membres post\u00e9rieurs du porc.<\/p><p>12 mois de s\u00e9chage minimum garantis.<\/p><p>Ce produit avec patte est aussi disponible:<\/p>\t\t\t\t\t\t\t\t<\/div>\n\t\t\t\t<div class=\"elementor-element elementor-element-4bd1d61 elementor-widget elementor-widget-n-accordion\" data-id=\"4bd1d61\" data-element_type=\"widget\" data-settings=\"{&quot;default_state&quot;:&quot;expanded&quot;,&quot;max_items_expended&quot;:&quot;one&quot;,&quot;n_accordion_animation_duration&quot;:{&quot;unit&quot;:&quot;ms&quot;,&quot;size&quot;:400,&quot;sizes&quot;:[]}}\" data-widget_type=\"nested-accordion.default\">\n\t\t\t\t\t\t\t<div class=\"e-n-accordion\" aria-label=\"Accordion. Open links with Enter or Space, close with Escape, and navigate with Arrow Keys\">\n\t\t\t\t\t\t<details id=\"e-n-accordion-item-7950\" class=\"e-n-accordion-item\" open>\n\t\t\t\t<summary class=\"e-n-accordion-item-title\" data-accordion-index=\"1\" tabindex=\"0\" aria-expanded=\"true\" aria-controls=\"e-n-accordion-item-7950\" >\n\t\t\t\t\t<span class='e-n-accordion-item-title-header'><h2 class=\"e-n-accordion-item-title-text\"> JAMBON \u00ab BODEGA \u00bb D\u00c9SOSS\u00c9 ET COUP\u00c9 EN V <\/h2><\/span>\n\t\t\t\t\t\t\t<span class='e-n-accordion-item-title-icon'>\n\t\t\t<span class='e-opened' ><i aria-hidden=\"true\" class=\"icon icon-chevron-up\"><\/i><\/span>\n\t\t\t<span class='e-closed'><i aria-hidden=\"true\" class=\"icon icon-chevron-down\"><\/i><\/span>\n\t\t<\/span>\n\n\t\t\t\t\t\t<\/summary>\n\t\t\t\t<div role=\"region\" aria-labelledby=\"e-n-accordion-item-7950\" class=\"elementor-element elementor-element-7551dfd e-con-full e-flex e-con e-child\" data-id=\"7551dfd\" data-element_type=\"container\">\n\t\t\t\t<div class=\"elementor-element elementor-element-1106905 elementor-position-left elementor-vertical-align-middle elementor-widget elementor-widget-image-box\" data-id=\"1106905\" data-element_type=\"widget\" data-widget_type=\"image-box.default\">\n\t\t\t\t\t<div class=\"elementor-image-box-wrapper\"><figure class=\"elementor-image-box-img\"><img fetchpriority=\"high\" decoding=\"async\" width=\"1000\" height=\"1150\" src=\"https:\/\/basurde.es\/wp-content\/uploads\/2017\/03\/jamon-curado.png\" class=\"attachment-full size-full wp-image-1816\" alt=\"Jam\u00f3n Curado\" srcset=\"https:\/\/basurde.es\/wp-content\/uploads\/2017\/03\/jamon-curado.png 1000w, https:\/\/basurde.es\/wp-content\/uploads\/2017\/03\/jamon-curado-261x300.png 261w, https:\/\/basurde.es\/wp-content\/uploads\/2017\/03\/jamon-curado-768x883.png 768w, https:\/\/basurde.es\/wp-content\/uploads\/2017\/03\/jamon-curado-890x1024.png 890w\" sizes=\"(max-width: 1000px) 100vw, 1000px\" \/><\/figure><div class=\"elementor-image-box-content\"><p class=\"elementor-image-box-description\">Pi\u00e8ce de jambon \u00ab Bodega \u00bb d\u00e9soss\u00e9e, avec une incision en V sur la partie de la peau.<\/p><\/div><\/div>\t\t\t\t<\/div>\n\t\t\t\t<\/div>\n\t\t\t\t\t<\/details>\n\t\t\t\t\t<\/div>\n\t\t\t\t\t\t<\/div>\n\t\t\t\t<\/div>\n\t\t\t\t\t<\/div>\n\t\t\t\t<\/div>\n\t\t\t\t<\/div>\n\t\t","protected":false},"excerpt":{"rendered":"<p>Jambon Sec Demi-gras Avec Patte Jambon Sec avec patte et coupe en V sur la peau. \u2713 Produit essentiellement demi-gras obtenu de la salaison, du s\u00e9chage et de la maturation des membres post\u00e9rieurs du porc. 12 mois de s\u00e9chage minimum garantis. Ce produit avec patte est aussi disponible: JAMBON \u00ab BODEGA \u00bb D\u00c9SOSS\u00c9 ET COUP\u00c9 [&hellip;]<\/p>\n","protected":false},"author":1,"featured_media":0,"parent":1391,"menu_order":0,"comment_status":"closed","ping_status":"closed","template":"","meta":{"footnotes":""},"class_list":["post-1456","page","type-page","status-publish","hentry"],"_links":{"self":[{"href":"https:\/\/basurde.es\/fr\/wp-json\/wp\/v2\/pages\/1456","targetHints":{"allow":["GET"]}}],"collection":[{"href":"https:\/\/basurde.es\/fr\/wp-json\/wp\/v2\/pages"}],"about":[{"href":"https:\/\/basurde.es\/fr\/wp-json\/wp\/v2\/types\/page"}],"author":[{"embeddable":true,"href":"https:\/\/basurde.es\/fr\/wp-json\/wp\/v2\/users\/1"}],"replies":[{"embeddable":true,"href":"https:\/\/basurde.es\/fr\/wp-json\/wp\/v2\/comments?post=1456"}],"version-history":[{"count":7,"href":"https:\/\/basurde.es\/fr\/wp-json\/wp\/v2\/pages\/1456\/revisions"}],"predecessor-version":[{"id":41285,"href":"https:\/\/basurde.es\/fr\/wp-json\/wp\/v2\/pages\/1456\/revisions\/41285"}],"up":[{"embeddable":true,"href":"https:\/\/basurde.es\/fr\/wp-json\/wp\/v2\/pages\/1391"}],"wp:attachment":[{"href":"https:\/\/basurde.es\/fr\/wp-json\/wp\/v2\/media?parent=1456"}],"curies":[{"name":"wp","href":"https:\/\/api.w.org\/{rel}","templated":true}]}}