{"id":1450,"date":"2017-03-09T10:37:02","date_gmt":"2017-03-09T10:37:02","guid":{"rendered":"http:\/\/basurde.es\/jambon\/jamon-cebo-iberico-con-pata\/"},"modified":"2025-11-19T12:01:51","modified_gmt":"2025-11-19T12:01:51","slug":"jambon-iberique-cebo","status":"publish","type":"page","link":"https:\/\/basurde.es\/fr\/jambon\/jambon-iberique-cebo\/","title":{"rendered":"Jambon ib\u00e9rique Cebo"},"content":{"rendered":"\t\t<div data-elementor-type=\"wp-page\" data-elementor-id=\"1450\" class=\"elementor elementor-1450 elementor-844\" data-elementor-post-type=\"page\">\n\t\t\t\t<div class=\"elementor-element elementor-element-97bb6b3 e-grid e-con-boxed e-con e-parent\" data-id=\"97bb6b3\" data-element_type=\"container\" data-settings=\"{&quot;background_background&quot;:&quot;classic&quot;}\">\n\t\t\t\t\t<div class=\"e-con-inner\">\n\t\t\t\t<div class=\"elementor-element elementor-element-6037bf3 elementor-widget elementor-widget-image\" data-id=\"6037bf3\" data-element_type=\"widget\" data-widget_type=\"image.default\">\n\t\t\t\t\t\t\t\t\t\t\t\t\t\t\t<img decoding=\"async\" src=\"https:\/\/basurde.es\/wp-content\/uploads\/2017\/03\/jamon-cebo-iberico.png\" title=\"Jam\u00f3n de  Cebo Ib\u00e9rico\" alt=\"Jam\u00f3n de Cebo Ib\u00e9rico\" loading=\"lazy\" \/>\t\t\t\t\t\t\t\t\t\t\t\t\t\t\t<\/div>\n\t\t<div class=\"elementor-element elementor-element-de10485 e-con-full e-flex e-con e-child\" data-id=\"de10485\" data-element_type=\"container\">\n\t\t\t\t<div class=\"elementor-element elementor-element-9446d65 elementor-widget elementor-widget-heading\" data-id=\"9446d65\" data-element_type=\"widget\" data-widget_type=\"heading.default\">\n\t\t\t\t\t<h1 class=\"elementor-heading-title elementor-size-default\">Jambon Ib\u00e9rique Cebo (porc nourri au fourrage) 50% Race Ib\u00e9rique<\/h1>\t\t\t\t<\/div>\n\t\t\t\t<div class=\"elementor-element elementor-element-50913a3 elementor-widget elementor-widget-text-editor\" data-id=\"50913a3\" data-element_type=\"widget\" data-widget_type=\"text-editor.default\">\n\t\t\t\t\t\t\t\t\t<p>Jambon ib\u00e9rique \u00ab Cebo \u00bb avec patte et coupe en V sur la peau, 50% race ib\u00e9rique.<\/p><p>Produit certifi\u00e9 par la norme relative aux produits ib\u00e9riques, suivant <a href=\"https:\/\/dev.basurde.es\/fr\/certifications\/\">D\u00e9cret Royal 04\/2014<\/a> du 10 janvier, qui approuve la norme de qualit\u00e9 pour la viande, le jambon, l\u2019\u00e9paule et l\u2019\u00e9chine de porc ib\u00e9rique.<\/p><p>Le jambon de porc ib\u00e9rique nourri au fourrage, dit \u00ab cebo \u00bb, est un produit \u00e9labor\u00e9 avec les membres post\u00e9rieurs du porc ib\u00e9rique, soumis \u00e0 l\u2019action du sel puis \u00e0 un processus de s\u00e9chage et de maturation qui leur conf\u00e8re des propri\u00e9t\u00e9s organoleptiques sp\u00e9ciales.<\/p><p>24 mois de s\u00e9chage minimum garantis.<\/p><p>Poids minimum 7 kilos garanti.<\/p><p>Ce produit avec patte est aussi disponible :<\/p>\t\t\t\t\t\t\t\t<\/div>\n\t\t\t\t<div class=\"elementor-element elementor-element-29b791d elementor-widget elementor-widget-n-accordion\" data-id=\"29b791d\" data-element_type=\"widget\" data-settings=\"{&quot;default_state&quot;:&quot;expanded&quot;,&quot;max_items_expended&quot;:&quot;one&quot;,&quot;n_accordion_animation_duration&quot;:{&quot;unit&quot;:&quot;ms&quot;,&quot;size&quot;:400,&quot;sizes&quot;:[]}}\" data-widget_type=\"nested-accordion.default\">\n\t\t\t\t\t\t\t<div class=\"e-n-accordion\" aria-label=\"Accordion. Open links with Enter or Space, close with Escape, and navigate with Arrow Keys\">\n\t\t\t\t\t\t<details id=\"e-n-accordion-item-4370\" class=\"e-n-accordion-item\" open>\n\t\t\t\t<summary class=\"e-n-accordion-item-title\" data-accordion-index=\"1\" tabindex=\"0\" aria-expanded=\"true\" aria-controls=\"e-n-accordion-item-4370\" >\n\t\t\t\t\t<span class='e-n-accordion-item-title-header'><h2 class=\"e-n-accordion-item-title-text\"> JAMBON IB\u00c9RIQUE \u00ab CEBO \u00bb (porc nourri au fourrage) - 50% RACE IB\u00c9RIQUE D\u00c9SOSS\u00c9, ENTI\u00c8REMENT D\u00c9COUENN\u00c9 ET POLI <\/h2><\/span>\n\t\t\t\t\t\t\t<span class='e-n-accordion-item-title-icon'>\n\t\t\t<span class='e-opened' ><i aria-hidden=\"true\" class=\"icon icon-chevron-up\"><\/i><\/span>\n\t\t\t<span class='e-closed'><i aria-hidden=\"true\" class=\"icon icon-chevron-down\"><\/i><\/span>\n\t\t<\/span>\n\n\t\t\t\t\t\t<\/summary>\n\t\t\t\t<div role=\"region\" aria-labelledby=\"e-n-accordion-item-4370\" class=\"elementor-element elementor-element-6eb9262 e-con-full e-flex e-con e-child\" data-id=\"6eb9262\" data-element_type=\"container\">\n\t\t\t\t<div class=\"elementor-element elementor-element-7c88847 elementor-position-left elementor-vertical-align-middle elementor-widget elementor-widget-image-box\" data-id=\"7c88847\" data-element_type=\"widget\" data-widget_type=\"image-box.default\">\n\t\t\t\t\t<div class=\"elementor-image-box-wrapper\"><figure class=\"elementor-image-box-img\"><img fetchpriority=\"high\" decoding=\"async\" width=\"1000\" height=\"1150\" src=\"https:\/\/basurde.es\/wp-content\/uploads\/2017\/03\/jamon-cebo-iberico-puntomaquina.png\" class=\"attachment-full size-full wp-image-1822\" alt=\"Jam\u00f3n de Cerdo Ib\u00e9rico\" srcset=\"https:\/\/basurde.es\/wp-content\/uploads\/2017\/03\/jamon-cebo-iberico-puntomaquina.png 1000w, https:\/\/basurde.es\/wp-content\/uploads\/2017\/03\/jamon-cebo-iberico-puntomaquina-261x300.png 261w, https:\/\/basurde.es\/wp-content\/uploads\/2017\/03\/jamon-cebo-iberico-puntomaquina-768x883.png 768w, https:\/\/basurde.es\/wp-content\/uploads\/2017\/03\/jamon-cebo-iberico-puntomaquina-890x1024.png 890w\" sizes=\"(max-width: 1000px) 100vw, 1000px\" \/><\/figure><div class=\"elementor-image-box-content\"><p class=\"elementor-image-box-description\">Pi\u00e8ce de jambon ib\u00e9rique \u00ab Cebo \u00bb d\u00e9soss\u00e9e, d\u00e9couenn\u00e9e des deux c\u00f4t\u00e9s.<\/p><\/div><\/div>\t\t\t\t<\/div>\n\t\t\t\t<\/div>\n\t\t\t\t\t<\/details>\n\t\t\t\t\t<\/div>\n\t\t\t\t\t\t<\/div>\n\t\t\t\t<div class=\"elementor-element elementor-element-a19a0d6 elementor-widget__width-inherit elementor-widget elementor-widget-heading\" data-id=\"a19a0d6\" data-element_type=\"widget\" data-widget_type=\"heading.default\">\n\t\t\t\t\t<span class=\"elementor-heading-title elementor-size-default\">Certifications:<\/span>\t\t\t\t<\/div>\n\t\t\t\t<div class=\"elementor-element elementor-element-e9443c6 elementor-widget__width-initial elementor-widget elementor-widget-image\" data-id=\"e9443c6\" data-element_type=\"widget\" data-widget_type=\"image.default\">\n\t\t\t\t\t\t\t\t\t\t\t\t\t\t\t<img decoding=\"async\" width=\"234\" height=\"190\" src=\"https:\/\/basurde.es\/wp-content\/uploads\/2017\/03\/Certifood-b_n.jpg\" class=\"attachment-full size-full wp-image-1970\" alt=\"Certifood - Certificaci\u00f3n de producto agroalimentario\" \/>\t\t\t\t\t\t\t\t\t\t\t\t\t\t\t<\/div>\n\t\t\t\t<\/div>\n\t\t\t\t\t<\/div>\n\t\t\t\t<\/div>\n\t\t\t\t<\/div>\n\t\t","protected":false},"excerpt":{"rendered":"<p>Jambon Ib\u00e9rique Cebo (porc nourri au fourrage) 50% Race Ib\u00e9rique Jambon ib\u00e9rique \u00ab Cebo \u00bb avec patte et coupe en V sur la peau, 50% race ib\u00e9rique. Produit certifi\u00e9 par la norme relative aux produits ib\u00e9riques, suivant D\u00e9cret Royal 04\/2014 du 10 janvier, qui approuve la norme de qualit\u00e9 pour la viande, le jambon, l\u2019\u00e9paule [&hellip;]<\/p>\n","protected":false},"author":1,"featured_media":0,"parent":1391,"menu_order":0,"comment_status":"closed","ping_status":"closed","template":"","meta":{"footnotes":""},"class_list":["post-1450","page","type-page","status-publish","hentry"],"_links":{"self":[{"href":"https:\/\/basurde.es\/fr\/wp-json\/wp\/v2\/pages\/1450","targetHints":{"allow":["GET"]}}],"collection":[{"href":"https:\/\/basurde.es\/fr\/wp-json\/wp\/v2\/pages"}],"about":[{"href":"https:\/\/basurde.es\/fr\/wp-json\/wp\/v2\/types\/page"}],"author":[{"embeddable":true,"href":"https:\/\/basurde.es\/fr\/wp-json\/wp\/v2\/users\/1"}],"replies":[{"embeddable":true,"href":"https:\/\/basurde.es\/fr\/wp-json\/wp\/v2\/comments?post=1450"}],"version-history":[{"count":5,"href":"https:\/\/basurde.es\/fr\/wp-json\/wp\/v2\/pages\/1450\/revisions"}],"predecessor-version":[{"id":41351,"href":"https:\/\/basurde.es\/fr\/wp-json\/wp\/v2\/pages\/1450\/revisions\/41351"}],"up":[{"embeddable":true,"href":"https:\/\/basurde.es\/fr\/wp-json\/wp\/v2\/pages\/1391"}],"wp:attachment":[{"href":"https:\/\/basurde.es\/fr\/wp-json\/wp\/v2\/media?parent=1450"}],"curies":[{"name":"wp","href":"https:\/\/api.w.org\/{rel}","templated":true}]}}