{"id":1397,"date":"2017-02-27T12:08:59","date_gmt":"2017-02-27T12:08:59","guid":{"rendered":"http:\/\/basurde.es\/home\/"},"modified":"2025-11-18T14:47:03","modified_gmt":"2025-11-18T14:47:03","slug":"accueil","status":"publish","type":"page","link":"https:\/\/basurde.es\/fr\/","title":{"rendered":"Accueil"},"content":{"rendered":"\t\t<div data-elementor-type=\"wp-page\" data-elementor-id=\"1397\" class=\"elementor elementor-1397 elementor-402\" data-elementor-post-type=\"page\">\n\t\t\t\t<div class=\"elementor-element elementor-element-22f7c82 e-flex e-con-boxed e-con e-parent\" data-id=\"22f7c82\" data-element_type=\"container\" data-settings=\"{&quot;background_background&quot;:&quot;slideshow&quot;,&quot;background_slideshow_gallery&quot;:[{&quot;id&quot;:2016,&quot;url&quot;:&quot;https:\\\/\\\/dev.basurde.es\\\/wp-content\\\/uploads\\\/2017\\\/04\\\/tradition.jpg&quot;},{&quot;id&quot;:2008,&quot;url&quot;:&quot;https:\\\/\\\/dev.basurde.es\\\/wp-content\\\/uploads\\\/2017\\\/04\\\/qualite.jpg&quot;},{&quot;id&quot;:2006,&quot;url&quot;:&quot;https:\\\/\\\/dev.basurde.es\\\/wp-content\\\/uploads\\\/2017\\\/04\\\/experience.jpg&quot;}],&quot;background_slideshow_loop&quot;:&quot;yes&quot;,&quot;background_slideshow_slide_duration&quot;:5000,&quot;background_slideshow_slide_transition&quot;:&quot;fade&quot;,&quot;background_slideshow_transition_duration&quot;:500}\">\n\t\t\t\t\t<div class=\"e-con-inner\">\n\t\t\t\t\t<\/div>\n\t\t\t\t<\/div>\n\t\t<div class=\"elementor-element elementor-element-02a9323 e-flex e-con-boxed e-con e-parent\" data-id=\"02a9323\" data-element_type=\"container\" data-settings=\"{&quot;background_background&quot;:&quot;classic&quot;}\">\n\t\t\t\t\t<div class=\"e-con-inner\">\n\t\t\t\t<div class=\"elementor-element elementor-element-3926784 elementor-widget elementor-widget-heading\" data-id=\"3926784\" data-element_type=\"widget\" data-widget_type=\"heading.default\">\n\t\t\t\t\t<h1 class=\"elementor-heading-title elementor-size-default\">Fabricant de jambons<\/h1>\t\t\t\t<\/div>\n\t\t\t\t<div class=\"elementor-element elementor-element-611938b elementor-widget elementor-widget-text-editor\" data-id=\"611938b\" data-element_type=\"widget\" data-widget_type=\"text-editor.default\">\n\t\t\t\t\t\t\t\t\t<p>Nous fabriquons actuellement nos jambons et nos \u00e9paules en s\u00e9lectionnant les meilleurs abattoirs et la mati\u00e8re premi\u00e8re avec les crit\u00e8res que m\u00e9ritent nos clients (graisse, tailles et temps).<\/p>\t\t\t\t\t\t\t\t<\/div>\n\t\t\t\t<div class=\"elementor-element elementor-element-5901e46 elementor-widget elementor-widget-image\" data-id=\"5901e46\" data-element_type=\"widget\" data-widget_type=\"image.default\">\n\t\t\t\t\t\t\t\t\t\t\t\t\t\t\t<img fetchpriority=\"high\" decoding=\"async\" width=\"1500\" height=\"1080\" src=\"https:\/\/basurde.es\/wp-content\/uploads\/2017\/04\/despiece-producto-brush2-fr.png\" class=\"attachment-full size-full wp-image-2004\" alt=\"Boucherie de porc\" srcset=\"https:\/\/basurde.es\/wp-content\/uploads\/2017\/04\/despiece-producto-brush2-fr.png 1500w, https:\/\/basurde.es\/wp-content\/uploads\/2017\/04\/despiece-producto-brush2-fr-300x216.png 300w, https:\/\/basurde.es\/wp-content\/uploads\/2017\/04\/despiece-producto-brush2-fr-768x553.png 768w, https:\/\/basurde.es\/wp-content\/uploads\/2017\/04\/despiece-producto-brush2-fr-1024x737.png 1024w\" sizes=\"(max-width: 1500px) 100vw, 1500px\" \/>\t\t\t\t\t\t\t\t\t\t\t\t\t\t\t<\/div>\n\t\t\t\t\t<\/div>\n\t\t\t\t<\/div>\n\t\t<div class=\"elementor-element elementor-element-a1e1b33 e-con-full e-flex e-con e-parent\" data-id=\"a1e1b33\" data-element_type=\"container\">\n\t\t<div class=\"elementor-element elementor-element-cdefcbd e-con-full e-flex e-con e-child\" data-id=\"cdefcbd\" data-element_type=\"container\" data-settings=\"{&quot;background_background&quot;:&quot;classic&quot;}\">\n\t\t\t\t<\/div>\n\t\t<div class=\"elementor-element elementor-element-d0cfa57 e-con-full e-flex e-con e-child\" data-id=\"d0cfa57\" data-element_type=\"container\" data-settings=\"{&quot;background_background&quot;:&quot;classic&quot;}\">\n\t\t\t\t<div class=\"elementor-element elementor-element-e5f197f elementor-widget elementor-widget-text-editor\" data-id=\"e5f197f\" data-element_type=\"widget\" data-widget_type=\"text-editor.default\">\n\t\t\t\t\t\t\t\t\t<p>\u201cFid\u00e8les \u00e0 notre philosophie fond\u00e9e sur la qualit\u00e9, la tradition et la fabrication artisanale, nous voulons maintenir et am\u00e9liorer ce style propre et le savoir-faire qui nous caract\u00e9risent\u201d.<\/p>\t\t\t\t\t\t\t\t<\/div>\n\t\t\t\t<\/div>\n\t\t\t\t<\/div>\n\t\t<div class=\"elementor-element elementor-element-d35119a e-flex e-con-boxed e-con e-parent\" data-id=\"d35119a\" data-element_type=\"container\" data-settings=\"{&quot;background_background&quot;:&quot;classic&quot;}\">\n\t\t\t\t\t<div class=\"e-con-inner\">\n\t\t\t\t<div class=\"elementor-element elementor-element-b239799 elementor-widget__width-inherit elementor-widget elementor-widget-heading\" data-id=\"b239799\" data-element_type=\"widget\" data-widget_type=\"heading.default\">\n\t\t\t\t\t<h2 class=\"elementor-heading-title elementor-size-default\">Produits<\/h2>\t\t\t\t<\/div>\n\t\t\t\t<div class=\"elementor-element elementor-element-dca7617 elementor-widget__width-initial elementor-widget-mobile__width-inherit elementor-position-top elementor-widget elementor-widget-image-box\" data-id=\"dca7617\" data-element_type=\"widget\" data-widget_type=\"image-box.default\">\n\t\t\t\t\t<div class=\"elementor-image-box-wrapper\"><figure class=\"elementor-image-box-img\"><a href=\"https:\/\/basurde.es\/fr\/jambon\/\" tabindex=\"-1\"><img decoding=\"async\" width=\"1000\" height=\"1150\" src=\"https:\/\/basurde.es\/wp-content\/uploads\/2017\/02\/reserva-serrano.png\" class=\"attachment-full size-full wp-image-1790\" alt=\"Jam\u00f3n Serrano Reserva\" srcset=\"https:\/\/basurde.es\/wp-content\/uploads\/2017\/02\/reserva-serrano.png 1000w, https:\/\/basurde.es\/wp-content\/uploads\/2017\/02\/reserva-serrano-261x300.png 261w, https:\/\/basurde.es\/wp-content\/uploads\/2017\/02\/reserva-serrano-768x883.png 768w, https:\/\/basurde.es\/wp-content\/uploads\/2017\/02\/reserva-serrano-890x1024.png 890w\" sizes=\"(max-width: 1000px) 100vw, 1000px\" \/><\/a><\/figure><div class=\"elementor-image-box-content\"><h3 class=\"elementor-image-box-title\"><a href=\"https:\/\/basurde.es\/fr\/jambon\/\">Jambons<\/a><\/h3><\/div><\/div>\t\t\t\t<\/div>\n\t\t\t\t<div class=\"elementor-element elementor-element-2fcd7e8 elementor-widget__width-initial elementor-widget-mobile__width-inherit elementor-position-top elementor-widget elementor-widget-image-box\" data-id=\"2fcd7e8\" data-element_type=\"widget\" data-widget_type=\"image-box.default\">\n\t\t\t\t\t<div class=\"elementor-image-box-wrapper\"><figure class=\"elementor-image-box-img\"><a href=\"https:\/\/basurde.es\/fr\/epaule\/\" tabindex=\"-1\"><img decoding=\"async\" width=\"1000\" height=\"1150\" src=\"https:\/\/basurde.es\/wp-content\/uploads\/2017\/03\/paleta-duroc-basurde.png\" class=\"attachment-full size-full wp-image-1780\" alt=\"Paleta DUROC\" srcset=\"https:\/\/basurde.es\/wp-content\/uploads\/2017\/03\/paleta-duroc-basurde.png 1000w, https:\/\/basurde.es\/wp-content\/uploads\/2017\/03\/paleta-duroc-basurde-261x300.png 261w, https:\/\/basurde.es\/wp-content\/uploads\/2017\/03\/paleta-duroc-basurde-768x883.png 768w, https:\/\/basurde.es\/wp-content\/uploads\/2017\/03\/paleta-duroc-basurde-890x1024.png 890w\" sizes=\"(max-width: 1000px) 100vw, 1000px\" \/><\/a><\/figure><div class=\"elementor-image-box-content\"><h3 class=\"elementor-image-box-title\"><a href=\"https:\/\/basurde.es\/fr\/epaule\/\">\u00c9paules<\/a><\/h3><\/div><\/div>\t\t\t\t<\/div>\n\t\t\t\t<div class=\"elementor-element elementor-element-a254f8a elementor-widget__width-initial elementor-widget-mobile__width-inherit elementor-position-top elementor-widget elementor-widget-image-box\" data-id=\"a254f8a\" data-element_type=\"widget\" data-widget_type=\"image-box.default\">\n\t\t\t\t\t<div class=\"elementor-image-box-wrapper\"><figure class=\"elementor-image-box-img\"><a href=\"https:\/\/basurde.es\/fr\/echine\/\" tabindex=\"-1\"><img loading=\"lazy\" decoding=\"async\" width=\"1000\" height=\"1150\" src=\"https:\/\/basurde.es\/wp-content\/uploads\/2017\/02\/lomo-basurde-calidad.png\" class=\"attachment-full size-full wp-image-1730\" alt=\"Lomo\" srcset=\"https:\/\/basurde.es\/wp-content\/uploads\/2017\/02\/lomo-basurde-calidad.png 1000w, https:\/\/basurde.es\/wp-content\/uploads\/2017\/02\/lomo-basurde-calidad-261x300.png 261w, https:\/\/basurde.es\/wp-content\/uploads\/2017\/02\/lomo-basurde-calidad-768x883.png 768w, https:\/\/basurde.es\/wp-content\/uploads\/2017\/02\/lomo-basurde-calidad-890x1024.png 890w\" sizes=\"(max-width: 1000px) 100vw, 1000px\" \/><\/a><\/figure><div class=\"elementor-image-box-content\"><h3 class=\"elementor-image-box-title\"><a href=\"https:\/\/basurde.es\/fr\/echine\/\">\u00c9chine<\/a><\/h3><\/div><\/div>\t\t\t\t<\/div>\n\t\t\t\t\t<\/div>\n\t\t\t\t<\/div>\n\t\t<div class=\"elementor-element elementor-element-446741a e-grid e-con-full e-con e-parent\" data-id=\"446741a\" data-element_type=\"container\">\n\t\t<div class=\"elementor-element elementor-element-fd7a4cc myimg e-flex e-con-boxed e-con e-child\" data-id=\"fd7a4cc\" data-element_type=\"container\" data-settings=\"{&quot;background_background&quot;:&quot;classic&quot;}\">\n\t\t\t\t\t<div class=\"e-con-inner\">\n\t\t\t\t<div class=\"elementor-element elementor-element-8f83946 mytitle elementor-widget elementor-widget-heading\" data-id=\"8f83946\" data-element_type=\"widget\" data-widget_type=\"heading.default\">\n\t\t\t\t\t<span class=\"elementor-heading-title elementor-size-default\"><a href=\"https:\/\/basurde.es\/nosotros\/\">NOUS<\/a><\/span>\t\t\t\t<\/div>\n\t\t\t\t\t<\/div>\n\t\t\t\t<\/div>\n\t\t<div class=\"elementor-element elementor-element-76a2b20 myimg e-flex e-con-boxed e-con e-child\" data-id=\"76a2b20\" data-element_type=\"container\" data-settings=\"{&quot;background_background&quot;:&quot;classic&quot;}\">\n\t\t\t\t\t<div class=\"e-con-inner\">\n\t\t\t\t<div class=\"elementor-element elementor-element-9951e0c mytitle elementor-widget elementor-widget-heading\" data-id=\"9951e0c\" data-element_type=\"widget\" data-widget_type=\"heading.default\">\n\t\t\t\t\t<span class=\"elementor-heading-title elementor-size-default\"><a href=\"https:\/\/basurde.es\/certificados\/\">GARANTIE<\/a><\/span>\t\t\t\t<\/div>\n\t\t\t\t\t<\/div>\n\t\t\t\t<\/div>\n\t\t<div class=\"elementor-element elementor-element-7293b53 myimg e-flex e-con-boxed e-con e-child\" data-id=\"7293b53\" data-element_type=\"container\" data-settings=\"{&quot;background_background&quot;:&quot;classic&quot;}\">\n\t\t\t\t\t<div class=\"e-con-inner\">\n\t\t\t\t<div class=\"elementor-element elementor-element-4bacfd4 mytitle elementor-widget elementor-widget-heading\" data-id=\"4bacfd4\" data-element_type=\"widget\" data-widget_type=\"heading.default\">\n\t\t\t\t\t<span class=\"elementor-heading-title elementor-size-default\"><a href=\"https:\/\/basurde.es\/contacto\/\">CONTACT<\/a><\/span>\t\t\t\t<\/div>\n\t\t\t\t\t<\/div>\n\t\t\t\t<\/div>\n\t\t\t\t<\/div>\n\t\t\t\t<\/div>\n\t\t","protected":false},"excerpt":{"rendered":"<p>Fabricant de jambons Nous fabriquons actuellement nos jambons et nos \u00e9paules en s\u00e9lectionnant les meilleurs abattoirs et la mati\u00e8re premi\u00e8re avec les crit\u00e8res que m\u00e9ritent nos clients (graisse, tailles et temps). \u201cFid\u00e8les \u00e0 notre philosophie fond\u00e9e sur la qualit\u00e9, la tradition et la fabrication artisanale, nous voulons maintenir et am\u00e9liorer ce style propre et le [&hellip;]<\/p>\n","protected":false},"author":1,"featured_media":0,"parent":0,"menu_order":0,"comment_status":"closed","ping_status":"open","template":"","meta":{"footnotes":""},"class_list":["post-1397","page","type-page","status-publish","hentry"],"_links":{"self":[{"href":"https:\/\/basurde.es\/fr\/wp-json\/wp\/v2\/pages\/1397","targetHints":{"allow":["GET"]}}],"collection":[{"href":"https:\/\/basurde.es\/fr\/wp-json\/wp\/v2\/pages"}],"about":[{"href":"https:\/\/basurde.es\/fr\/wp-json\/wp\/v2\/types\/page"}],"author":[{"embeddable":true,"href":"https:\/\/basurde.es\/fr\/wp-json\/wp\/v2\/users\/1"}],"replies":[{"embeddable":true,"href":"https:\/\/basurde.es\/fr\/wp-json\/wp\/v2\/comments?post=1397"}],"version-history":[{"count":17,"href":"https:\/\/basurde.es\/fr\/wp-json\/wp\/v2\/pages\/1397\/revisions"}],"predecessor-version":[{"id":41098,"href":"https:\/\/basurde.es\/fr\/wp-json\/wp\/v2\/pages\/1397\/revisions\/41098"}],"wp:attachment":[{"href":"https:\/\/basurde.es\/fr\/wp-json\/wp\/v2\/media?parent=1397"}],"curies":[{"name":"wp","href":"https:\/\/api.w.org\/{rel}","templated":true}]}}