{"id":1391,"date":"2017-02-07T22:20:32","date_gmt":"2017-02-07T22:20:32","guid":{"rendered":"http:\/\/basurde.es\/jamon\/"},"modified":"2025-11-19T12:21:20","modified_gmt":"2025-11-19T12:21:20","slug":"jambon","status":"publish","type":"page","link":"https:\/\/basurde.es\/fr\/jambon\/","title":{"rendered":"Jambons Basurde"},"content":{"rendered":"\t\t<div data-elementor-type=\"wp-page\" data-elementor-id=\"1391\" class=\"elementor elementor-1391 elementor-169\" data-elementor-post-type=\"page\">\n\t\t\t\t<div class=\"elementor-element elementor-element-4b4a5ce e-flex e-con-boxed e-con e-parent\" data-id=\"4b4a5ce\" data-element_type=\"container\" data-settings=\"{&quot;background_background&quot;:&quot;slideshow&quot;,&quot;background_slideshow_gallery&quot;:[{&quot;id&quot;:2050,&quot;url&quot;:&quot;https:\\\/\\\/dev.basurde.es\\\/wp-content\\\/uploads\\\/2017\\\/03\\\/slide-jamones1-FR.jpg&quot;},{&quot;id&quot;:2054,&quot;url&quot;:&quot;https:\\\/\\\/dev.basurde.es\\\/wp-content\\\/uploads\\\/2017\\\/03\\\/slide-jamones2-FR.jpg&quot;}],&quot;background_slideshow_loop&quot;:&quot;yes&quot;,&quot;background_slideshow_slide_duration&quot;:5000,&quot;background_slideshow_slide_transition&quot;:&quot;fade&quot;,&quot;background_slideshow_transition_duration&quot;:500}\">\n\t\t\t\t\t<div class=\"e-con-inner\">\n\t\t\t\t\t<\/div>\n\t\t\t\t<\/div>\n\t\t<div class=\"elementor-element elementor-element-a53adbd e-flex e-con-boxed e-con e-parent\" data-id=\"a53adbd\" data-element_type=\"container\" data-settings=\"{&quot;background_background&quot;:&quot;classic&quot;}\">\n\t\t\t\t\t<div class=\"e-con-inner\">\n\t\t\t\t<div class=\"elementor-element elementor-element-a42ab40 elementor-widget elementor-widget-heading\" data-id=\"a42ab40\" data-element_type=\"widget\" data-widget_type=\"heading.default\">\n\t\t\t\t\t<h1 class=\"elementor-heading-title elementor-size-default\">Jambons<\/h1>\t\t\t\t<\/div>\n\t\t<div class=\"elementor-element elementor-element-fe8579f e-grid e-con-full e-con e-child\" data-id=\"fe8579f\" data-element_type=\"container\">\n\t\t\t\t<div class=\"elementor-element elementor-element-3fc8bcc elementor-position-top elementor-widget elementor-widget-image-box\" data-id=\"3fc8bcc\" data-element_type=\"widget\" data-widget_type=\"image-box.default\">\n\t\t\t\t\t<div class=\"elementor-image-box-wrapper\"><figure class=\"elementor-image-box-img\"><a href=\"https:\/\/basurde.es\/fr\/jambon\/jambon-sec-demi-gras\/\" tabindex=\"-1\"><img fetchpriority=\"high\" decoding=\"async\" width=\"1000\" height=\"1150\" src=\"https:\/\/basurde.es\/wp-content\/uploads\/2017\/03\/jamon-curado-1.png\" class=\"attachment-full size-full wp-image-1974\" alt=\"Jam\u00f3n Curado\" srcset=\"https:\/\/basurde.es\/wp-content\/uploads\/2017\/03\/jamon-curado-1.png 1000w, https:\/\/basurde.es\/wp-content\/uploads\/2017\/03\/jamon-curado-1-261x300.png 261w, https:\/\/basurde.es\/wp-content\/uploads\/2017\/03\/jamon-curado-1-768x883.png 768w, https:\/\/basurde.es\/wp-content\/uploads\/2017\/03\/jamon-curado-1-890x1024.png 890w\" sizes=\"(max-width: 1000px) 100vw, 1000px\" \/><\/a><\/figure><div class=\"elementor-image-box-content\"><h2 class=\"elementor-image-box-title\"><a href=\"https:\/\/basurde.es\/fr\/jambon\/jambon-sec-demi-gras\/\">Jambon Sec Demi-Gras avec Patte<\/a><\/h2><\/div><\/div>\t\t\t\t<\/div>\n\t\t\t\t<div class=\"elementor-element elementor-element-34695fe elementor-position-top elementor-widget elementor-widget-image-box\" data-id=\"34695fe\" data-element_type=\"widget\" data-widget_type=\"image-box.default\">\n\t\t\t\t\t<div class=\"elementor-image-box-wrapper\"><figure class=\"elementor-image-box-img\"><a href=\"https:\/\/basurde.es\/fr\/jambon\/jambon-serrano-etg-reserve-sans-patte\/\" tabindex=\"-1\"><img decoding=\"async\" width=\"1000\" height=\"1150\" src=\"https:\/\/basurde.es\/wp-content\/uploads\/2017\/03\/jamon-reserva-sin-pata.png\" class=\"attachment-full size-full wp-image-1978\" alt=\"Jam\u00f3n Reserva sin pata\" srcset=\"https:\/\/basurde.es\/wp-content\/uploads\/2017\/03\/jamon-reserva-sin-pata.png 1000w, https:\/\/basurde.es\/wp-content\/uploads\/2017\/03\/jamon-reserva-sin-pata-261x300.png 261w, https:\/\/basurde.es\/wp-content\/uploads\/2017\/03\/jamon-reserva-sin-pata-768x883.png 768w, https:\/\/basurde.es\/wp-content\/uploads\/2017\/03\/jamon-reserva-sin-pata-890x1024.png 890w\" sizes=\"(max-width: 1000px) 100vw, 1000px\" \/><\/a><\/figure><div class=\"elementor-image-box-content\"><h2 class=\"elementor-image-box-title\"><a href=\"https:\/\/basurde.es\/fr\/jambon\/jambon-serrano-etg-reserve-sans-patte\/\">Jambon Serrano ETG Sans Patte<\/a><\/h2><\/div><\/div>\t\t\t\t<\/div>\n\t\t\t\t<div class=\"elementor-element elementor-element-3237947 elementor-position-top elementor-widget elementor-widget-image-box\" data-id=\"3237947\" data-element_type=\"widget\" data-widget_type=\"image-box.default\">\n\t\t\t\t\t<div class=\"elementor-image-box-wrapper\"><figure class=\"elementor-image-box-img\"><a href=\"https:\/\/basurde.es\/fr\/jambon\/jambon-serrano-etg-reserve\/\" tabindex=\"-1\"><img decoding=\"async\" width=\"1000\" height=\"1150\" src=\"https:\/\/basurde.es\/wp-content\/uploads\/2017\/03\/jamon-reserva.png\" class=\"attachment-full size-full wp-image-1980\" alt=\"Jam\u00f3n Reserva\" srcset=\"https:\/\/basurde.es\/wp-content\/uploads\/2017\/03\/jamon-reserva.png 1000w, https:\/\/basurde.es\/wp-content\/uploads\/2017\/03\/jamon-reserva-261x300.png 261w, https:\/\/basurde.es\/wp-content\/uploads\/2017\/03\/jamon-reserva-768x883.png 768w, https:\/\/basurde.es\/wp-content\/uploads\/2017\/03\/jamon-reserva-890x1024.png 890w\" sizes=\"(max-width: 1000px) 100vw, 1000px\" \/><\/a><\/figure><div class=\"elementor-image-box-content\"><h2 class=\"elementor-image-box-title\"><a href=\"https:\/\/basurde.es\/fr\/jambon\/jambon-serrano-etg-reserve\/\">Jambon Serrano ETG<\/a><\/h2><\/div><\/div>\t\t\t\t<\/div>\n\t\t\t\t<div class=\"elementor-element elementor-element-31d8dc6 elementor-position-top elementor-widget elementor-widget-image-box\" data-id=\"31d8dc6\" data-element_type=\"widget\" data-widget_type=\"image-box.default\">\n\t\t\t\t\t<div class=\"elementor-image-box-wrapper\"><figure class=\"elementor-image-box-img\"><a href=\"https:\/\/basurde.es\/fr\/jambon\/jambon-serrano-etg-grande-reserve\/\" tabindex=\"-1\"><img loading=\"lazy\" decoding=\"async\" width=\"1000\" height=\"1150\" src=\"https:\/\/basurde.es\/wp-content\/uploads\/2017\/03\/jamon-gran-reserva.png\" class=\"attachment-full size-full wp-image-1976\" alt=\"Jam\u00f3n Gran Reserva\" srcset=\"https:\/\/basurde.es\/wp-content\/uploads\/2017\/03\/jamon-gran-reserva.png 1000w, https:\/\/basurde.es\/wp-content\/uploads\/2017\/03\/jamon-gran-reserva-261x300.png 261w, https:\/\/basurde.es\/wp-content\/uploads\/2017\/03\/jamon-gran-reserva-768x883.png 768w, https:\/\/basurde.es\/wp-content\/uploads\/2017\/03\/jamon-gran-reserva-890x1024.png 890w\" sizes=\"(max-width: 1000px) 100vw, 1000px\" \/><\/a><\/figure><div class=\"elementor-image-box-content\"><h2 class=\"elementor-image-box-title\"><a href=\"https:\/\/basurde.es\/fr\/jambon\/jambon-serrano-etg-grande-reserve\/\">Jambon Serrano ETG Grande R\u00e9serve<\/a><\/h2><\/div><\/div>\t\t\t\t<\/div>\n\t\t\t\t<div class=\"elementor-element elementor-element-e5468dc elementor-position-top elementor-widget elementor-widget-image-box\" data-id=\"e5468dc\" data-element_type=\"widget\" data-widget_type=\"image-box.default\">\n\t\t\t\t\t<div class=\"elementor-image-box-wrapper\"><figure class=\"elementor-image-box-img\"><a href=\"https:\/\/basurde.es\/fr\/jambon\/jambon-iberique-cebo\/\" tabindex=\"-1\"><img loading=\"lazy\" decoding=\"async\" width=\"1000\" height=\"1150\" src=\"https:\/\/basurde.es\/wp-content\/uploads\/2017\/03\/jamon-cebo-iberico.png\" class=\"attachment-full size-full wp-image-1972\" alt=\"Jam\u00f3n de Cebo Ib\u00e9rico\" srcset=\"https:\/\/basurde.es\/wp-content\/uploads\/2017\/03\/jamon-cebo-iberico.png 1000w, https:\/\/basurde.es\/wp-content\/uploads\/2017\/03\/jamon-cebo-iberico-261x300.png 261w, https:\/\/basurde.es\/wp-content\/uploads\/2017\/03\/jamon-cebo-iberico-768x883.png 768w, https:\/\/basurde.es\/wp-content\/uploads\/2017\/03\/jamon-cebo-iberico-890x1024.png 890w\" sizes=\"(max-width: 1000px) 100vw, 1000px\" \/><\/a><\/figure><div class=\"elementor-image-box-content\"><h2 class=\"elementor-image-box-title\"><a href=\"https:\/\/basurde.es\/fr\/jambon\/jambon-iberique-cebo\/\">Jambon Ib\u00e9rique Cebo 50% Race Ib\u00e9rique<\/a><\/h2><\/div><\/div>\t\t\t\t<\/div>\n\t\t\t\t<\/div>\n\t\t\t\t\t<\/div>\n\t\t\t\t<\/div>\n\t\t\t\t<\/div>\n\t\t","protected":false},"excerpt":{"rendered":"<p>Jambons Jambon Sec Demi-Gras avec Patte Jambon Serrano ETG Sans Patte Jambon Serrano ETG Jambon Serrano ETG Grande R\u00e9serve Jambon Ib\u00e9rique Cebo 50% Race Ib\u00e9rique<\/p>\n","protected":false},"author":1,"featured_media":0,"parent":0,"menu_order":0,"comment_status":"closed","ping_status":"closed","template":"","meta":{"footnotes":""},"class_list":["post-1391","page","type-page","status-publish","hentry"],"_links":{"self":[{"href":"https:\/\/basurde.es\/fr\/wp-json\/wp\/v2\/pages\/1391","targetHints":{"allow":["GET"]}}],"collection":[{"href":"https:\/\/basurde.es\/fr\/wp-json\/wp\/v2\/pages"}],"about":[{"href":"https:\/\/basurde.es\/fr\/wp-json\/wp\/v2\/types\/page"}],"author":[{"embeddable":true,"href":"https:\/\/basurde.es\/fr\/wp-json\/wp\/v2\/users\/1"}],"replies":[{"embeddable":true,"href":"https:\/\/basurde.es\/fr\/wp-json\/wp\/v2\/comments?post=1391"}],"version-history":[{"count":12,"href":"https:\/\/basurde.es\/fr\/wp-json\/wp\/v2\/pages\/1391\/revisions"}],"predecessor-version":[{"id":41413,"href":"https:\/\/basurde.es\/fr\/wp-json\/wp\/v2\/pages\/1391\/revisions\/41413"}],"wp:attachment":[{"href":"https:\/\/basurde.es\/fr\/wp-json\/wp\/v2\/media?parent=1391"}],"curies":[{"name":"wp","href":"https:\/\/api.w.org\/{rel}","templated":true}]}}