{"id":1385,"date":"2017-03-05T09:46:49","date_gmt":"2017-03-05T09:46:49","guid":{"rendered":"http:\/\/basurde.es\/nosotros\/"},"modified":"2025-11-19T14:22:00","modified_gmt":"2025-11-19T14:22:00","slug":"nous","status":"publish","type":"page","link":"https:\/\/basurde.es\/fr\/nous\/","title":{"rendered":"Entreprise"},"content":{"rendered":"\t\t<div data-elementor-type=\"wp-page\" data-elementor-id=\"1385\" class=\"elementor elementor-1385 elementor-587\" data-elementor-post-type=\"page\">\n\t\t\t\t<div class=\"elementor-element elementor-element-0214344 e-flex e-con-boxed e-con e-parent\" data-id=\"0214344\" data-element_type=\"container\" data-settings=\"{&quot;background_background&quot;:&quot;classic&quot;}\">\n\t\t\t\t\t<div class=\"e-con-inner\">\n\t\t\t\t\t<\/div>\n\t\t\t\t<\/div>\n\t\t<div class=\"elementor-element elementor-element-baabb3a e-flex e-con-boxed e-con e-parent\" data-id=\"baabb3a\" data-element_type=\"container\" data-settings=\"{&quot;background_background&quot;:&quot;classic&quot;}\">\n\t\t\t\t\t<div class=\"e-con-inner\">\n\t\t\t\t<div class=\"elementor-element elementor-element-7cee1b4 elementor-widget elementor-widget-text-editor\" data-id=\"7cee1b4\" data-element_type=\"widget\" data-widget_type=\"text-editor.default\">\n\t\t\t\t\t\t\t\t\t<p>L\u2019entreprise Jamones Basurde a \u00e9t\u00e9 fond\u00e9e en 1987 et s\u2019est constitu\u00e9e en soci\u00e9t\u00e9 commerciale sous le nom d\u2019Interham S.L. en 1992.<\/p>\t\t\t\t\t\t\t\t<\/div>\n\t\t\t\t\t<\/div>\n\t\t\t\t<\/div>\n\t\t<div class=\"elementor-element elementor-element-b6b032f e-grid e-con-full e-con e-parent\" data-id=\"b6b032f\" data-element_type=\"container\">\n\t\t<div class=\"elementor-element elementor-element-dfcc037 e-flex e-con-boxed e-con e-child\" data-id=\"dfcc037\" data-element_type=\"container\" data-settings=\"{&quot;background_background&quot;:&quot;classic&quot;}\">\n\t\t\t\t\t<div class=\"e-con-inner\">\n\t\t\t\t\t<\/div>\n\t\t\t\t<\/div>\n\t\t<div class=\"elementor-element elementor-element-5c09959 e-flex e-con-boxed e-con e-child\" data-id=\"5c09959\" data-element_type=\"container\" data-settings=\"{&quot;background_background&quot;:&quot;classic&quot;}\">\n\t\t\t\t\t<div class=\"e-con-inner\">\n\t\t\t\t\t<\/div>\n\t\t\t\t<\/div>\n\t\t\t\t<\/div>\n\t\t<div class=\"elementor-element elementor-element-7da1312 e-flex e-con-boxed e-con e-parent\" data-id=\"7da1312\" data-element_type=\"container\" data-settings=\"{&quot;background_background&quot;:&quot;classic&quot;}\">\n\t\t\t\t\t<div class=\"e-con-inner\">\n\t\t\t\t<div class=\"elementor-element elementor-element-c43f698 elementor-widget__width-initial elementor-widget-mobile__width-inherit elementor-position-top elementor-widget elementor-widget-image-box\" data-id=\"c43f698\" data-element_type=\"widget\" data-widget_type=\"image-box.default\">\n\t\t\t\t\t<div class=\"elementor-image-box-wrapper\"><figure class=\"elementor-image-box-img\"><a href=\"https:\/\/basurde.es\/fr\/jambon\/\" tabindex=\"-1\"><img fetchpriority=\"high\" decoding=\"async\" width=\"300\" height=\"300\" src=\"https:\/\/basurde.es\/wp-content\/uploads\/2017\/03\/jamones-basurde-1.png\" class=\"attachment-full size-full wp-image-1770\" alt=\"Jam\u00f3n\" srcset=\"https:\/\/basurde.es\/wp-content\/uploads\/2017\/03\/jamones-basurde-1.png 300w, https:\/\/basurde.es\/wp-content\/uploads\/2017\/03\/jamones-basurde-1-150x150.png 150w\" sizes=\"(max-width: 300px) 100vw, 300px\" \/><\/a><\/figure><div class=\"elementor-image-box-content\"><h2 class=\"elementor-image-box-title\"><a href=\"https:\/\/basurde.es\/fr\/jambon\/\">Jambons<\/a><\/h2><\/div><\/div>\t\t\t\t<\/div>\n\t\t\t\t<div class=\"elementor-element elementor-element-c6681f6 elementor-widget__width-initial elementor-widget-mobile__width-inherit elementor-position-top elementor-widget elementor-widget-image-box\" data-id=\"c6681f6\" data-element_type=\"widget\" data-widget_type=\"image-box.default\">\n\t\t\t\t\t<div class=\"elementor-image-box-wrapper\"><figure class=\"elementor-image-box-img\"><a href=\"https:\/\/basurde.es\/fr\/epaule\/\" tabindex=\"-1\"><img decoding=\"async\" width=\"300\" height=\"300\" src=\"https:\/\/basurde.es\/wp-content\/uploads\/2017\/03\/paleta-basurde.png\" class=\"attachment-full size-full wp-image-1768\" alt=\"Paleta\" srcset=\"https:\/\/basurde.es\/wp-content\/uploads\/2017\/03\/paleta-basurde.png 300w, https:\/\/basurde.es\/wp-content\/uploads\/2017\/03\/paleta-basurde-150x150.png 150w\" sizes=\"(max-width: 300px) 100vw, 300px\" \/><\/a><\/figure><div class=\"elementor-image-box-content\"><h2 class=\"elementor-image-box-title\"><a href=\"https:\/\/basurde.es\/fr\/epaule\/\">\u00c9paules<\/a><\/h2><\/div><\/div>\t\t\t\t<\/div>\n\t\t\t\t<div class=\"elementor-element elementor-element-fe3bdcb elementor-widget__width-initial elementor-widget-mobile__width-inherit elementor-position-top elementor-widget elementor-widget-image-box\" data-id=\"fe3bdcb\" data-element_type=\"widget\" data-widget_type=\"image-box.default\">\n\t\t\t\t\t<div class=\"elementor-image-box-wrapper\"><figure class=\"elementor-image-box-img\"><a href=\"https:\/\/basurde.es\/fr\/echine\/\" tabindex=\"-1\"><img decoding=\"async\" width=\"300\" height=\"300\" src=\"https:\/\/basurde.es\/wp-content\/uploads\/2017\/03\/lomo-basurde.png\" class=\"attachment-full size-full wp-image-1766\" alt=\"Lomo\" srcset=\"https:\/\/basurde.es\/wp-content\/uploads\/2017\/03\/lomo-basurde.png 300w, https:\/\/basurde.es\/wp-content\/uploads\/2017\/03\/lomo-basurde-150x150.png 150w\" sizes=\"(max-width: 300px) 100vw, 300px\" \/><\/a><\/figure><div class=\"elementor-image-box-content\"><h2 class=\"elementor-image-box-title\"><a href=\"https:\/\/basurde.es\/fr\/echine\/\">\u00c9chine<\/a><\/h2><\/div><\/div>\t\t\t\t<\/div>\n\t\t\t\t<div class=\"elementor-element elementor-element-5272332 elementor-widget elementor-widget-text-editor\" data-id=\"5272332\" data-element_type=\"widget\" data-widget_type=\"text-editor.default\">\n\t\t\t\t\t\t\t\t\t<p>Depuis le d\u00e9but, nous n\u2019avons eu qu\u2019une id\u00e9e en t\u00eate et un seul cap \u00e0 tenir : la qualit\u00e9 et le savoir-faire. C\u2019est pourquoi nous avons d\u00e9cid\u00e9 de fabriquer nos jambons et nos \u00e9paules en s\u00e9lectionnant les meilleurs abattoirs et la mati\u00e8re premi\u00e8re avec les crit\u00e8res que m\u00e9ritent nos clients (graisse, tailles et temps).<\/p><p>Nous fabriquons actuellement des jambons sous le label \u00ab Sp\u00e9cialit\u00e9 Traditionnelle Garantie Jambon Serrano \u00bb ; nous disposons des certifications n\u00e9cessaires pour les jambons et \u00e9paules ib\u00e9riques de porcs nourris avec du fourrage comme avec des glands et respectons scrupuleusement les exigences r\u00e9glementaires qui garantissent la qualit\u00e9 de ces produits.<\/p>\t\t\t\t\t\t\t\t<\/div>\n\t\t<div class=\"elementor-element elementor-element-e4c5508 e-con-full e-flex e-con e-child\" data-id=\"e4c5508\" data-element_type=\"container\">\n\t\t\t\t<div class=\"elementor-element elementor-element-f3f9de8 elementor-widget elementor-widget-image\" data-id=\"f3f9de8\" data-element_type=\"widget\" data-widget_type=\"image.default\">\n\t\t\t\t\t\t\t\t\t\t\t\t\t\t\t<img loading=\"lazy\" decoding=\"async\" width=\"801\" height=\"522\" src=\"https:\/\/basurde.es\/wp-content\/uploads\/2017\/03\/b2-1-produccion.jpg\" class=\"attachment-full size-full wp-image-1872\" alt=\"Sala de despiece de jamones\" srcset=\"https:\/\/basurde.es\/wp-content\/uploads\/2017\/03\/b2-1-produccion.jpg 801w, https:\/\/basurde.es\/wp-content\/uploads\/2017\/03\/b2-1-produccion-300x196.jpg 300w, https:\/\/basurde.es\/wp-content\/uploads\/2017\/03\/b2-1-produccion-768x500.jpg 768w\" sizes=\"(max-width: 801px) 100vw, 801px\" \/>\t\t\t\t\t\t\t\t\t\t\t\t\t\t\t<\/div>\n\t\t\t\t<div class=\"elementor-element elementor-element-e91a39f elementor-widget elementor-widget-text-editor\" data-id=\"e91a39f\" data-element_type=\"widget\" data-widget_type=\"text-editor.default\">\n\t\t\t\t\t\t\t\t\t<p>Rien de tout cela n\u2019aurait \u00e9t\u00e9 possible sans l\u2019\u00e9troite collaboration et le grand professionnalisme de tous nos salari\u00e9s dans les diff\u00e9rents domaines de notre activit\u00e9, combin\u00e9s \u00e0 un service rapide et efficace.<\/p>\t\t\t\t\t\t\t\t<\/div>\n\t\t\t\t<\/div>\n\t\t<div class=\"elementor-element elementor-element-3b84b84 e-con-full e-flex e-con e-child\" data-id=\"3b84b84\" data-element_type=\"container\">\n\t\t\t\t<div class=\"elementor-element elementor-element-d9a9ae1 elementor-widget elementor-widget-image\" data-id=\"d9a9ae1\" data-element_type=\"widget\" data-widget_type=\"image.default\">\n\t\t\t\t\t\t\t\t\t\t\t\t\t\t\t<img loading=\"lazy\" decoding=\"async\" width=\"800\" height=\"1200\" src=\"https:\/\/basurde.es\/wp-content\/uploads\/2017\/03\/b2-vert-prod.jpg\" class=\"attachment-full size-full wp-image-1906\" alt=\"Sala de deshuese de basurde\" srcset=\"https:\/\/basurde.es\/wp-content\/uploads\/2017\/03\/b2-vert-prod.jpg 800w, https:\/\/basurde.es\/wp-content\/uploads\/2017\/03\/b2-vert-prod-200x300.jpg 200w, https:\/\/basurde.es\/wp-content\/uploads\/2017\/03\/b2-vert-prod-768x1152.jpg 768w, https:\/\/basurde.es\/wp-content\/uploads\/2017\/03\/b2-vert-prod-683x1024.jpg 683w\" sizes=\"(max-width: 800px) 100vw, 800px\" \/>\t\t\t\t\t\t\t\t\t\t\t\t\t\t\t<\/div>\n\t\t\t\t<\/div>\n\t\t\t\t<div class=\"elementor-element elementor-element-7d229b3 elementor-widget elementor-widget-text-editor\" data-id=\"7d229b3\" data-element_type=\"widget\" data-widget_type=\"text-editor.default\">\n\t\t\t\t\t\t\t\t\t<p>Voil\u00e0 25 ans que nous nous consacrons \u00e0 cette activit\u00e9, une activit\u00e9 fond\u00e9e sur la tradition, l\u2019artisanat et la nature, et nous aimerions pouvoir accomplir 25 ans de plus avec ce m\u00eame savoir faire et ce m\u00eame s\u00e9rieux, mais avec une image renouvel\u00e9e et moderne, adapt\u00e9e aux nouveaux temps, si int\u00e9ressants, qui nous attendent s\u00fbrement.<\/p>\t\t\t\t\t\t\t\t<\/div>\n\t\t\t\t\t<\/div>\n\t\t\t\t<\/div>\n\t\t<div class=\"elementor-element elementor-element-d987d52 e-flex e-con-boxed e-con e-parent\" data-id=\"d987d52\" data-element_type=\"container\" data-settings=\"{&quot;background_background&quot;:&quot;classic&quot;}\">\n\t\t\t\t\t<div class=\"e-con-inner\">\n\t\t\t\t<div class=\"elementor-element elementor-element-aa9cbcd elementor-widget__width-initial elementor-widget elementor-widget-image\" data-id=\"aa9cbcd\" data-element_type=\"widget\" data-widget_type=\"image.default\">\n\t\t\t\t\t\t\t\t\t\t\t\t\t\t\t<img loading=\"lazy\" decoding=\"async\" width=\"234\" height=\"190\" src=\"https:\/\/basurde.es\/wp-content\/uploads\/2017\/03\/Certifood-b_n.jpg\" class=\"attachment-full size-full wp-image-1970\" alt=\"Certifood - Certificaci\u00f3n de producto agroalimentario\" \/>\t\t\t\t\t\t\t\t\t\t\t\t\t\t\t<\/div>\n\t\t\t\t<div class=\"elementor-element elementor-element-6a4d783 elementor-widget__width-initial elementor-widget elementor-widget-image\" data-id=\"6a4d783\" data-element_type=\"widget\" data-widget_type=\"image.default\">\n\t\t\t\t\t\t\t\t\t\t\t\t\t\t\t<img loading=\"lazy\" decoding=\"async\" width=\"600\" height=\"600\" src=\"https:\/\/basurde.es\/wp-content\/uploads\/2017\/03\/ETG.png\" class=\"attachment-full size-full wp-image-1956\" alt=\"Especialidad Tradicional Garantizada\" srcset=\"https:\/\/basurde.es\/wp-content\/uploads\/2017\/03\/ETG.png 600w, https:\/\/basurde.es\/wp-content\/uploads\/2017\/03\/ETG-150x150.png 150w, https:\/\/basurde.es\/wp-content\/uploads\/2017\/03\/ETG-300x300.png 300w\" sizes=\"(max-width: 600px) 100vw, 600px\" \/>\t\t\t\t\t\t\t\t\t\t\t\t\t\t\t<\/div>\n\t\t\t\t<div class=\"elementor-element elementor-element-8e7cde9 elementor-widget__width-inherit elementor-widget-divider--view-line elementor-widget elementor-widget-divider\" data-id=\"8e7cde9\" data-element_type=\"widget\" data-widget_type=\"divider.default\">\n\t\t\t\t\t\t\t<div class=\"elementor-divider\">\n\t\t\t<span class=\"elementor-divider-separator\">\n\t\t\t\t\t\t<\/span>\n\t\t<\/div>\n\t\t\t\t\t\t<\/div>\n\t\t\t\t<div class=\"elementor-element elementor-element-e3e3f80 elementor-widget elementor-widget-button\" data-id=\"e3e3f80\" data-element_type=\"widget\" data-widget_type=\"button.default\">\n\t\t\t\t\t\t\t\t\t\t<a class=\"elementor-button elementor-button-link elementor-size-sm\" href=\"https:\/\/basurde.es\/fr\/certifications\/\">\n\t\t\t\t\t\t<span class=\"elementor-button-content-wrapper\">\n\t\t\t\t\t\t\t\t\t<span class=\"elementor-button-text\">Voir Certificartions<\/span>\n\t\t\t\t\t<\/span>\n\t\t\t\t\t<\/a>\n\t\t\t\t\t\t\t\t<\/div>\n\t\t\t\t\t<\/div>\n\t\t\t\t<\/div>\n\t\t\t\t<\/div>\n\t\t","protected":false},"excerpt":{"rendered":"<p>L\u2019entreprise Jamones Basurde a \u00e9t\u00e9 fond\u00e9e en 1987 et s\u2019est constitu\u00e9e en soci\u00e9t\u00e9 commerciale sous le nom d\u2019Interham S.L. en 1992. Jambons \u00c9paules \u00c9chine Depuis le d\u00e9but, nous n\u2019avons eu qu\u2019une id\u00e9e en t\u00eate et un seul cap \u00e0 tenir : la qualit\u00e9 et le savoir-faire. C\u2019est pourquoi nous avons d\u00e9cid\u00e9 de fabriquer nos jambons [&hellip;]<\/p>\n","protected":false},"author":1,"featured_media":0,"parent":0,"menu_order":0,"comment_status":"closed","ping_status":"closed","template":"","meta":{"footnotes":""},"class_list":["post-1385","page","type-page","status-publish","hentry"],"_links":{"self":[{"href":"https:\/\/basurde.es\/fr\/wp-json\/wp\/v2\/pages\/1385","targetHints":{"allow":["GET"]}}],"collection":[{"href":"https:\/\/basurde.es\/fr\/wp-json\/wp\/v2\/pages"}],"about":[{"href":"https:\/\/basurde.es\/fr\/wp-json\/wp\/v2\/types\/page"}],"author":[{"embeddable":true,"href":"https:\/\/basurde.es\/fr\/wp-json\/wp\/v2\/users\/1"}],"replies":[{"embeddable":true,"href":"https:\/\/basurde.es\/fr\/wp-json\/wp\/v2\/comments?post=1385"}],"version-history":[{"count":22,"href":"https:\/\/basurde.es\/fr\/wp-json\/wp\/v2\/pages\/1385\/revisions"}],"predecessor-version":[{"id":41494,"href":"https:\/\/basurde.es\/fr\/wp-json\/wp\/v2\/pages\/1385\/revisions\/41494"}],"wp:attachment":[{"href":"https:\/\/basurde.es\/fr\/wp-json\/wp\/v2\/media?parent=1385"}],"curies":[{"name":"wp","href":"https:\/\/api.w.org\/{rel}","templated":true}]}}