{"id":1362,"date":"2017-03-06T11:08:43","date_gmt":"2017-03-06T11:08:43","guid":{"rendered":"http:\/\/basurde.es\/certificados\/"},"modified":"2025-12-10T07:32:28","modified_gmt":"2025-12-10T07:32:28","slug":"certifications","status":"publish","type":"page","link":"https:\/\/basurde.es\/fr\/certifications\/","title":{"rendered":"Certifications"},"content":{"rendered":"\t\t<div data-elementor-type=\"wp-page\" data-elementor-id=\"1362\" class=\"elementor elementor-1362 elementor-695\" data-elementor-post-type=\"page\">\n\t\t\t\t<div class=\"elementor-element elementor-element-6de173a e-flex e-con-boxed e-con e-parent\" data-id=\"6de173a\" data-element_type=\"container\" data-settings=\"{&quot;background_background&quot;:&quot;classic&quot;}\">\n\t\t\t\t\t<div class=\"e-con-inner\">\n\t\t\t\t\t<\/div>\n\t\t\t\t<\/div>\n\t\t<div class=\"elementor-element elementor-element-f546769 e-flex e-con-boxed e-con e-parent\" data-id=\"f546769\" data-element_type=\"container\" data-settings=\"{&quot;background_background&quot;:&quot;classic&quot;}\">\n\t\t\t\t\t<div class=\"e-con-inner\">\n\t\t\t\t<div class=\"elementor-element elementor-element-1b9e9fd elementor-widget elementor-widget-text-editor\" data-id=\"1b9e9fd\" data-element_type=\"widget\" data-widget_type=\"text-editor.default\">\n\t\t\t\t\t\t\t\t\t<p>Jamones Basurde dispose du label \u00ab Sp\u00e9cialit\u00e9 Traditionnelle Garantie Jambon Serrano \u00bb et du \u00ab Certificat de Produits Ib\u00e9riques \u00bb, qui garantissent sa conformit\u00e9 aux exigences de la r\u00e9glementation \u00e0 laquelle est actuellement soumis ce type de produit.<\/p>\t\t\t\t\t\t\t\t<\/div>\n\t\t\t\t\t<\/div>\n\t\t\t\t<\/div>\n\t\t<div class=\"elementor-element elementor-element-ac8cfbb e-flex e-con-boxed e-con e-parent\" data-id=\"ac8cfbb\" data-element_type=\"container\" data-settings=\"{&quot;background_background&quot;:&quot;classic&quot;}\">\n\t\t\t\t\t<div class=\"e-con-inner\">\n\t\t\t\t<div class=\"elementor-element elementor-element-8e4df70 elementor-widget__width-initial elementor-widget elementor-widget-image\" data-id=\"8e4df70\" data-element_type=\"widget\" data-widget_type=\"image.default\">\n\t\t\t\t\t\t\t\t\t\t\t\t\t\t\t<img fetchpriority=\"high\" decoding=\"async\" width=\"300\" height=\"199\" src=\"https:\/\/basurde.es\/wp-content\/uploads\/2025\/12\/IFS-FOOD.png\" class=\"attachment-full size-full wp-image-41578\" alt=\"\" \/>\t\t\t\t\t\t\t\t\t\t\t\t\t\t\t<\/div>\n\t\t\t\t<div class=\"elementor-element elementor-element-b9f8b73 elementor-widget__width-inherit elementor-widget-divider--view-line elementor-widget elementor-widget-divider\" data-id=\"b9f8b73\" data-element_type=\"widget\" data-widget_type=\"divider.default\">\n\t\t\t\t\t\t\t<div class=\"elementor-divider\">\n\t\t\t<span class=\"elementor-divider-separator\">\n\t\t\t\t\t\t<\/span>\n\t\t<\/div>\n\t\t\t\t\t\t<\/div>\n\t\t\t\t<div class=\"elementor-element elementor-element-e46c99a elementor-widget__width-inherit elementor-widget elementor-widget-heading\" data-id=\"e46c99a\" data-element_type=\"widget\" data-widget_type=\"heading.default\">\n\t\t\t\t\t<span class=\"elementor-heading-title elementor-size-default\">CERTIFICAT IFS FOOD<\/span>\t\t\t\t<\/div>\n\t\t\t\t<div class=\"elementor-element elementor-element-fd9a634 elementor-widget__width-inherit elementor-widget-divider--view-line elementor-widget elementor-widget-divider\" data-id=\"fd9a634\" data-element_type=\"widget\" data-widget_type=\"divider.default\">\n\t\t\t\t\t\t\t<div class=\"elementor-divider\">\n\t\t\t<span class=\"elementor-divider-separator\">\n\t\t\t\t\t\t<\/span>\n\t\t<\/div>\n\t\t\t\t\t\t<\/div>\n\t\t\t\t<div class=\"elementor-element elementor-element-e93e93e elementor-widget elementor-widget-text-editor\" data-id=\"e93e93e\" data-element_type=\"widget\" data-widget_type=\"text-editor.default\">\n\t\t\t\t\t\t\t\t\t<p>Notre entreprise est certifi\u00e9e IFS Food, une norme internationale qui garantit la s\u00e9curit\u00e9, la qualit\u00e9 et la conformit\u00e9 de nos processus de production alimentaire. Cette reconnaissance t\u00e9moigne de notre engagement envers l&rsquo;am\u00e9lioration continue, la tra\u00e7abilit\u00e9 et le respect des normes les plus exigeantes du secteur, nous permettant ainsi d&rsquo;offrir \u00e0 nos clients des produits fiables et de qualit\u00e9 sup\u00e9rieure.<\/p>\t\t\t\t\t\t\t\t<\/div>\n\t\t\t\t<div class=\"elementor-element elementor-element-09c99c3 elementor-widget elementor-widget-button\" data-id=\"09c99c3\" data-element_type=\"widget\" data-widget_type=\"button.default\">\n\t\t\t\t\t\t\t\t\t\t<a class=\"elementor-button elementor-button-link elementor-size-sm\" href=\"#elementor-action%3Aaction%3Dpopup%3Aopen%26settings%3DeyJpZCI6NDE2MjYsInRvZ2dsZSI6ZmFsc2V9\">\n\t\t\t\t\t\t<span class=\"elementor-button-content-wrapper\">\n\t\t\t\t\t\t\t\t\t<span class=\"elementor-button-text\">Ver Certificado IFS<\/span>\n\t\t\t\t\t<\/span>\n\t\t\t\t\t<\/a>\n\t\t\t\t\t\t\t\t<\/div>\n\t\t\t\t\t<\/div>\n\t\t\t\t<\/div>\n\t\t<div class=\"elementor-element elementor-element-9644f4f e-flex e-con-boxed e-con e-parent\" data-id=\"9644f4f\" data-element_type=\"container\">\n\t\t\t\t\t<div class=\"e-con-inner\">\n\t\t\t\t<div class=\"elementor-element elementor-element-243f95c elementor-widget__width-initial elementor-widget elementor-widget-image\" data-id=\"243f95c\" data-element_type=\"widget\" data-widget_type=\"image.default\">\n\t\t\t\t\t\t\t\t\t\t\t\t\t\t\t<img decoding=\"async\" width=\"600\" height=\"600\" src=\"https:\/\/basurde.es\/wp-content\/uploads\/2017\/03\/ETG.png\" class=\"attachment-full size-full wp-image-1956\" alt=\"Especialidad Tradicional Garantizada\" srcset=\"https:\/\/basurde.es\/wp-content\/uploads\/2017\/03\/ETG.png 600w, https:\/\/basurde.es\/wp-content\/uploads\/2017\/03\/ETG-150x150.png 150w, https:\/\/basurde.es\/wp-content\/uploads\/2017\/03\/ETG-300x300.png 300w\" sizes=\"(max-width: 600px) 100vw, 600px\" \/>\t\t\t\t\t\t\t\t\t\t\t\t\t\t\t<\/div>\n\t\t\t\t<div class=\"elementor-element elementor-element-07618f6 elementor-widget__width-initial elementor-widget elementor-widget-image\" data-id=\"07618f6\" data-element_type=\"widget\" data-widget_type=\"image.default\">\n\t\t\t\t\t\t\t\t\t\t\t\t\t\t\t<img decoding=\"async\" width=\"234\" height=\"190\" src=\"https:\/\/basurde.es\/wp-content\/uploads\/2017\/03\/Certifood-b_n.jpg\" class=\"attachment-full size-full wp-image-1970\" alt=\"Certifood - Certificaci\u00f3n de producto agroalimentario\" \/>\t\t\t\t\t\t\t\t\t\t\t\t\t\t\t<\/div>\n\t\t\t\t<div class=\"elementor-element elementor-element-3280502 elementor-widget__width-inherit elementor-widget-divider--view-line elementor-widget elementor-widget-divider\" data-id=\"3280502\" data-element_type=\"widget\" data-widget_type=\"divider.default\">\n\t\t\t\t\t\t\t<div class=\"elementor-divider\">\n\t\t\t<span class=\"elementor-divider-separator\">\n\t\t\t\t\t\t<\/span>\n\t\t<\/div>\n\t\t\t\t\t\t<\/div>\n\t\t\t\t<div class=\"elementor-element elementor-element-70a3ce8 elementor-widget__width-inherit elementor-widget elementor-widget-heading\" data-id=\"70a3ce8\" data-element_type=\"widget\" data-widget_type=\"heading.default\">\n\t\t\t\t\t<span class=\"elementor-heading-title elementor-size-default\">LABEL \u00ab SP\u00c9CIALIT\u00c9 TRADITIONNELLE GARANTIE \u2013 JAMBON SERRANO \u00bb<\/span>\t\t\t\t<\/div>\n\t\t\t\t<div class=\"elementor-element elementor-element-eb287f5 elementor-widget__width-inherit elementor-widget-divider--view-line elementor-widget elementor-widget-divider\" data-id=\"eb287f5\" data-element_type=\"widget\" data-widget_type=\"divider.default\">\n\t\t\t\t\t\t\t<div class=\"elementor-divider\">\n\t\t\t<span class=\"elementor-divider-separator\">\n\t\t\t\t\t\t<\/span>\n\t\t<\/div>\n\t\t\t\t\t\t<\/div>\n\t\t\t\t<div class=\"elementor-element elementor-element-6d41b1e elementor-widget elementor-widget-text-editor\" data-id=\"6d41b1e\" data-element_type=\"widget\" data-widget_type=\"text-editor.default\">\n\t\t\t\t\t\t\t\t\t<p>La meilleure qualit\u00e9 figure parmi nos principaux engagements vis-\u00e0-vis de nos clients et nous a permis d\u2019obtenir le label \u00ab Sp\u00e9cialit\u00e9 Traditionnelle Garantie \u00bb pour le jambon Serrano qui garantit sans l\u2019ombre d\u2019un doute la qualit\u00e9 de nos jambons.<br \/>La concession du label ETG Jambon Serrano assure une composition et une production traditionnelles et donc une reconnaissance de qualit\u00e9 qui vient valider les propri\u00e9t\u00e9s sp\u00e9ciales du produit.<\/p>\t\t\t\t\t\t\t\t<\/div>\n\t\t\t\t<div class=\"elementor-element elementor-element-cc78529 elementor-widget elementor-widget-button\" data-id=\"cc78529\" data-element_type=\"widget\" data-widget_type=\"button.default\">\n\t\t\t\t\t\t\t\t\t\t<a class=\"elementor-button elementor-button-link elementor-size-sm\" href=\"https:\/\/basurde.es\/wp-content\/uploads\/2025\/12\/CERTIFICADO-SERRANO-ETG-10-02-2026.pdf\">\n\t\t\t\t\t\t<span class=\"elementor-button-content-wrapper\">\n\t\t\t\t\t\t\t\t\t<span class=\"elementor-button-text\">CERTIFICAT ETG<\/span>\n\t\t\t\t\t<\/span>\n\t\t\t\t\t<\/a>\n\t\t\t\t\t\t\t\t<\/div>\n\t\t\t\t\t<\/div>\n\t\t\t\t<\/div>\n\t\t<div class=\"elementor-element elementor-element-e0e87f1 e-flex e-con-boxed e-con e-parent\" data-id=\"e0e87f1\" data-element_type=\"container\" data-settings=\"{&quot;background_background&quot;:&quot;classic&quot;}\">\n\t\t\t\t\t<div class=\"e-con-inner\">\n\t\t\t\t<div class=\"elementor-element elementor-element-2a2f3b1 elementor-widget elementor-widget-image\" data-id=\"2a2f3b1\" data-element_type=\"widget\" data-widget_type=\"image.default\">\n\t\t\t\t\t\t\t\t\t\t\t\t\t\t\t<img decoding=\"async\" width=\"234\" height=\"190\" src=\"https:\/\/basurde.es\/wp-content\/uploads\/2017\/03\/Certifood-b_n.jpg\" class=\"attachment-full size-full wp-image-1970\" alt=\"Certifood - Certificaci\u00f3n de producto agroalimentario\" \/>\t\t\t\t\t\t\t\t\t\t\t\t\t\t\t<\/div>\n\t\t\t\t<div class=\"elementor-element elementor-element-65f2595 elementor-widget__width-inherit elementor-widget-divider--view-line elementor-widget elementor-widget-divider\" data-id=\"65f2595\" data-element_type=\"widget\" data-widget_type=\"divider.default\">\n\t\t\t\t\t\t\t<div class=\"elementor-divider\">\n\t\t\t<span class=\"elementor-divider-separator\">\n\t\t\t\t\t\t<\/span>\n\t\t<\/div>\n\t\t\t\t\t\t<\/div>\n\t\t\t\t<div class=\"elementor-element elementor-element-a7e43fd elementor-widget__width-inherit elementor-widget elementor-widget-heading\" data-id=\"a7e43fd\" data-element_type=\"widget\" data-widget_type=\"heading.default\">\n\t\t\t\t\t<span class=\"elementor-heading-title elementor-size-default\">CERTIFICAT DE PRODUITS IB\u00c9RIQUES<\/span>\t\t\t\t<\/div>\n\t\t\t\t<div class=\"elementor-element elementor-element-5acaa93 elementor-widget__width-inherit elementor-widget-divider--view-line elementor-widget elementor-widget-divider\" data-id=\"5acaa93\" data-element_type=\"widget\" data-widget_type=\"divider.default\">\n\t\t\t\t\t\t\t<div class=\"elementor-divider\">\n\t\t\t<span class=\"elementor-divider-separator\">\n\t\t\t\t\t\t<\/span>\n\t\t<\/div>\n\t\t\t\t\t\t<\/div>\n\t\t\t\t<div class=\"elementor-element elementor-element-252c71b elementor-widget elementor-widget-text-editor\" data-id=\"252c71b\" data-element_type=\"widget\" data-widget_type=\"text-editor.default\">\n\t\t\t\t\t\t\t\t\t<p>La marque Basurde est certifi\u00e9e par la norme relative aux produits ib\u00e9riques, suivant D\u00e9cret Royal 04\/2014 du 10 janvier, qui approuve la norme de qualit\u00e9 pour la viande, le jambon, l\u2019\u00e9paule et l\u2019\u00e9chine de porc ib\u00e9rique.<br \/>Les pi\u00e8ces ib\u00e9riques certifi\u00e9es satisfont \u00e0 des exigences \u00e9tablies par la norme dans toutes les phases de production et se voient donc reconnues des propri\u00e9t\u00e9s de qualit\u00e9 sp\u00e9cifiques que le client final peut parfaitement reconna\u00eetre dans le produit qu\u2019il consomme.<\/p>\t\t\t\t\t\t\t\t<\/div>\n\t\t\t\t<div class=\"elementor-element elementor-element-1a661bf elementor-widget elementor-widget-button\" data-id=\"1a661bf\" data-element_type=\"widget\" data-widget_type=\"button.default\">\n\t\t\t\t\t\t\t\t\t\t<a class=\"elementor-button elementor-button-link elementor-size-sm\" href=\"https:\/\/basurde.es\/wp-content\/uploads\/2025\/12\/CERTIFICADO-IBERICOS-GROUPE-10-02-2026.pdf\">\n\t\t\t\t\t\t<span class=\"elementor-button-content-wrapper\">\n\t\t\t\t\t\t\t\t\t<span class=\"elementor-button-text\">CERTIFICAT<\/span>\n\t\t\t\t\t<\/span>\n\t\t\t\t\t<\/a>\n\t\t\t\t\t\t\t\t<\/div>\n\t\t\t\t\t<\/div>\n\t\t\t\t<\/div>\n\t\t\t\t<\/div>\n\t\t","protected":false},"excerpt":{"rendered":"<p>Jamones Basurde dispose du label \u00ab Sp\u00e9cialit\u00e9 Traditionnelle Garantie Jambon Serrano \u00bb et du \u00ab Certificat de Produits Ib\u00e9riques \u00bb, qui garantissent sa conformit\u00e9 aux exigences de la r\u00e9glementation \u00e0 laquelle est actuellement soumis ce type de produit. CERTIFICAT IFS FOOD Notre entreprise est certifi\u00e9e IFS Food, une norme internationale qui garantit la s\u00e9curit\u00e9, la [&hellip;]<\/p>\n","protected":false},"author":1,"featured_media":0,"parent":0,"menu_order":0,"comment_status":"closed","ping_status":"closed","template":"","meta":{"footnotes":""},"class_list":["post-1362","page","type-page","status-publish","hentry"],"_links":{"self":[{"href":"https:\/\/basurde.es\/fr\/wp-json\/wp\/v2\/pages\/1362","targetHints":{"allow":["GET"]}}],"collection":[{"href":"https:\/\/basurde.es\/fr\/wp-json\/wp\/v2\/pages"}],"about":[{"href":"https:\/\/basurde.es\/fr\/wp-json\/wp\/v2\/types\/page"}],"author":[{"embeddable":true,"href":"https:\/\/basurde.es\/fr\/wp-json\/wp\/v2\/users\/1"}],"replies":[{"embeddable":true,"href":"https:\/\/basurde.es\/fr\/wp-json\/wp\/v2\/comments?post=1362"}],"version-history":[{"count":25,"href":"https:\/\/basurde.es\/fr\/wp-json\/wp\/v2\/pages\/1362\/revisions"}],"predecessor-version":[{"id":41665,"href":"https:\/\/basurde.es\/fr\/wp-json\/wp\/v2\/pages\/1362\/revisions\/41665"}],"wp:attachment":[{"href":"https:\/\/basurde.es\/fr\/wp-json\/wp\/v2\/media?parent=1362"}],"curies":[{"name":"wp","href":"https:\/\/api.w.org\/{rel}","templated":true}]}}