{"id":1358,"date":"2017-04-07T08:36:58","date_gmt":"2017-04-07T08:36:58","guid":{"rendered":"http:\/\/basurde.es\/legal-notice\/"},"modified":"2025-12-02T09:09:13","modified_gmt":"2025-12-02T09:09:13","slug":"mentions-legales","status":"publish","type":"page","link":"https:\/\/basurde.es\/fr\/mentions-legales\/","title":{"rendered":"Mentions L\u00e9gales"},"content":{"rendered":"\t\t<div data-elementor-type=\"wp-page\" data-elementor-id=\"1358\" class=\"elementor elementor-1358 elementor-1211\" data-elementor-post-type=\"page\">\n\t\t\t\t<div class=\"elementor-element elementor-element-08aac96 e-flex e-con-boxed e-con e-parent\" data-id=\"08aac96\" data-element_type=\"container\" data-settings=\"{&quot;background_background&quot;:&quot;classic&quot;}\">\n\t\t\t\t\t<div class=\"e-con-inner\">\n\t\t\t\t<div class=\"elementor-element elementor-element-e39bccc elementor-widget elementor-widget-heading\" data-id=\"e39bccc\" data-element_type=\"widget\" data-widget_type=\"heading.default\">\n\t\t\t\t\t<h1 class=\"elementor-heading-title elementor-size-default\">Mentions L\u00e9gales\n<\/h1>\t\t\t\t<\/div>\n\t\t\t\t<div class=\"elementor-element elementor-element-6a3f050 elementor-widget elementor-widget-text-editor\" data-id=\"6a3f050\" data-element_type=\"widget\" data-widget_type=\"text-editor.default\">\n\t\t\t\t\t\t\t\t\t<p>L\u2019entreprise propri\u00e9taire du site Internet www.basurde.es est GROUPE INTERHAM , S.L., dont le si\u00e8ge social est situ\u00e9 \u00e0 Calle Paduleta n\u00ba19, 01015 Vitoria (Espagne), titulaire du Code d\u2019Identification Fiscale : B-01119387, t\u00e9l\u00e9phone +34 945 29 02 80. Courrier \u00e9lectronique interham@interham.es<\/p><p>Propri\u00e9t\u00e9 Industrielle et Intellectuelle<\/p><p>La reproduction, distribution, diffusion publique et transformation totale ou partielle des contenus du site Internet sans l\u2019autorisation expresse d\u2019GROUPE INTERHAM , S.L. sont interdites et constituent une infraction \u00e0 la l\u00e9gislation en vigueur en mati\u00e8re de propri\u00e9t\u00e9 industrielle et intellectuelle.<\/p><p>De m\u00eame, tous les noms commerciaux, designs, contenus, marques, images ou signes distinctifs de quelque type que ce soit contenus sur le site Internet sont prot\u00e9g\u00e9s par la loi. L\u2019utilisateur acc\u00e8dera aux services du site Internet en respectant ces droits et n\u2019acquerra aucun droit, \u00e0 aucun moment, sur ces services.<\/p><p>Contenus et liens<\/p><p>L\u2019utilisateur peut visualiser tous les \u00e9l\u00e9ments, les imprimer, les copier et les stocker sur le disque dur de son ordinateur, ou sur tout autre support physique, \u00e0 condition que ce soit uniquement et exclusivement \u00e0 des fins personnelles et priv\u00e9es, leur utilisation \u00e0 des fins commerciales, leur distribution, ainsi que leur modification, alt\u00e9ration ou d\u00e9compilation \u00e9tant par cons\u00e9quent formellement interdites. GROUPE INTERHAM , S.L. se r\u00e9serve le droit d\u2019effectuer sans avis pr\u00e9alable les modifications qu\u2019elle jugerait opportunes sur son site Internet, autrement dit changer, supprimer ou ajouter \u00e0 la fois des contenus et des services et la forme sous laquelle ils sont pr\u00e9sent\u00e9s ou localis\u00e9s.<\/p><p>GROUPE INTERHAM , S.L. ne sera pas tenue pour responsable de la mauvaise utilisation des contenus de son site Internet, le seul responsable \u00e9tant la personne qui y acc\u00e8de ou qui les utilise.<\/p><p>Elle n\u2019assumera aucune responsabilit\u00e9 non plus \u00e0 l\u2019\u00e9gard de l\u2019information contenue sur des pages web de tiers accessibles \u00e0 travers des liens figurant sur le site www. basurde.es<\/p><p>Cookies<\/p><p>Le site Internet www.basurde.es utilise des cookies pour personnaliser les contenus du site afin d\u2019am\u00e9liorer l\u2019exp\u00e9rience de l\u2019utilisateur. Un cookie est un fichier texte install\u00e9 sur le disque dur de l\u2019ordinateur de l\u2019utilisateur qui permet de conna\u00eetre le type de navigateur ou le syst\u00e8me d\u2019exploitation utilis\u00e9, ainsi que les int\u00e9r\u00eats et les pr\u00e9f\u00e9rences de l\u2019utilisateur.<\/p><p>L\u2019utilisateur peut configurer son ordinateur de mani\u00e8re \u00e0 \u00e9liminer les cookies de son disque dur ou \u00e0 \u00eatre averti avant leur installation.<\/p><p>Confidentialit\u00e9 \/ Protection des donn\u00e9es \u00e0 caract\u00e8re personnel<\/p><p>GROUPE INTERHAM , S.L. garantit la plus stricte confidentialit\u00e9 \u00e0 l\u2019\u00e9gard de la collecte et du traitement des donn\u00e9es fournies par ses utilisateurs \u00e0 travers Internet ou tout autre support. Ces donn\u00e9es seront trait\u00e9es conform\u00e9ment aux dispositions de la Loi Organique 15\/1999 du 13 d\u00e9cembre relative \u00e0 la Protection des Donn\u00e9es \u00e0 Caract\u00e8re Personnel (dor\u00e9navant LOPD) et autres normes applicables en mati\u00e8re de protection des donn\u00e9es \u00e0 caract\u00e8re personnel.<\/p><p>En vertu des dispositions de la Loi Organique 15\/1999, du 13 d\u00e9cembre, relative \u00e0 la Protection des Donn\u00e9es \u00e0 Caract\u00e8re Personnel, et aux normes la d\u00e9veloppant, GROUPE INTERHAM , S.L. informe les utilisateurs du site Internet www.basurde.es que toutes les donn\u00e9es personnelles qui y sont collect\u00e9es seront stock\u00e9es dans un fichier de donn\u00e9es \u00e0 caract\u00e8re personnelle appartenant \u00e0 GROUPE INTERHAM, S.L.<\/p><p>La collecte et le stockage des donn\u00e9es personnelles ont pour fin de r\u00e9pondre \u00e0 la question pos\u00e9e dans le formulaire par l\u2019utilisateur et de lui envoyer l\u2019information demand\u00e9e.<\/p><p>GROUPE INTERHAM , S.L. a implant\u00e9 toutes les mesures de s\u00e9curit\u00e9 exig\u00e9es par le D\u00e9cret Royal 1720\/2007 afin de garantir la confidentialit\u00e9 absolue du stockage et du traitement des donn\u00e9es personnelles, ainsi que pour \u00e9viter l\u2019acc\u00e8s non autoris\u00e9 de tiers.<\/p><p>L\u2019utilisateur pourra exercer ses droits d\u2019acc\u00e8s, modification, annulation et opposition au traitement de ses donn\u00e9es personnelles \u00e0 tout moment et gratuitement en envoyant un courrier \u00e9lectronique \u00e0 interham@interham.es ou un courrier postal \u00e0 l\u2019adresse : calle paduleta n\u00ba19, 01015 Vitoria (Espagne).<\/p>\t\t\t\t\t\t\t\t<\/div>\n\t\t\t\t\t<\/div>\n\t\t\t\t<\/div>\n\t\t\t\t<\/div>\n\t\t","protected":false},"excerpt":{"rendered":"<p>Mentions L\u00e9gales L\u2019entreprise propri\u00e9taire du site Internet www.basurde.es est GROUPE INTERHAM , S.L., dont le si\u00e8ge social est situ\u00e9 \u00e0 Calle Paduleta n\u00ba19, 01015 Vitoria (Espagne), titulaire du Code d\u2019Identification Fiscale : B-01119387, t\u00e9l\u00e9phone +34 945 29 02 80. Courrier \u00e9lectronique interham@interham.es Propri\u00e9t\u00e9 Industrielle et Intellectuelle La reproduction, distribution, diffusion publique et transformation totale ou [&hellip;]<\/p>\n","protected":false},"author":1,"featured_media":0,"parent":0,"menu_order":0,"comment_status":"closed","ping_status":"closed","template":"","meta":{"footnotes":""},"class_list":["post-1358","page","type-page","status-publish","hentry"],"_links":{"self":[{"href":"https:\/\/basurde.es\/fr\/wp-json\/wp\/v2\/pages\/1358","targetHints":{"allow":["GET"]}}],"collection":[{"href":"https:\/\/basurde.es\/fr\/wp-json\/wp\/v2\/pages"}],"about":[{"href":"https:\/\/basurde.es\/fr\/wp-json\/wp\/v2\/types\/page"}],"author":[{"embeddable":true,"href":"https:\/\/basurde.es\/fr\/wp-json\/wp\/v2\/users\/1"}],"replies":[{"embeddable":true,"href":"https:\/\/basurde.es\/fr\/wp-json\/wp\/v2\/comments?post=1358"}],"version-history":[{"count":14,"href":"https:\/\/basurde.es\/fr\/wp-json\/wp\/v2\/pages\/1358\/revisions"}],"predecessor-version":[{"id":41573,"href":"https:\/\/basurde.es\/fr\/wp-json\/wp\/v2\/pages\/1358\/revisions\/41573"}],"wp:attachment":[{"href":"https:\/\/basurde.es\/fr\/wp-json\/wp\/v2\/media?parent=1358"}],"curies":[{"name":"wp","href":"https:\/\/api.w.org\/{rel}","templated":true}]}}